{"id":50327,"date":"2017-12-17T12:05:56","date_gmt":"2017-12-17T11:05:56","guid":{"rendered":"http:\/\/msdesignstudio.eu\/moje-konto\/"},"modified":"2021-12-06T10:38:53","modified_gmt":"2021-12-06T09:38:53","slug":"moje-konto","status":"publish","type":"page","link":"https:\/\/msdesignstudio.eu\/en_gb\/moje-konto\/","title":{"rendered":"My Account"},"content":{"rendered":"<p>[et_pb_section fb_built=&#8221;1&#8243; _builder_version=&#8221;4.5.7&#8243; background_enable_color=&#8221;off&#8221; custom_margin=&#8221;-30px||||false|false&#8221;][et_pb_row _builder_version=&#8221;3.25&#8243; background_size=&#8221;initial&#8221; background_position=&#8221;top_left&#8221; background_repeat=&#8221;repeat&#8221;][et_pb_column type=&#8221;4_4&#8243; _builder_version=&#8221;3.25&#8243; custom_padding=&#8221;|||&#8221; custom_padding__hover=&#8221;|||&#8221;][et_pb_text _builder_version=&#8221;3.27.4&#8243;]<div class=\"woocommerce\"><\/div><br \/>\n[\/et_pb_text][\/et_pb_column][\/et_pb_row][\/et_pb_section][et_pb_section fb_built=&#8221;1&#8243; admin_label=&#8221;Join Newsletter Section&#8221; _builder_version=&#8221;4.6.3&#8243; background_enable_color=&#8221;off&#8221; custom_padding=&#8221;54px|0px|109px|0px&#8221; locked=&#8221;off&#8221;][et_pb_row column_structure=&#8221;1_2,1_2&#8243; use_custom_gutter=&#8221;on&#8221; gutter_width=&#8221;1&#8243; _builder_version=&#8221;4.6.3&#8243; background_position=&#8221;top_left&#8221; background_repeat=&#8221;repeat&#8221; max_width=&#8221;1280px&#8221; custom_margin=&#8221;|||&#8221; custom_padding=&#8221;|||&#8221; animation_style=&#8221;fold&#8221; animation_intensity_fold=&#8221;15%&#8221; border_width_all=&#8221;1px&#8221; border_color_all=&#8221;#000000&#8243; use_custom_width=&#8221;on&#8221; custom_width_px=&#8221;1280px&#8221; locked=&#8221;off&#8221;][et_pb_column type=&#8221;1_2&#8243; _builder_version=&#8221;3.25&#8243; custom_padding=&#8221;5%|5%|5%|5%&#8221; custom_padding__hover=&#8221;|||&#8221;][et_pb_text _builder_version=&#8221;4.9.10&#8243; header_font=&#8221;||||||||&#8221; header_line_height=&#8221;1.5em&#8221; hover_enabled=&#8221;0&#8243; inline_fonts=&#8221;Playfair Display&#8221; sticky_enabled=&#8221;0&#8243;]<\/p>\n<h1><span style=\"font-size: 35px;\"><strong><span style=\"font-family: 'Playfair Display';\">Chcesz jako pierwszy wiedzie\u0107 o nowo\u015bciach\u00a0i promocjach?<\/span><\/strong><\/span><\/h1>\n<p><span style=\"font-size: 14px;\">Zapisz si\u0119 do naszego newslettera.<\/span><\/p>\n<p>Obiecujemy nie spamowa\u0107 i nie udost\u0119pnia\u0107 twojego adresu, poniewa\u017c sami tego nie lubimy.[\/et_pb_text][\/et_pb_column][et_pb_column type=&#8221;1_2&#8243; _builder_version=&#8221;3.25&#8243; background_size=&#8221;contain&#8221; background_position=&#8221;center_left&#8221; custom_padding=&#8221;|||&#8221; custom_padding__hover=&#8221;|||&#8221;][et_pb_contact_form success_message=&#8221;Dzi\u0119kujemy za zapis &#8221; submit_button_text=&#8221;SUBSKRYBUJ&#8221; module_id=&#8221;et_pb_contact_form_0&#8243; _builder_version=&#8221;3.0.91&#8243; custom_button=&#8221;on&#8221; button_text_color=&#8221;#f7c81d&#8221; button_bg_color=&#8221;#878787&#8243; button_letter_spacing=&#8221;2px&#8221; button_font=&#8221;Playfair Display||||||||&#8221; custom_margin=&#8221;80px|50px||&#8221;][et_pb_contact_field field_id=&#8221;Name&#8221; field_title=&#8221;Nazwa&#8221; fullwidth_field=&#8221;on&#8221; _builder_version=&#8221;3.16&#8243; button_text_size__hover_enabled=&#8221;off&#8221; button_one_text_size__hover_enabled=&#8221;off&#8221; button_two_text_size__hover_enabled=&#8221;off&#8221; button_text_color__hover_enabled=&#8221;off&#8221; button_one_text_color__hover_enabled=&#8221;off&#8221; button_two_text_color__hover_enabled=&#8221;off&#8221; button_border_width__hover_enabled=&#8221;off&#8221; button_one_border_width__hover_enabled=&#8221;off&#8221; button_two_border_width__hover_enabled=&#8221;off&#8221; button_border_color__hover_enabled=&#8221;off&#8221; button_one_border_color__hover_enabled=&#8221;off&#8221; button_two_border_color__hover_enabled=&#8221;off&#8221; button_border_radius__hover_enabled=&#8221;off&#8221; button_one_border_radius__hover_enabled=&#8221;off&#8221; button_two_border_radius__hover_enabled=&#8221;off&#8221; button_letter_spacing__hover_enabled=&#8221;off&#8221; button_one_letter_spacing__hover_enabled=&#8221;off&#8221; button_two_letter_spacing__hover_enabled=&#8221;off&#8221; button_bg_color__hover_enabled=&#8221;off&#8221; button_one_bg_color__hover_enabled=&#8221;off&#8221; button_two_bg_color__hover_enabled=&#8221;off&#8221;][\/et_pb_contact_field][et_pb_contact_field field_id=&#8221;Email&#8221; field_title=&#8221;Adres E-mail&#8221; field_type=&#8221;email&#8221; fullwidth_field=&#8221;on&#8221; _builder_version=&#8221;3.16&#8243; button_text_size__hover_enabled=&#8221;off&#8221; button_one_text_size__hover_enabled=&#8221;off&#8221; button_two_text_size__hover_enabled=&#8221;off&#8221; button_text_color__hover_enabled=&#8221;off&#8221; button_one_text_color__hover_enabled=&#8221;off&#8221; button_two_text_color__hover_enabled=&#8221;off&#8221; button_border_width__hover_enabled=&#8221;off&#8221; button_one_border_width__hover_enabled=&#8221;off&#8221; button_two_border_width__hover_enabled=&#8221;off&#8221; button_border_color__hover_enabled=&#8221;off&#8221; button_one_border_color__hover_enabled=&#8221;off&#8221; button_two_border_color__hover_enabled=&#8221;off&#8221; button_border_radius__hover_enabled=&#8221;off&#8221; button_one_border_radius__hover_enabled=&#8221;off&#8221; button_two_border_radius__hover_enabled=&#8221;off&#8221; button_letter_spacing__hover_enabled=&#8221;off&#8221; button_one_letter_spacing__hover_enabled=&#8221;off&#8221; button_two_letter_spacing__hover_enabled=&#8221;off&#8221; button_bg_color__hover_enabled=&#8221;off&#8221; button_one_bg_color__hover_enabled=&#8221;off&#8221; button_two_bg_color__hover_enabled=&#8221;off&#8221;][\/et_pb_contact_field][et_pb_contact_field field_id=&#8221;Field_3&#8243; field_title=&#8221;Zaznacz zgod\u0119 na przetwarzanie danych&#8221; field_type=&#8221;checkbox&#8221; checkbox_options=&#8221;%91{%22value%22:%22Zgadzam si\u0119 na przetwarzanie moich danych osobowych w celu otrzymania informacji dotycz\u0105cych us\u0142ug kancelarii inspektor\u00f3w ochrony danych osobowych%22,%22checked%22:0,%22dragID%22:0}%93&#8243; fullwidth_field=&#8221;on&#8221; _builder_version=&#8221;3.16&#8243; button_text_size__hover_enabled=&#8221;off&#8221; button_one_text_size__hover_enabled=&#8221;off&#8221; button_two_text_size__hover_enabled=&#8221;off&#8221; button_text_color__hover_enabled=&#8221;off&#8221; button_one_text_color__hover_enabled=&#8221;off&#8221; button_two_text_color__hover_enabled=&#8221;off&#8221; button_border_width__hover_enabled=&#8221;off&#8221; button_one_border_width__hover_enabled=&#8221;off&#8221; button_two_border_width__hover_enabled=&#8221;off&#8221; button_border_color__hover_enabled=&#8221;off&#8221; button_one_border_color__hover_enabled=&#8221;off&#8221; button_two_border_color__hover_enabled=&#8221;off&#8221; button_border_radius__hover_enabled=&#8221;off&#8221; button_one_border_radius__hover_enabled=&#8221;off&#8221; button_two_border_radius__hover_enabled=&#8221;off&#8221; button_letter_spacing__hover_enabled=&#8221;off&#8221; button_one_letter_spacing__hover_enabled=&#8221;off&#8221; button_two_letter_spacing__hover_enabled=&#8221;off&#8221; button_bg_color__hover_enabled=&#8221;off&#8221; button_one_bg_color__hover_enabled=&#8221;off&#8221; button_two_bg_color__hover_enabled=&#8221;off&#8221;][\/et_pb_contact_field][\/et_pb_contact_form][et_pb_text _builder_version=&#8221;3.27.4&#8243;]Administratorem Twoich danych osobowych b\u0119dzie MS Design Studio Magdalena \u015amielewska Ul Sienkiewicza 4\/3a, \u0141\u00f3d\u017a. Szczeg\u00f3\u0142owe informacje o przetwarzaniu danych osobowych znajduj\u0105 si\u0119 w\u00a0<a href=\"\/\/msdesignstudio.eu\/polityka-prywatnosci\/\">polityce prywatno\u015bci<\/a>.<br \/>\n[\/et_pb_text][\/et_pb_column][\/et_pb_row][\/et_pb_section]<\/p>\n","protected":false},"excerpt":{"rendered":"<p><div class=\"woocommerce\"><\/div> Chcesz jako pierwszy wiedzie\u0107 o nowo\u015bciach\u00a0i promocjach? Zapisz si\u0119 do naszego newslettera. Obiecujemy nie spamowa\u0107 i nie udost\u0119pnia\u0107 twojego adresu, poniewa\u017c sami tego nie lubimy.Administratorem Twoich danych osobowych b\u0119dzie MS Design Studio Magdalena \u015amielewska Ul Sienkiewicza 4\/3a, \u0141\u00f3d\u017a. Szczeg\u00f3\u0142owe informacje o przetwarzaniu danych osobowych znajduj\u0105 si\u0119 w\u00a0polityce prywatno\u015bci.<\/p>","protected":false},"author":7,"featured_media":0,"parent":0,"menu_order":0,"comment_status":"closed","ping_status":"closed","template":"","meta":{"_et_pb_use_builder":"on","_et_pb_old_content":"[woocommerce_my_account]","_et_gb_content_width":"","jetpack_post_was_ever_published":false,"footnotes":""},"class_list":["post-50327","page","type-page","status-publish","hentry"],"yoast_head":"<!-- This site is optimized with the Yoast SEO plugin v27.3 - https:\/\/yoast.com\/product\/yoast-seo-wordpress\/ -->\n<title>Moje konto - Tapety na p\u0142\u00f3tnie - Unikatowe wzory tapet - MS Design Studio<\/title>\n<meta name=\"robots\" content=\"index, follow, max-snippet:-1, max-image-preview:large, max-video-preview:-1\" \/>\n<link rel=\"canonical\" href=\"https:\/\/msdesignstudio.eu\/en_gb\/moje-konto\/\" \/>\n<meta property=\"og:locale\" content=\"en_GB\" \/>\n<meta property=\"og:type\" content=\"article\" \/>\n<meta property=\"og:title\" content=\"Moje konto - Tapety na p\u0142\u00f3tnie - Unikatowe wzory tapet - MS Design Studio\" \/>\n<meta property=\"og:description\" content=\"Chcesz jako pierwszy wiedzie\u0107 o nowo\u015bciach\u00a0i promocjach? Zapisz si\u0119 do naszego newslettera. Obiecujemy nie spamowa\u0107 i nie udost\u0119pnia\u0107 twojego adresu, poniewa\u017c sami tego nie lubimy.Administratorem Twoich danych osobowych b\u0119dzie MS Design Studio Magdalena \u015amielewska Ul Sienkiewicza 4\/3a, \u0141\u00f3d\u017a. Szczeg\u00f3\u0142owe informacje o przetwarzaniu danych osobowych znajduj\u0105 si\u0119 w\u00a0polityce prywatno\u015bci.\" \/>\n<meta property=\"og:url\" content=\"https:\/\/msdesignstudio.eu\/en_gb\/moje-konto\/\" \/>\n<meta property=\"og:site_name\" content=\"Tapety na p\u0142\u00f3tnie - Unikatowe wzory tapet - MS Design Studio\" \/>\n<meta property=\"article:publisher\" content=\"https:\/\/www.facebook.com\/MagdalenaSmielewskiDesign\/\" \/>\n<meta property=\"article:modified_time\" content=\"2021-12-06T09:38:53+00:00\" \/>\n<meta property=\"og:image\" content=\"https:\/\/msdesignstudio.eu\/wp-content\/uploads\/2019\/10\/ms-design-studio-tapety-na-plotnie-kwiaty-holenderskie.jpg\" \/>\n\t<meta property=\"og:image:width\" content=\"1920\" \/>\n\t<meta property=\"og:image:height\" content=\"1440\" \/>\n\t<meta property=\"og:image:type\" content=\"image\/jpeg\" \/>\n<meta name=\"twitter:card\" content=\"summary_large_image\" \/>\n<meta name=\"twitter:label1\" content=\"Estimated reading time\" \/>\n\t<meta name=\"twitter:data1\" content=\"4 minutes\" \/>\n<script type=\"application\/ld+json\" class=\"yoast-schema-graph\">{\"@context\":\"https:\\\/\\\/schema.org\",\"@graph\":[{\"@type\":\"WebPage\",\"@id\":\"https:\\\/\\\/msdesignstudio.eu\\\/moje-konto\\\/\",\"url\":\"https:\\\/\\\/msdesignstudio.eu\\\/moje-konto\\\/\",\"name\":\"Moje konto - Tapety na p\u0142\u00f3tnie - Unikatowe wzory tapet - MS Design Studio\",\"isPartOf\":{\"@id\":\"https:\\\/\\\/msdesignstudio.eu\\\/#website\"},\"datePublished\":\"2017-12-17T11:05:56+00:00\",\"dateModified\":\"2021-12-06T09:38:53+00:00\",\"breadcrumb\":{\"@id\":\"https:\\\/\\\/msdesignstudio.eu\\\/moje-konto\\\/#breadcrumb\"},\"inLanguage\":\"en-GB\",\"potentialAction\":[{\"@type\":\"ReadAction\",\"target\":[\"https:\\\/\\\/msdesignstudio.eu\\\/moje-konto\\\/\"]}]},{\"@type\":\"BreadcrumbList\",\"@id\":\"https:\\\/\\\/msdesignstudio.eu\\\/moje-konto\\\/#breadcrumb\",\"itemListElement\":[{\"@type\":\"ListItem\",\"position\":1,\"name\":\"Strona g\u0142\u00f3wna\",\"item\":\"https:\\\/\\\/msdesignstudio.eu\\\/\"},{\"@type\":\"ListItem\",\"position\":2,\"name\":\"Moje konto\"}]},{\"@type\":\"WebSite\",\"@id\":\"https:\\\/\\\/msdesignstudio.eu\\\/#website\",\"url\":\"https:\\\/\\\/msdesignstudio.eu\\\/\",\"name\":\"Tapety na p\u0142\u00f3tnie - Unikatowe wzory tapet - MS Design Studio\",\"description\":\"Sklep z tapetami na p\u0142\u00f3tnie Online. Znajdziecie u nas tylko autorskie tapety na najwy\u017cszej jako\u015bci p\u0142\u00f3tnie. Porady z zakresu dekoracji wn\u0119trz. Nasze tapety wysy\u0142amy kurierem do wi\u0119kszo\u015bci kraj\u00f3w.\",\"publisher\":{\"@id\":\"https:\\\/\\\/msdesignstudio.eu\\\/#organization\"},\"potentialAction\":[{\"@type\":\"SearchAction\",\"target\":{\"@type\":\"EntryPoint\",\"urlTemplate\":\"https:\\\/\\\/msdesignstudio.eu\\\/?s={search_term_string}\"},\"query-input\":{\"@type\":\"PropertyValueSpecification\",\"valueRequired\":true,\"valueName\":\"search_term_string\"}}],\"inLanguage\":\"en-GB\"},{\"@type\":\"Organization\",\"@id\":\"https:\\\/\\\/msdesignstudio.eu\\\/#organization\",\"name\":\"MS DESIGN STUDIO\",\"url\":\"https:\\\/\\\/msdesignstudio.eu\\\/\",\"logo\":{\"@type\":\"ImageObject\",\"inLanguage\":\"en-GB\",\"@id\":\"https:\\\/\\\/msdesignstudio.eu\\\/#\\\/schema\\\/logo\\\/image\\\/\",\"url\":\"https:\\\/\\\/msdesignstudio.eu\\\/wp-content\\\/uploads\\\/2018\\\/05\\\/Salon-2-kwiaty2-FB.jpg\",\"contentUrl\":\"https:\\\/\\\/msdesignstudio.eu\\\/wp-content\\\/uploads\\\/2018\\\/05\\\/Salon-2-kwiaty2-FB.jpg\",\"width\":1200,\"height\":630,\"caption\":\"MS DESIGN STUDIO\"},\"image\":{\"@id\":\"https:\\\/\\\/msdesignstudio.eu\\\/#\\\/schema\\\/logo\\\/image\\\/\"},\"sameAs\":[\"https:\\\/\\\/www.facebook.com\\\/MagdalenaSmielewskiDesign\\\/\",\"https:\\\/\\\/www.instagram.com\\\/ms_design_studio\\\/\"]}]}<\/script>\n<!-- \/ Yoast SEO plugin. -->","yoast_head_json":{"title":"Moje konto - Tapety na p\u0142\u00f3tnie - Unikatowe wzory tapet - MS Design Studio","robots":{"index":"index","follow":"follow","max-snippet":"max-snippet:-1","max-image-preview":"max-image-preview:large","max-video-preview":"max-video-preview:-1"},"canonical":"https:\/\/msdesignstudio.eu\/en_gb\/moje-konto\/","og_locale":"en_GB","og_type":"article","og_title":"Moje konto - Tapety na p\u0142\u00f3tnie - Unikatowe wzory tapet - MS Design Studio","og_description":"Chcesz jako pierwszy wiedzie\u0107 o nowo\u015bciach\u00a0i promocjach? Zapisz si\u0119 do naszego newslettera. Obiecujemy nie spamowa\u0107 i nie udost\u0119pnia\u0107 twojego adresu, poniewa\u017c sami tego nie lubimy.Administratorem Twoich danych osobowych b\u0119dzie MS Design Studio Magdalena \u015amielewska Ul Sienkiewicza 4\/3a, \u0141\u00f3d\u017a. Szczeg\u00f3\u0142owe informacje o przetwarzaniu danych osobowych znajduj\u0105 si\u0119 w\u00a0polityce prywatno\u015bci.","og_url":"https:\/\/msdesignstudio.eu\/en_gb\/moje-konto\/","og_site_name":"Tapety na p\u0142\u00f3tnie - Unikatowe wzory tapet - MS Design Studio","article_publisher":"https:\/\/www.facebook.com\/MagdalenaSmielewskiDesign\/","article_modified_time":"2021-12-06T09:38:53+00:00","og_image":[{"width":1920,"height":1440,"url":"https:\/\/msdesignstudio.eu\/wp-content\/uploads\/2019\/10\/ms-design-studio-tapety-na-plotnie-kwiaty-holenderskie.jpg","type":"image\/jpeg"}],"twitter_card":"summary_large_image","twitter_misc":{"Estimated reading time":"4 minutes"},"schema":{"@context":"https:\/\/schema.org","@graph":[{"@type":"WebPage","@id":"https:\/\/msdesignstudio.eu\/moje-konto\/","url":"https:\/\/msdesignstudio.eu\/moje-konto\/","name":"Moje konto - Tapety na p\u0142\u00f3tnie - Unikatowe wzory tapet - MS Design Studio","isPartOf":{"@id":"https:\/\/msdesignstudio.eu\/#website"},"datePublished":"2017-12-17T11:05:56+00:00","dateModified":"2021-12-06T09:38:53+00:00","breadcrumb":{"@id":"https:\/\/msdesignstudio.eu\/moje-konto\/#breadcrumb"},"inLanguage":"en-GB","potentialAction":[{"@type":"ReadAction","target":["https:\/\/msdesignstudio.eu\/moje-konto\/"]}]},{"@type":"BreadcrumbList","@id":"https:\/\/msdesignstudio.eu\/moje-konto\/#breadcrumb","itemListElement":[{"@type":"ListItem","position":1,"name":"Strona g\u0142\u00f3wna","item":"https:\/\/msdesignstudio.eu\/"},{"@type":"ListItem","position":2,"name":"Moje konto"}]},{"@type":"WebSite","@id":"https:\/\/msdesignstudio.eu\/#website","url":"https:\/\/msdesignstudio.eu\/","name":"Tapety na p\u0142\u00f3tnie - Unikatowe wzory tapet - MS Design Studio","description":"Sklep z tapetami na p\u0142\u00f3tnie Online. Znajdziecie u nas tylko autorskie tapety na najwy\u017cszej jako\u015bci p\u0142\u00f3tnie. Porady z zakresu dekoracji wn\u0119trz. Nasze tapety wysy\u0142amy kurierem do wi\u0119kszo\u015bci kraj\u00f3w.","publisher":{"@id":"https:\/\/msdesignstudio.eu\/#organization"},"potentialAction":[{"@type":"SearchAction","target":{"@type":"EntryPoint","urlTemplate":"https:\/\/msdesignstudio.eu\/?s={search_term_string}"},"query-input":{"@type":"PropertyValueSpecification","valueRequired":true,"valueName":"search_term_string"}}],"inLanguage":"en-GB"},{"@type":"Organization","@id":"https:\/\/msdesignstudio.eu\/#organization","name":"MS DESIGN STUDIO","url":"https:\/\/msdesignstudio.eu\/","logo":{"@type":"ImageObject","inLanguage":"en-GB","@id":"https:\/\/msdesignstudio.eu\/#\/schema\/logo\/image\/","url":"https:\/\/msdesignstudio.eu\/wp-content\/uploads\/2018\/05\/Salon-2-kwiaty2-FB.jpg","contentUrl":"https:\/\/msdesignstudio.eu\/wp-content\/uploads\/2018\/05\/Salon-2-kwiaty2-FB.jpg","width":1200,"height":630,"caption":"MS DESIGN STUDIO"},"image":{"@id":"https:\/\/msdesignstudio.eu\/#\/schema\/logo\/image\/"},"sameAs":["https:\/\/www.facebook.com\/MagdalenaSmielewskiDesign\/","https:\/\/www.instagram.com\/ms_design_studio\/"]}]}},"jetpack_sharing_enabled":true,"jetpack_shortlink":"https:\/\/wp.me\/P9tNiq-d5J","_links":{"self":[{"href":"https:\/\/msdesignstudio.eu\/en_gb\/wp-json\/wp\/v2\/pages\/50327","targetHints":{"allow":["GET"]}}],"collection":[{"href":"https:\/\/msdesignstudio.eu\/en_gb\/wp-json\/wp\/v2\/pages"}],"about":[{"href":"https:\/\/msdesignstudio.eu\/en_gb\/wp-json\/wp\/v2\/types\/page"}],"author":[{"embeddable":true,"href":"https:\/\/msdesignstudio.eu\/en_gb\/wp-json\/wp\/v2\/users\/7"}],"replies":[{"embeddable":true,"href":"https:\/\/msdesignstudio.eu\/en_gb\/wp-json\/wp\/v2\/comments?post=50327"}],"version-history":[{"count":5,"href":"https:\/\/msdesignstudio.eu\/en_gb\/wp-json\/wp\/v2\/pages\/50327\/revisions"}],"predecessor-version":[{"id":52289,"href":"https:\/\/msdesignstudio.eu\/en_gb\/wp-json\/wp\/v2\/pages\/50327\/revisions\/52289"}],"wp:attachment":[{"href":"https:\/\/msdesignstudio.eu\/en_gb\/wp-json\/wp\/v2\/media?parent=50327"}],"curies":[{"name":"wp","href":"https:\/\/api.w.org\/{rel}","templated":true}]}}