{"id":50359,"date":"2017-12-17T15:46:20","date_gmt":"2017-12-17T14:46:20","guid":{"rendered":"http:\/\/msdesignstudio.eu\/?page_id=50359"},"modified":"2025-05-12T22:01:16","modified_gmt":"2025-05-12T20:01:16","slug":"o-nas","status":"publish","type":"page","link":"https:\/\/msdesignstudio.eu\/en_gb\/o-nas\/","title":{"rendered":"About Us"},"content":{"rendered":"<p>[et_pb_section fb_built=&#8221;1&#8243; admin_label=&#8221;Our Team Section&#8221; _builder_version=&#8221;4.16&#8243; background_enable_color=&#8221;off&#8221; custom_margin=&#8221;-30px||||false|false&#8221; custom_padding=&#8221;160px||78px|||&#8221; locked=&#8221;off&#8221; global_colors_info=&#8221;{}&#8221;][et_pb_row column_structure=&#8221;1_4,3_4&#8243; use_custom_gutter=&#8221;on&#8221; gutter_width=&#8221;1&#8243; make_equal=&#8221;on&#8221; admin_label=&#8221;Collection CTA&#8221; _builder_version=&#8221;4.24.1&#8243; background_enable_image=&#8221;off&#8221; background_position=&#8221;center_left&#8221; background_repeat=&#8221;repeat&#8221; max_width=&#8221;1147px&#8221; module_alignment=&#8221;center&#8221; custom_margin=&#8221;|||0px|false|false&#8221; custom_padding=&#8221;0px||0px|&#8221; mix_blend_mode=&#8221;darken&#8221; animation_style=&#8221;slide&#8221; hover_enabled=&#8221;0&#8243; border_width_all=&#8221;1px&#8221; border_color_all=&#8221;#000000&#8243; box_shadow_style=&#8221;preset3&#8243; use_custom_width=&#8221;on&#8221; custom_width_px=&#8221;1280px&#8221; locked=&#8221;off&#8221; global_colors_info=&#8221;{}&#8221; sticky_enabled=&#8221;0&#8243;][et_pb_column type=&#8221;1_4&#8243; _builder_version=&#8221;4.24.1&#8243; use_background_color_gradient=&#8221;on&#8221; background_color_gradient_direction=&#8221;90deg&#8221; background_color_gradient_stops=&#8221;#000000 1%|rgba(41,196,169,0) 100%&#8221; background_color_gradient_start=&#8221;#000000&#8243; background_color_gradient_end=&#8221;rgba(41,196,169,0)&#8221; background_image=&#8221;https:\/\/msdesignstudio.eu\/wp-content\/uploads\/2025\/05\/Ego-fan.jpg&#8221; background_blend=&#8221;darken&#8221; custom_padding=&#8221;100px||100px||false|false&#8221; hover_enabled=&#8221;0&#8243; global_colors_info=&#8221;{}&#8221; custom_padding__hover=&#8221;|||&#8221; sticky_enabled=&#8221;0&#8243;][et_pb_text _builder_version=&#8221;4.16&#8243; text_font=&#8221;Lora||||||||&#8221; text_font_size=&#8221;18px&#8221; text_line_height=&#8221;1.8em&#8221; header_font=&#8221;Playfair Display|700|||||||&#8221; header_font_size=&#8221;56px&#8221; header_line_height=&#8221;1.3em&#8221; header_2_font=&#8221;Playfair Display|700|||||||&#8221; header_2_font_size=&#8221;48px&#8221; header_3_font=&#8221;Oswald|||on|||||&#8221; background_layout=&#8221;dark&#8221; custom_margin=&#8221;||30px|&#8221; global_colors_info=&#8221;{}&#8221;]\u00a0<br \/>\n[\/et_pb_text][\/et_pb_column][et_pb_column type=&#8221;3_4&#8243; _builder_version=&#8221;4.24.1&#8243; background_image=&#8221;https:\/\/msdesignstudio.eu\/wp-content\/uploads\/2023\/02\/pasek-na-gore-na-O-NAS.jpg&#8221; background_blend=&#8221;darken&#8221; custom_padding=&#8221;100px||0px||false|false&#8221; global_colors_info=&#8221;{}&#8221; custom_padding__hover=&#8221;|||&#8221;][et_pb_divider show_divider=&#8221;off&#8221; _builder_version=&#8221;4.24.1&#8243; height=&#8221;100px&#8221; locked=&#8221;off&#8221; global_colors_info=&#8221;{}&#8221;]\u00a0<br \/>\n[\/et_pb_divider][et_pb_text _builder_version=&#8221;4.24.1&#8243; text_font=&#8221;Lora||||||||&#8221; text_font_size=&#8221;18px&#8221; text_line_height=&#8221;1.8em&#8221; header_font=&#8221;Playfair Display|700|||||||&#8221; header_text_color=&#8221;#46281e&#8221; header_font_size=&#8221;56px&#8221; header_2_font=&#8221;Playfair Display|700|||||||&#8221; header_2_text_color=&#8221;#46281e&#8221; header_2_font_size=&#8221;48px&#8221; custom_margin=&#8221;|||&#8221; global_colors_info=&#8221;{}&#8221;][\/et_pb_text][\/et_pb_column][\/et_pb_row][et_pb_row _builder_version=&#8221;4.16&#8243; _module_preset=&#8221;default&#8221; global_colors_info=&#8221;{}&#8221;][et_pb_column type=&#8221;4_4&#8243; _builder_version=&#8221;4.16&#8243; _module_preset=&#8221;default&#8221; global_colors_info=&#8221;{}&#8221;][et_pb_team_member name=&#8221;MS Design Studio&#8221; disabled_on=&#8221;off|off|off&#8221; _builder_version=&#8221;4.24.1&#8243; header_level=&#8221;h1&#8243; header_font=&#8221;Oswald||||||||&#8221; header_text_color=&#8221;#ffffff&#8221; header_font_size=&#8221;1px&#8221; header_line_height=&#8221;1.3em&#8221; body_font=&#8221;Lora||||||||&#8221; body_text_color=&#8221;#474747&#8243; body_font_size=&#8221;18px&#8221; body_line_height=&#8221;1.8em&#8221; background_color=&#8221;#FFFFFF&#8221; min_height=&#8221;887.1px&#8221; custom_margin=&#8221;11px|-42px|||false|false&#8221; custom_padding=&#8221;11px|30px|30px|10px|false|false&#8221; animation_style=&#8221;slide&#8221; animation_direction=&#8221;top&#8221; animation_intensity_slide=&#8221;10%&#8221; locked=&#8221;off&#8221; global_colors_info=&#8221;{}&#8221;]<\/p>\n<p style=\"text-align: justify;\"><span style=\"color: #666666;\"><strong>Kiedy \u015bciany opowiadaj\u0105 historie<\/strong><\/span><\/p>\n<p><span style=\"color: #666666;\">Magdalena Smielewski to artystka, kt\u00f3ra \u0142\u0105czy \u015bwiat sztuki, designu i rzemios\u0142a w jeden, sp\u00f3jny j\u0119zyk wizualny. Z wykszta\u0142cenia fotografka, z zami\u0142owania projektantka, a z serca \u2013 opowiadaczka historii przez obrazy. Pochodz\u0105ca z artystycznej \u0141odzi, zdobywa\u0142a do\u015bwiadczenie za granic\u0105, studiuj\u0105c fotografi\u0119 i media w Cambridge. Jej prace \u2013 zar\u00f3wno zdj\u0119cia, jak i instalacje wideo \u2013 by\u0142y prezentowane w galeriach w ca\u0142ej Europie. Jednak to nie fotografia, a&#8230; tapety sta\u0142y si\u0119 jej najwi\u0119ksz\u0105 pasj\u0105.<\/span><\/p>\n<p><span style=\"color: #666666;\">Dzi\u015b Magdalena prowadzi MS Design Studio, gdzie tworzy autorskie wzory tapet i tkanin. Nie znajdziesz tu przypadkowych deseni \u2013 ka\u017cda kolekcja to osobna opowie\u015b\u0107, cz\u0119sto inspirowana sztuk\u0105, natur\u0105, histori\u0105 lub&#8230; przypadkiem. Jak sama m\u00f3wi:<\/span><\/p>\n<p><span style=\"color: #666666;\">\u201eWszystko zacz\u0119\u0142o si\u0119 w ciemni. Zawsze ci\u0105gn\u0119\u0142o mnie do eksperymentowania z technikami druku. Tapety sta\u0142y si\u0119 naturalnym przed\u0142u\u017ceniem tej pasji \u2013 to taki format, kt\u00f3ry pozwala przenie\u015b\u0107 sztuk\u0119 z galerii wprost do dom\u00f3w, biur, kawiarni.<\/span><br \/>\n<span style=\"color: #666666;\">Uwielbiam my\u015ble\u0107, \u017ce moje wzory \u017cyj\u0105 z lud\u017ami na co dzie\u0144.\u201d<\/span><\/p>\n<p><span style=\"color: #666666;\">Jej kolekcje przyci\u0105gaj\u0105 wzrok i pobudzaj\u0105 wyobra\u017ani\u0119. Ptaki XXL to uk\u0142on w stron\u0119 XVIII-wiecznych szkic\u00f3w botanicznych \u2013 pe\u0142nych detalu i delikatno\u015bci, lecz w nowoczesnej, powi\u0119kszonej skali. Historie orientalne narodzi\u0142y si\u0119 z jednego spojrzenia na fragment starego kimona w muzeum w Amsterdamie. Z kolei reinterpretacje klasycznego Toile de Jouy w intensywnych kolorach pokazuj\u0105, \u017ce klasyka r\u00f3wnie\u017c mo\u017ce mie\u0107 pazur.<\/span><\/p>\n<p><span style=\"color: #666666;\">Magdalena prze\u0142amuje stereotypy \u2013 dla niej tapeta to medium, kt\u00f3re potrafi stworzy\u0107 atmosfer\u0119, podkre\u015bli\u0107 charakter wn\u0119trza i wyrazi\u0107 to, kim jeste\u015bmy. Dlatego projektowanie zaczyna od rozmowy \u2013 z klientem, z przestrzeni\u0105, z potrzebami. Jak podkre\u015bla:<\/span><\/p>\n<p><span style=\"color: #666666;\">\u201eWn\u0119trze ma m\u00f3wi\u0107 co\u015b o cz\u0142owieku, nie tylko wygl\u0105da\u0107 dobrze. Najlepsze projekty to te, kt\u00f3re budz\u0105 emocje i sprawiaj\u0105, \u017ce czujesz si\u0119 &#8216;u siebie&#8217;. Tapeta mo\u017ce by\u0107 w\u0142a\u015bnie takim punktem zaczepienia \u2013 subtelnym albo mocnym, ale zawsze znacz\u0105cym.\u201d<\/span>[\/et_pb_team_member][\/et_pb_column][\/et_pb_row][\/et_pb_section]<\/p>\n","protected":false},"excerpt":{"rendered":"<p>\u00a0 \u00a0 Kiedy \u015bciany opowiadaj\u0105 historie Magdalena Smielewski to artystka, kt\u00f3ra \u0142\u0105czy \u015bwiat sztuki, designu i rzemios\u0142a w jeden, sp\u00f3jny j\u0119zyk wizualny. Z wykszta\u0142cenia fotografka, z zami\u0142owania projektantka, a z serca \u2013 opowiadaczka historii przez obrazy. Pochodz\u0105ca z artystycznej \u0141odzi, zdobywa\u0142a do\u015bwiadczenie za granic\u0105, studiuj\u0105c fotografi\u0119 i media w Cambridge. Jej prace \u2013 zar\u00f3wno zdj\u0119cia, [&hellip;]<\/p>\n","protected":false},"author":7,"featured_media":0,"parent":0,"menu_order":0,"comment_status":"closed","ping_status":"closed","template":"","meta":{"_et_pb_use_builder":"on","_et_pb_old_content":"","_et_gb_content_width":"","jetpack_post_was_ever_published":false,"footnotes":""},"class_list":["post-50359","page","type-page","status-publish","hentry"],"yoast_head":"<!-- This site is optimized with the Yoast SEO plugin v27.3 - https:\/\/yoast.com\/product\/yoast-seo-wordpress\/ -->\n<title>O nas - Tapety na p\u0142\u00f3tnie - Unikatowe wzory tapet - MS Design Studio<\/title>\n<meta name=\"robots\" content=\"index, follow, max-snippet:-1, max-image-preview:large, max-video-preview:-1\" \/>\n<link rel=\"canonical\" href=\"https:\/\/msdesignstudio.eu\/en_gb\/o-nas\/\" \/>\n<meta property=\"og:locale\" content=\"en_GB\" \/>\n<meta property=\"og:type\" content=\"article\" \/>\n<meta property=\"og:title\" content=\"O nas - Tapety na p\u0142\u00f3tnie - Unikatowe wzory tapet - MS Design Studio\" \/>\n<meta property=\"og:description\" content=\"\u00a0 \u00a0 Kiedy \u015bciany opowiadaj\u0105 historie Magdalena Smielewski to artystka, kt\u00f3ra \u0142\u0105czy \u015bwiat sztuki, designu i rzemios\u0142a w jeden, sp\u00f3jny j\u0119zyk wizualny. Z wykszta\u0142cenia fotografka, z zami\u0142owania projektantka, a z serca \u2013 opowiadaczka historii przez obrazy. Pochodz\u0105ca z artystycznej \u0141odzi, zdobywa\u0142a do\u015bwiadczenie za granic\u0105, studiuj\u0105c fotografi\u0119 i media w Cambridge. Jej prace \u2013 zar\u00f3wno zdj\u0119cia, [&hellip;]\" \/>\n<meta property=\"og:url\" content=\"https:\/\/msdesignstudio.eu\/en_gb\/o-nas\/\" \/>\n<meta property=\"og:site_name\" content=\"Tapety na p\u0142\u00f3tnie - Unikatowe wzory tapet - MS Design Studio\" \/>\n<meta property=\"article:publisher\" content=\"https:\/\/www.facebook.com\/MagdalenaSmielewskiDesign\/\" \/>\n<meta property=\"article:modified_time\" content=\"2025-05-12T20:01:16+00:00\" \/>\n<meta property=\"og:image\" content=\"https:\/\/msdesignstudio.eu\/wp-content\/uploads\/2019\/10\/ms-design-studio-tapety-na-plotnie-kwiaty-holenderskie.jpg\" \/>\n\t<meta property=\"og:image:width\" content=\"1920\" \/>\n\t<meta property=\"og:image:height\" content=\"1440\" \/>\n\t<meta property=\"og:image:type\" content=\"image\/jpeg\" \/>\n<meta name=\"twitter:card\" content=\"summary_large_image\" \/>\n<meta name=\"twitter:label1\" content=\"Estimated reading time\" \/>\n\t<meta name=\"twitter:data1\" content=\"2 minutes\" \/>\n<script type=\"application\/ld+json\" class=\"yoast-schema-graph\">{\"@context\":\"https:\\\/\\\/schema.org\",\"@graph\":[{\"@type\":\"WebPage\",\"@id\":\"https:\\\/\\\/msdesignstudio.eu\\\/o-nas\\\/\",\"url\":\"https:\\\/\\\/msdesignstudio.eu\\\/o-nas\\\/\",\"name\":\"O nas - Tapety na p\u0142\u00f3tnie - Unikatowe wzory tapet - MS Design Studio\",\"isPartOf\":{\"@id\":\"https:\\\/\\\/msdesignstudio.eu\\\/#website\"},\"datePublished\":\"2017-12-17T14:46:20+00:00\",\"dateModified\":\"2025-05-12T20:01:16+00:00\",\"breadcrumb\":{\"@id\":\"https:\\\/\\\/msdesignstudio.eu\\\/o-nas\\\/#breadcrumb\"},\"inLanguage\":\"en-GB\",\"potentialAction\":[{\"@type\":\"ReadAction\",\"target\":[\"https:\\\/\\\/msdesignstudio.eu\\\/o-nas\\\/\"]}]},{\"@type\":\"BreadcrumbList\",\"@id\":\"https:\\\/\\\/msdesignstudio.eu\\\/o-nas\\\/#breadcrumb\",\"itemListElement\":[{\"@type\":\"ListItem\",\"position\":1,\"name\":\"Strona g\u0142\u00f3wna\",\"item\":\"https:\\\/\\\/msdesignstudio.eu\\\/\"},{\"@type\":\"ListItem\",\"position\":2,\"name\":\"O nas\"}]},{\"@type\":\"WebSite\",\"@id\":\"https:\\\/\\\/msdesignstudio.eu\\\/#website\",\"url\":\"https:\\\/\\\/msdesignstudio.eu\\\/\",\"name\":\"Tapety na p\u0142\u00f3tnie - Unikatowe wzory tapet - MS Design Studio\",\"description\":\"Sklep z tapetami na p\u0142\u00f3tnie Online. Znajdziecie u nas tylko autorskie tapety na najwy\u017cszej jako\u015bci p\u0142\u00f3tnie. Porady z zakresu dekoracji wn\u0119trz. Nasze tapety wysy\u0142amy kurierem do wi\u0119kszo\u015bci kraj\u00f3w.\",\"publisher\":{\"@id\":\"https:\\\/\\\/msdesignstudio.eu\\\/#organization\"},\"potentialAction\":[{\"@type\":\"SearchAction\",\"target\":{\"@type\":\"EntryPoint\",\"urlTemplate\":\"https:\\\/\\\/msdesignstudio.eu\\\/?s={search_term_string}\"},\"query-input\":{\"@type\":\"PropertyValueSpecification\",\"valueRequired\":true,\"valueName\":\"search_term_string\"}}],\"inLanguage\":\"en-GB\"},{\"@type\":\"Organization\",\"@id\":\"https:\\\/\\\/msdesignstudio.eu\\\/#organization\",\"name\":\"MS DESIGN STUDIO\",\"url\":\"https:\\\/\\\/msdesignstudio.eu\\\/\",\"logo\":{\"@type\":\"ImageObject\",\"inLanguage\":\"en-GB\",\"@id\":\"https:\\\/\\\/msdesignstudio.eu\\\/#\\\/schema\\\/logo\\\/image\\\/\",\"url\":\"https:\\\/\\\/msdesignstudio.eu\\\/wp-content\\\/uploads\\\/2018\\\/05\\\/Salon-2-kwiaty2-FB.jpg\",\"contentUrl\":\"https:\\\/\\\/msdesignstudio.eu\\\/wp-content\\\/uploads\\\/2018\\\/05\\\/Salon-2-kwiaty2-FB.jpg\",\"width\":1200,\"height\":630,\"caption\":\"MS DESIGN STUDIO\"},\"image\":{\"@id\":\"https:\\\/\\\/msdesignstudio.eu\\\/#\\\/schema\\\/logo\\\/image\\\/\"},\"sameAs\":[\"https:\\\/\\\/www.facebook.com\\\/MagdalenaSmielewskiDesign\\\/\",\"https:\\\/\\\/www.instagram.com\\\/ms_design_studio\\\/\"]}]}<\/script>\n<!-- \/ Yoast SEO plugin. -->","yoast_head_json":{"title":"O nas - Tapety na p\u0142\u00f3tnie - Unikatowe wzory tapet - MS Design Studio","robots":{"index":"index","follow":"follow","max-snippet":"max-snippet:-1","max-image-preview":"max-image-preview:large","max-video-preview":"max-video-preview:-1"},"canonical":"https:\/\/msdesignstudio.eu\/en_gb\/o-nas\/","og_locale":"en_GB","og_type":"article","og_title":"O nas - Tapety na p\u0142\u00f3tnie - Unikatowe wzory tapet - MS Design Studio","og_description":"\u00a0 \u00a0 Kiedy \u015bciany opowiadaj\u0105 historie Magdalena Smielewski to artystka, kt\u00f3ra \u0142\u0105czy \u015bwiat sztuki, designu i rzemios\u0142a w jeden, sp\u00f3jny j\u0119zyk wizualny. Z wykszta\u0142cenia fotografka, z zami\u0142owania projektantka, a z serca \u2013 opowiadaczka historii przez obrazy. Pochodz\u0105ca z artystycznej \u0141odzi, zdobywa\u0142a do\u015bwiadczenie za granic\u0105, studiuj\u0105c fotografi\u0119 i media w Cambridge. Jej prace \u2013 zar\u00f3wno zdj\u0119cia, [&hellip;]","og_url":"https:\/\/msdesignstudio.eu\/en_gb\/o-nas\/","og_site_name":"Tapety na p\u0142\u00f3tnie - Unikatowe wzory tapet - MS Design Studio","article_publisher":"https:\/\/www.facebook.com\/MagdalenaSmielewskiDesign\/","article_modified_time":"2025-05-12T20:01:16+00:00","og_image":[{"width":1920,"height":1440,"url":"https:\/\/msdesignstudio.eu\/wp-content\/uploads\/2019\/10\/ms-design-studio-tapety-na-plotnie-kwiaty-holenderskie.jpg","type":"image\/jpeg"}],"twitter_card":"summary_large_image","twitter_misc":{"Estimated reading time":"2 minutes"},"schema":{"@context":"https:\/\/schema.org","@graph":[{"@type":"WebPage","@id":"https:\/\/msdesignstudio.eu\/o-nas\/","url":"https:\/\/msdesignstudio.eu\/o-nas\/","name":"O nas - Tapety na p\u0142\u00f3tnie - Unikatowe wzory tapet - MS Design Studio","isPartOf":{"@id":"https:\/\/msdesignstudio.eu\/#website"},"datePublished":"2017-12-17T14:46:20+00:00","dateModified":"2025-05-12T20:01:16+00:00","breadcrumb":{"@id":"https:\/\/msdesignstudio.eu\/o-nas\/#breadcrumb"},"inLanguage":"en-GB","potentialAction":[{"@type":"ReadAction","target":["https:\/\/msdesignstudio.eu\/o-nas\/"]}]},{"@type":"BreadcrumbList","@id":"https:\/\/msdesignstudio.eu\/o-nas\/#breadcrumb","itemListElement":[{"@type":"ListItem","position":1,"name":"Strona g\u0142\u00f3wna","item":"https:\/\/msdesignstudio.eu\/"},{"@type":"ListItem","position":2,"name":"O nas"}]},{"@type":"WebSite","@id":"https:\/\/msdesignstudio.eu\/#website","url":"https:\/\/msdesignstudio.eu\/","name":"Tapety na p\u0142\u00f3tnie - Unikatowe wzory tapet - MS Design Studio","description":"Sklep z tapetami na p\u0142\u00f3tnie Online. Znajdziecie u nas tylko autorskie tapety na najwy\u017cszej jako\u015bci p\u0142\u00f3tnie. Porady z zakresu dekoracji wn\u0119trz. Nasze tapety wysy\u0142amy kurierem do wi\u0119kszo\u015bci kraj\u00f3w.","publisher":{"@id":"https:\/\/msdesignstudio.eu\/#organization"},"potentialAction":[{"@type":"SearchAction","target":{"@type":"EntryPoint","urlTemplate":"https:\/\/msdesignstudio.eu\/?s={search_term_string}"},"query-input":{"@type":"PropertyValueSpecification","valueRequired":true,"valueName":"search_term_string"}}],"inLanguage":"en-GB"},{"@type":"Organization","@id":"https:\/\/msdesignstudio.eu\/#organization","name":"MS DESIGN STUDIO","url":"https:\/\/msdesignstudio.eu\/","logo":{"@type":"ImageObject","inLanguage":"en-GB","@id":"https:\/\/msdesignstudio.eu\/#\/schema\/logo\/image\/","url":"https:\/\/msdesignstudio.eu\/wp-content\/uploads\/2018\/05\/Salon-2-kwiaty2-FB.jpg","contentUrl":"https:\/\/msdesignstudio.eu\/wp-content\/uploads\/2018\/05\/Salon-2-kwiaty2-FB.jpg","width":1200,"height":630,"caption":"MS DESIGN STUDIO"},"image":{"@id":"https:\/\/msdesignstudio.eu\/#\/schema\/logo\/image\/"},"sameAs":["https:\/\/www.facebook.com\/MagdalenaSmielewskiDesign\/","https:\/\/www.instagram.com\/ms_design_studio\/"]}]}},"jetpack_sharing_enabled":true,"jetpack_shortlink":"https:\/\/wp.me\/P9tNiq-d6f","_links":{"self":[{"href":"https:\/\/msdesignstudio.eu\/en_gb\/wp-json\/wp\/v2\/pages\/50359","targetHints":{"allow":["GET"]}}],"collection":[{"href":"https:\/\/msdesignstudio.eu\/en_gb\/wp-json\/wp\/v2\/pages"}],"about":[{"href":"https:\/\/msdesignstudio.eu\/en_gb\/wp-json\/wp\/v2\/types\/page"}],"author":[{"embeddable":true,"href":"https:\/\/msdesignstudio.eu\/en_gb\/wp-json\/wp\/v2\/users\/7"}],"replies":[{"embeddable":true,"href":"https:\/\/msdesignstudio.eu\/en_gb\/wp-json\/wp\/v2\/comments?post=50359"}],"version-history":[{"count":79,"href":"https:\/\/msdesignstudio.eu\/en_gb\/wp-json\/wp\/v2\/pages\/50359\/revisions"}],"predecessor-version":[{"id":53357,"href":"https:\/\/msdesignstudio.eu\/en_gb\/wp-json\/wp\/v2\/pages\/50359\/revisions\/53357"}],"wp:attachment":[{"href":"https:\/\/msdesignstudio.eu\/en_gb\/wp-json\/wp\/v2\/media?parent=50359"}],"curies":[{"name":"wp","href":"https:\/\/api.w.org\/{rel}","templated":true}]}}