{"id":50564,"date":"2018-01-13T18:10:20","date_gmt":"2018-01-13T17:10:20","guid":{"rendered":"http:\/\/msdesignstudio.eu\/?page_id=50564"},"modified":"2021-08-06T12:15:43","modified_gmt":"2021-08-06T10:15:43","slug":"etui","status":"publish","type":"page","link":"https:\/\/msdesignstudio.eu\/en_gb\/etui\/","title":{"rendered":"Cases"},"content":{"rendered":"<p>[et_pb_section fb_built=&#8221;1&#8243; admin_label=&#8221;Feactured Collection&#8221; _builder_version=&#8221;4.6.3&#8243; hover_enabled=&#8221;0&#8243; locked=&#8221;off&#8221; background_enable_color=&#8221;off&#8221; custom_margin=&#8221;-30px||||false|false&#8221; sticky_enabled=&#8221;0&#8243;][et_pb_row column_structure=&#8221;1_2,1_2&#8243; use_custom_gutter=&#8221;on&#8221; gutter_width=&#8221;1&#8243; make_equal=&#8221;on&#8221; admin_label=&#8221;Collection CTA&#8221; _builder_version=&#8221;3.25&#8243; background_image=&#8221;\/\/msdesignstudio.eu\/wp-content\/uploads\/2018\/01\/Front-page-1-.jpg&#8221; background_repeat=&#8221;repeat&#8221; max_width=&#8221;1280px&#8221; custom_margin=&#8221;|||&#8221; custom_padding=&#8221;0px||0px|&#8221; animation_style=&#8221;fold&#8221; animation_intensity_fold=&#8221;15%&#8221; border_color_all=&#8221;#d0bbaa&#8221; use_custom_width=&#8221;on&#8221; custom_width_px=&#8221;1280px&#8221; locked=&#8221;off&#8221;][et_pb_column type=&#8221;1_2&#8243; _builder_version=&#8221;3.25&#8243; use_background_color_gradient=&#8221;on&#8221; background_color_gradient_start=&#8221;#000000&#8243; background_color_gradient_end=&#8221;rgba(41,196,169,0)&#8221; background_color_gradient_direction=&#8221;90deg&#8221; custom_padding=&#8221;100px||100px|5%&#8221; custom_padding__hover=&#8221;|||&#8221;][et_pb_text _builder_version=&#8221;4.5.7&#8243; text_font=&#8221;Lora||||||||&#8221; text_font_size=&#8221;18px&#8221; text_line_height=&#8221;1.8em&#8221; header_font=&#8221;Playfair Display|700|||||||&#8221; header_text_color=&#8221;#46281e&#8221; header_font_size=&#8221;56px&#8221; header_2_font=&#8221;Playfair Display|700|||||||&#8221; header_2_text_color=&#8221;#46281e&#8221; header_2_font_size=&#8221;48px&#8221; custom_margin=&#8221;|||&#8221;]<\/p>\n<h1><span style=\"color: #ffffff;\">Etui na telefon<\/span><\/h1>\n<p>[\/et_pb_text][\/et_pb_column][et_pb_column type=&#8221;1_2&#8243; _builder_version=&#8221;3.25&#8243; background_size=&#8221;contain&#8221; background_position=&#8221;center_left&#8221; custom_padding=&#8221;100px||100px|&#8221; custom_padding__hover=&#8221;|||&#8221;][et_pb_divider show_divider=&#8221;off&#8221; _builder_version=&#8221;3.2&#8243; height=&#8221;100px&#8221; locked=&#8221;off&#8221;][\/et_pb_divider][\/et_pb_column][\/et_pb_row][et_pb_row _builder_version=&#8221;3.25&#8243; max_width=&#8221;1280px&#8221; use_custom_width=&#8221;on&#8221; custom_width_px=&#8221;1280px&#8221;][et_pb_column type=&#8221;4_4&#8243; _builder_version=&#8221;3.25&#8243; custom_padding=&#8221;|||&#8221; custom_padding__hover=&#8221;|||&#8221;][et_pb_text admin_label=&#8221;TEKST&#8221; _builder_version=&#8221;4.5.7&#8243; text_font=&#8221;Lora||||||||&#8221; text_font_size=&#8221;18px&#8221; text_line_height=&#8221;1.8em&#8221; header_font=&#8221;Playfair Display|700|||||||&#8221; header_text_color=&#8221;#7e6550&#8243; header_font_size=&#8221;50px&#8221; header_2_font=&#8221;Oswald|500||on|||||&#8221; header_2_text_color=&#8221;#7e6550&#8243; header_2_font_size=&#8221;86px&#8221; header_2_letter_spacing=&#8221;5px&#8221; header_2_line_height=&#8221;1.3em&#8221; text_orientation=&#8221;center&#8221; background_layout=&#8221;dark&#8221; module_alignment=&#8221;center&#8221; custom_margin=&#8221;|||&#8221; custom_margin_tablet=&#8221;&#8221; custom_margin_phone=&#8221;-80px|||&#8221; custom_margin_last_edited=&#8221;on|phone&#8221; animation_style=&#8221;slide&#8221; animation_direction=&#8221;bottom&#8221; animation_intensity_slide=&#8221;10%&#8221; header_2_font_size_tablet=&#8221;&#8221; header_2_font_size_phone=&#8221;76px&#8221; header_2_font_size_last_edited=&#8221;on|phone&#8221; locked=&#8221;off&#8221;]<\/p>\n<p><span style=\"color: #656565; font-size: 18px;\">Prezentujemy wszystkie <strong>etui na telefon<\/strong> z naszej dost\u0119pnej kolekcji. Nazw\u0119 modelu telefonu prosimy wpisa\u0107 w trakcie zam\u00f3wienia lub w wiadomo\u015bci e-mail. Istnieje mo\u017cliwo\u015b\u0107 zam\u00f3wienia <strong>w\u0142asnego wzoru etui na telefon<\/strong>, w takim wypadku zapraszamy do <a href=\"http:\/\/msdesignstudio.eu\/kontakt\/\">kontaktu z nami<\/a>. <\/span><\/p>\n<p>[\/et_pb_text][et_pb_text _builder_version=&#8221;4.5.7&#8243; text_font=&#8221;||||||||&#8221; header_font=&#8221;Oswald||||||||&#8221; header_font_size=&#8221;46px&#8221;]<\/p>\n<h3 style=\"text-align: center;\"><span style=\"color: #656565; font-size: 40px; text-align: center;\">Kolekcja etui na telefon<\/span><\/h3>\n<p>[\/et_pb_text][\/et_pb_column][\/et_pb_row][et_pb_row _builder_version=&#8221;4.5.7&#8243; _module_preset=&#8221;default&#8221; hover_enabled=&#8221;0&#8243; sticky_enabled=&#8221;0&#8243;][et_pb_column type=&#8221;4_4&#8243; _builder_version=&#8221;4.5.7&#8243; _module_preset=&#8221;default&#8221; hover_enabled=&#8221;0&#8243; sticky_enabled=&#8221;0&#8243;][et_pb_shop type=&#8221;product_category&#8221; posts_number=&#8221;20&#8243; show_pagination=&#8221;on&#8221; include_categories=&#8221;19&#8243; columns_number=&#8221;4&#8243; orderby=&#8221;menu_order&#8221; icon_hover_color=&#8221;#7e6550&#8243; hover_overlay_color=&#8221;rgba(242,238,234,0.9)&#8221; hover_icon=&#8221;%%3%%&#8221; _builder_version=&#8221;4.6.3&#8243; title_font=&#8221;Playfair Display||||||||&#8221; title_font_size=&#8221;18px&#8221; price_font=&#8221;Lora|700|||||||&#8221; price_text_color=&#8221;#000000&#8243; price_font_size=&#8221;18px&#8221; text_orientation=&#8221;center&#8221; custom_margin=&#8221;|||&#8221; custom_padding=&#8221;20px|20px|0px|20px&#8221; hover_enabled=&#8221;0&#8243; border_width_all=&#8221;1px&#8221; border_color_all=&#8221;#000000&#8243; locked=&#8221;off&#8221; sticky_enabled=&#8221;0&#8243;][\/et_pb_shop][\/et_pb_column][\/et_pb_row][\/et_pb_section][et_pb_section fb_built=&#8221;1&#8243; admin_label=&#8221;Testimonials Section&#8221; _builder_version=&#8221;4.6.3&#8243; background_color=&#8221;#f4f4f4&#8243; hover_enabled=&#8221;0&#8243; sticky_enabled=&#8221;0&#8243;][et_pb_row _builder_version=&#8221;3.25&#8243; custom_padding=&#8221;27px|0px|0px|0px&#8221;][et_pb_column type=&#8221;4_4&#8243; _builder_version=&#8221;3.25&#8243; custom_padding=&#8221;|||&#8221; custom_padding__hover=&#8221;|||&#8221;][et_pb_text admin_label=&#8221;Tekst&#8221; _builder_version=&#8221;4.5.7&#8243; text_font=&#8221;Lora||||||||&#8221; text_font_size=&#8221;18px&#8221; text_line_height=&#8221;1.8em&#8221; header_font=&#8221;Playfair Display|700|||||||&#8221; header_text_color=&#8221;#7e6550&#8243; header_font_size=&#8221;36px&#8221; header_2_font=&#8221;Oswald|500||on|||||&#8221; header_2_text_color=&#8221;#7e6550&#8243; header_2_font_size=&#8221;86px&#8221; header_2_letter_spacing=&#8221;5px&#8221; header_2_line_height=&#8221;1.3em&#8221; text_orientation=&#8221;center&#8221; background_layout=&#8221;dark&#8221; custom_margin=&#8221;|||&#8221; custom_margin_tablet=&#8221;&#8221; custom_margin_phone=&#8221;-80px|||&#8221; custom_margin_last_edited=&#8221;on|phone&#8221; header_2_font_size_tablet=&#8221;&#8221; header_2_font_size_phone=&#8221;76px&#8221; header_2_font_size_last_edited=&#8221;on|phone&#8221; locked=&#8221;off&#8221;]<\/p>\n<h2><span style=\"color: #2d2d2d; font-size: 65px;\">Opinie<\/span><\/h2>\n<p>[\/et_pb_text][\/et_pb_column][\/et_pb_row][et_pb_row column_structure=&#8221;1_3,1_3,1_3&#8243; admin_label=&#8221;Testimonials&#8221; _builder_version=&#8221;3.25&#8243; max_width=&#8221;1280px&#8221; custom_padding=&#8221;3px|0px|27px|0px&#8221; use_custom_width=&#8221;on&#8221; custom_width_px=&#8221;1280px&#8221;][et_pb_column type=&#8221;1_3&#8243; _builder_version=&#8221;3.25&#8243; custom_padding=&#8221;|||&#8221; custom_padding__hover=&#8221;|||&#8221;][et_pb_blurb title=&#8221;Obs\u0142uga rewelacja, super kontakt i szybka dostawa. Najlepsze etui jakie mia\u0142am, idealnie skrojone. A przede wszystkim jest pi\u0119kne. &#8221; image=&#8221;\/\/msdesignstudio.eu\/wp-content\/uploads\/2017\/12\/stars.png&#8221; admin_label=&#8221;Testimonial&#8221; _builder_version=&#8221;4.6.3&#8243; header_font=&#8221;Playfair Display||on||||||&#8221; header_text_color=&#8221;#7c7c7c&#8221; header_font_size=&#8221;22px&#8221; header_line_height=&#8221;1.6em&#8221; body_font=&#8221;Oswald||||||||&#8221; body_text_color=&#8221;#7c7c7c&#8221; body_font_size=&#8221;18px&#8221; text_orientation=&#8221;center&#8221; custom_margin=&#8221;60px|||&#8221; custom_padding=&#8221;60px|20px|60px|20px&#8221; child_filter_brightness=&#8221;200%&#8221; child_filter_contrast=&#8221;98%&#8221; child_filter_invert=&#8221;100%&#8221; child_filter_opacity=&#8221;41%&#8221; animation_style=&#8221;slide&#8221; animation_direction=&#8221;bottom&#8221; animation_intensity_slide=&#8221;10%&#8221; hover_enabled=&#8221;0&#8243; border_width_all=&#8221;1px&#8221; border_color_all=&#8221;#000000&#8243; sticky_enabled=&#8221;0&#8243;]Aleksandra K.<br \/>\n[\/et_pb_blurb][\/et_pb_column][et_pb_column type=&#8221;1_3&#8243; _builder_version=&#8221;3.25&#8243; custom_padding=&#8221;|||&#8221; custom_padding__hover=&#8221;|||&#8221;][et_pb_blurb title=&#8221;Super obs\u0142uga klienta a do tego super etui, kt\u00f3re zakupi\u0142am u MS Design Studio moje ulubione irysy. Zach\u0119cam!&#8221; image=&#8221;\/\/msdesignstudio.eu\/wp-content\/uploads\/2017\/12\/stars.png&#8221; admin_label=&#8221;Testimonial&#8221; _builder_version=&#8221;4.6.3&#8243; header_font=&#8221;Playfair Display||on||||||&#8221; header_text_color=&#8221;#7c7c7c&#8221; header_font_size=&#8221;22px&#8221; header_line_height=&#8221;1.6em&#8221; body_font=&#8221;Oswald||||||||&#8221; body_text_color=&#8221;#7c7c7c&#8221; body_font_size=&#8221;18px&#8221; text_orientation=&#8221;center&#8221; custom_margin=&#8221;60px|||&#8221; custom_padding=&#8221;60px|20px|60px|20px&#8221; child_filter_saturate=&#8221;0%&#8221; child_filter_brightness=&#8221;200%&#8221; child_filter_contrast=&#8221;98%&#8221; child_filter_invert=&#8221;100%&#8221; child_filter_opacity=&#8221;41%&#8221; animation_style=&#8221;slide&#8221; animation_direction=&#8221;bottom&#8221; animation_delay=&#8221;100ms&#8221; animation_intensity_slide=&#8221;10%&#8221; hover_enabled=&#8221;0&#8243; border_width_all=&#8221;1px&#8221; border_color_all=&#8221;#000000&#8243; locked=&#8221;off&#8221; sticky_enabled=&#8221;0&#8243;]Marta P.<br \/>\n[\/et_pb_blurb][\/et_pb_column][et_pb_column type=&#8221;1_3&#8243; _builder_version=&#8221;3.25&#8243; custom_padding=&#8221;|||&#8221; custom_padding__hover=&#8221;|||&#8221;][et_pb_blurb title=&#8221;Uwielbiam moje etui. Pi\u0119kne jest! Do tego obs\u0142uga profesjonalna, szybka i wszystko pi\u0119knie zapakowane. Dzi\u0119kuj\u0119!&#8221; image=&#8221;\/\/msdesignstudio.eu\/wp-content\/uploads\/2017\/12\/stars.png&#8221; admin_label=&#8221;Testimonial&#8221; _builder_version=&#8221;4.6.3&#8243; header_font=&#8221;Playfair Display||on||||||&#8221; header_text_color=&#8221;#7c7c7c&#8221; header_font_size=&#8221;22px&#8221; header_line_height=&#8221;1.6em&#8221; body_font=&#8221;Oswald||||||||&#8221; body_text_color=&#8221;#7c7c7c&#8221; body_font_size=&#8221;18px&#8221; text_orientation=&#8221;center&#8221; custom_margin=&#8221;60px|||&#8221; custom_padding=&#8221;60px|20px|60px|20px&#8221; child_filter_brightness=&#8221;200%&#8221; child_filter_contrast=&#8221;98%&#8221; child_filter_invert=&#8221;100%&#8221; child_filter_opacity=&#8221;41%&#8221; animation_style=&#8221;slide&#8221; animation_direction=&#8221;bottom&#8221; animation_delay=&#8221;100ms&#8221; animation_intensity_slide=&#8221;10%&#8221; hover_enabled=&#8221;0&#8243; border_width_all=&#8221;1px&#8221; border_color_all=&#8221;#000000&#8243; locked=&#8221;off&#8221; sticky_enabled=&#8221;0&#8243;]Agata L.<br \/>\n[\/et_pb_blurb][\/et_pb_column][\/et_pb_row][\/et_pb_section]<\/p>\n","protected":false},"excerpt":{"rendered":"<p>Etui na telefonPrezentujemy wszystkie etui na telefon z naszej dost\u0119pnej kolekcji. Nazw\u0119 modelu telefonu prosimy wpisa\u0107 w trakcie zam\u00f3wienia lub w wiadomo\u015bci e-mail. Istnieje mo\u017cliwo\u015b\u0107 zam\u00f3wienia w\u0142asnego wzoru etui na telefon, w takim wypadku zapraszamy do kontaktu z nami. Kolekcja etui na telefonOpinieAleksandra K. Marta P. Agata L.<\/p>","protected":false},"author":7,"featured_media":0,"parent":0,"menu_order":0,"comment_status":"closed","ping_status":"closed","template":"","meta":{"_et_pb_use_builder":"on","_et_pb_old_content":"","_et_gb_content_width":"","jetpack_post_was_ever_published":false,"footnotes":""},"class_list":["post-50564","page","type-page","status-publish","hentry"],"yoast_head":"<!-- This site is optimized with the Yoast SEO plugin v27.3 - https:\/\/yoast.com\/product\/yoast-seo-wordpress\/ -->\n<title>Etui - Tapety na p\u0142\u00f3tnie - Unikatowe wzory tapet - MS Design Studio<\/title>\n<meta name=\"robots\" content=\"index, follow, max-snippet:-1, max-image-preview:large, max-video-preview:-1\" \/>\n<link rel=\"canonical\" href=\"https:\/\/msdesignstudio.eu\/en_gb\/etui\/\" \/>\n<meta property=\"og:locale\" content=\"en_GB\" \/>\n<meta property=\"og:type\" content=\"article\" \/>\n<meta property=\"og:title\" content=\"Etui - Tapety na p\u0142\u00f3tnie - Unikatowe wzory tapet - MS Design Studio\" \/>\n<meta property=\"og:description\" content=\"Etui na telefonPrezentujemy wszystkie etui na telefon z naszej dost\u0119pnej kolekcji. Nazw\u0119 modelu telefonu prosimy wpisa\u0107 w trakcie zam\u00f3wienia lub w wiadomo\u015bci e-mail. Istnieje mo\u017cliwo\u015b\u0107 zam\u00f3wienia w\u0142asnego wzoru etui na telefon, w takim wypadku zapraszamy do kontaktu z nami. Kolekcja etui na telefonOpinieAleksandra K. Marta P. Agata L.\" \/>\n<meta property=\"og:url\" content=\"https:\/\/msdesignstudio.eu\/en_gb\/etui\/\" \/>\n<meta property=\"og:site_name\" content=\"Tapety na p\u0142\u00f3tnie - Unikatowe wzory tapet - MS Design Studio\" \/>\n<meta property=\"article:publisher\" content=\"https:\/\/www.facebook.com\/MagdalenaSmielewskiDesign\/\" \/>\n<meta property=\"article:modified_time\" content=\"2021-08-06T10:15:43+00:00\" \/>\n<meta property=\"og:image\" content=\"https:\/\/msdesignstudio.eu\/wp-content\/uploads\/2019\/10\/ms-design-studio-tapety-na-plotnie-kwiaty-holenderskie.jpg\" \/>\n\t<meta property=\"og:image:width\" content=\"1920\" \/>\n\t<meta property=\"og:image:height\" content=\"1440\" \/>\n\t<meta property=\"og:image:type\" content=\"image\/jpeg\" \/>\n<meta name=\"twitter:card\" content=\"summary_large_image\" \/>\n<meta name=\"twitter:label1\" content=\"Estimated reading time\" \/>\n\t<meta name=\"twitter:data1\" content=\"6 minutes\" \/>\n<script type=\"application\/ld+json\" class=\"yoast-schema-graph\">{\"@context\":\"https:\\\/\\\/schema.org\",\"@graph\":[{\"@type\":\"WebPage\",\"@id\":\"https:\\\/\\\/msdesignstudio.eu\\\/etui\\\/\",\"url\":\"https:\\\/\\\/msdesignstudio.eu\\\/etui\\\/\",\"name\":\"Etui - Tapety na p\u0142\u00f3tnie - Unikatowe wzory tapet - MS Design Studio\",\"isPartOf\":{\"@id\":\"https:\\\/\\\/msdesignstudio.eu\\\/#website\"},\"datePublished\":\"2018-01-13T17:10:20+00:00\",\"dateModified\":\"2021-08-06T10:15:43+00:00\",\"breadcrumb\":{\"@id\":\"https:\\\/\\\/msdesignstudio.eu\\\/etui\\\/#breadcrumb\"},\"inLanguage\":\"en-GB\",\"potentialAction\":[{\"@type\":\"ReadAction\",\"target\":[\"https:\\\/\\\/msdesignstudio.eu\\\/etui\\\/\"]}]},{\"@type\":\"BreadcrumbList\",\"@id\":\"https:\\\/\\\/msdesignstudio.eu\\\/etui\\\/#breadcrumb\",\"itemListElement\":[{\"@type\":\"ListItem\",\"position\":1,\"name\":\"Strona g\u0142\u00f3wna\",\"item\":\"https:\\\/\\\/msdesignstudio.eu\\\/\"},{\"@type\":\"ListItem\",\"position\":2,\"name\":\"Etui\"}]},{\"@type\":\"WebSite\",\"@id\":\"https:\\\/\\\/msdesignstudio.eu\\\/#website\",\"url\":\"https:\\\/\\\/msdesignstudio.eu\\\/\",\"name\":\"Tapety na p\u0142\u00f3tnie - Unikatowe wzory tapet - MS Design Studio\",\"description\":\"Sklep z tapetami na p\u0142\u00f3tnie Online. Znajdziecie u nas tylko autorskie tapety na najwy\u017cszej jako\u015bci p\u0142\u00f3tnie. Porady z zakresu dekoracji wn\u0119trz. Nasze tapety wysy\u0142amy kurierem do wi\u0119kszo\u015bci kraj\u00f3w.\",\"publisher\":{\"@id\":\"https:\\\/\\\/msdesignstudio.eu\\\/#organization\"},\"potentialAction\":[{\"@type\":\"SearchAction\",\"target\":{\"@type\":\"EntryPoint\",\"urlTemplate\":\"https:\\\/\\\/msdesignstudio.eu\\\/?s={search_term_string}\"},\"query-input\":{\"@type\":\"PropertyValueSpecification\",\"valueRequired\":true,\"valueName\":\"search_term_string\"}}],\"inLanguage\":\"en-GB\"},{\"@type\":\"Organization\",\"@id\":\"https:\\\/\\\/msdesignstudio.eu\\\/#organization\",\"name\":\"MS DESIGN STUDIO\",\"url\":\"https:\\\/\\\/msdesignstudio.eu\\\/\",\"logo\":{\"@type\":\"ImageObject\",\"inLanguage\":\"en-GB\",\"@id\":\"https:\\\/\\\/msdesignstudio.eu\\\/#\\\/schema\\\/logo\\\/image\\\/\",\"url\":\"https:\\\/\\\/msdesignstudio.eu\\\/wp-content\\\/uploads\\\/2018\\\/05\\\/Salon-2-kwiaty2-FB.jpg\",\"contentUrl\":\"https:\\\/\\\/msdesignstudio.eu\\\/wp-content\\\/uploads\\\/2018\\\/05\\\/Salon-2-kwiaty2-FB.jpg\",\"width\":1200,\"height\":630,\"caption\":\"MS DESIGN STUDIO\"},\"image\":{\"@id\":\"https:\\\/\\\/msdesignstudio.eu\\\/#\\\/schema\\\/logo\\\/image\\\/\"},\"sameAs\":[\"https:\\\/\\\/www.facebook.com\\\/MagdalenaSmielewskiDesign\\\/\",\"https:\\\/\\\/www.instagram.com\\\/ms_design_studio\\\/\"]}]}<\/script>\n<!-- \/ Yoast SEO plugin. -->","yoast_head_json":{"title":"Etui - Tapety na p\u0142\u00f3tnie - Unikatowe wzory tapet - MS Design Studio","robots":{"index":"index","follow":"follow","max-snippet":"max-snippet:-1","max-image-preview":"max-image-preview:large","max-video-preview":"max-video-preview:-1"},"canonical":"https:\/\/msdesignstudio.eu\/en_gb\/etui\/","og_locale":"en_GB","og_type":"article","og_title":"Etui - Tapety na p\u0142\u00f3tnie - Unikatowe wzory tapet - MS Design Studio","og_description":"Etui na telefonPrezentujemy wszystkie etui na telefon z naszej dost\u0119pnej kolekcji. Nazw\u0119 modelu telefonu prosimy wpisa\u0107 w trakcie zam\u00f3wienia lub w wiadomo\u015bci e-mail. Istnieje mo\u017cliwo\u015b\u0107 zam\u00f3wienia w\u0142asnego wzoru etui na telefon, w takim wypadku zapraszamy do kontaktu z nami. Kolekcja etui na telefonOpinieAleksandra K. Marta P. Agata L.","og_url":"https:\/\/msdesignstudio.eu\/en_gb\/etui\/","og_site_name":"Tapety na p\u0142\u00f3tnie - Unikatowe wzory tapet - MS Design Studio","article_publisher":"https:\/\/www.facebook.com\/MagdalenaSmielewskiDesign\/","article_modified_time":"2021-08-06T10:15:43+00:00","og_image":[{"width":1920,"height":1440,"url":"https:\/\/msdesignstudio.eu\/wp-content\/uploads\/2019\/10\/ms-design-studio-tapety-na-plotnie-kwiaty-holenderskie.jpg","type":"image\/jpeg"}],"twitter_card":"summary_large_image","twitter_misc":{"Estimated reading time":"6 minutes"},"schema":{"@context":"https:\/\/schema.org","@graph":[{"@type":"WebPage","@id":"https:\/\/msdesignstudio.eu\/etui\/","url":"https:\/\/msdesignstudio.eu\/etui\/","name":"Etui - Tapety na p\u0142\u00f3tnie - Unikatowe wzory tapet - MS Design Studio","isPartOf":{"@id":"https:\/\/msdesignstudio.eu\/#website"},"datePublished":"2018-01-13T17:10:20+00:00","dateModified":"2021-08-06T10:15:43+00:00","breadcrumb":{"@id":"https:\/\/msdesignstudio.eu\/etui\/#breadcrumb"},"inLanguage":"en-GB","potentialAction":[{"@type":"ReadAction","target":["https:\/\/msdesignstudio.eu\/etui\/"]}]},{"@type":"BreadcrumbList","@id":"https:\/\/msdesignstudio.eu\/etui\/#breadcrumb","itemListElement":[{"@type":"ListItem","position":1,"name":"Strona g\u0142\u00f3wna","item":"https:\/\/msdesignstudio.eu\/"},{"@type":"ListItem","position":2,"name":"Etui"}]},{"@type":"WebSite","@id":"https:\/\/msdesignstudio.eu\/#website","url":"https:\/\/msdesignstudio.eu\/","name":"Tapety na p\u0142\u00f3tnie - Unikatowe wzory tapet - MS Design Studio","description":"Sklep z tapetami na p\u0142\u00f3tnie Online. Znajdziecie u nas tylko autorskie tapety na najwy\u017cszej jako\u015bci p\u0142\u00f3tnie. Porady z zakresu dekoracji wn\u0119trz. Nasze tapety wysy\u0142amy kurierem do wi\u0119kszo\u015bci kraj\u00f3w.","publisher":{"@id":"https:\/\/msdesignstudio.eu\/#organization"},"potentialAction":[{"@type":"SearchAction","target":{"@type":"EntryPoint","urlTemplate":"https:\/\/msdesignstudio.eu\/?s={search_term_string}"},"query-input":{"@type":"PropertyValueSpecification","valueRequired":true,"valueName":"search_term_string"}}],"inLanguage":"en-GB"},{"@type":"Organization","@id":"https:\/\/msdesignstudio.eu\/#organization","name":"MS DESIGN STUDIO","url":"https:\/\/msdesignstudio.eu\/","logo":{"@type":"ImageObject","inLanguage":"en-GB","@id":"https:\/\/msdesignstudio.eu\/#\/schema\/logo\/image\/","url":"https:\/\/msdesignstudio.eu\/wp-content\/uploads\/2018\/05\/Salon-2-kwiaty2-FB.jpg","contentUrl":"https:\/\/msdesignstudio.eu\/wp-content\/uploads\/2018\/05\/Salon-2-kwiaty2-FB.jpg","width":1200,"height":630,"caption":"MS DESIGN STUDIO"},"image":{"@id":"https:\/\/msdesignstudio.eu\/#\/schema\/logo\/image\/"},"sameAs":["https:\/\/www.facebook.com\/MagdalenaSmielewskiDesign\/","https:\/\/www.instagram.com\/ms_design_studio\/"]}]}},"jetpack_sharing_enabled":true,"jetpack_shortlink":"https:\/\/wp.me\/P9tNiq-d9y","_links":{"self":[{"href":"https:\/\/msdesignstudio.eu\/en_gb\/wp-json\/wp\/v2\/pages\/50564","targetHints":{"allow":["GET"]}}],"collection":[{"href":"https:\/\/msdesignstudio.eu\/en_gb\/wp-json\/wp\/v2\/pages"}],"about":[{"href":"https:\/\/msdesignstudio.eu\/en_gb\/wp-json\/wp\/v2\/types\/page"}],"author":[{"embeddable":true,"href":"https:\/\/msdesignstudio.eu\/en_gb\/wp-json\/wp\/v2\/users\/7"}],"replies":[{"embeddable":true,"href":"https:\/\/msdesignstudio.eu\/en_gb\/wp-json\/wp\/v2\/comments?post=50564"}],"version-history":[{"count":27,"href":"https:\/\/msdesignstudio.eu\/en_gb\/wp-json\/wp\/v2\/pages\/50564\/revisions"}],"predecessor-version":[{"id":53353,"href":"https:\/\/msdesignstudio.eu\/en_gb\/wp-json\/wp\/v2\/pages\/50564\/revisions\/53353"}],"wp:attachment":[{"href":"https:\/\/msdesignstudio.eu\/en_gb\/wp-json\/wp\/v2\/media?parent=50564"}],"curies":[{"name":"wp","href":"https:\/\/api.w.org\/{rel}","templated":true}]}}