{"id":50713,"date":"2018-01-29T15:17:49","date_gmt":"2018-01-29T14:17:49","guid":{"rendered":"http:\/\/msdesignstudio.eu\/?page_id=50713"},"modified":"2020-08-25T19:36:58","modified_gmt":"2020-08-25T17:36:58","slug":"polityka-prywatnosci","status":"publish","type":"page","link":"https:\/\/msdesignstudio.eu\/en_gb\/polityka-prywatnosci\/","title":{"rendered":"Polityka prywatno\u015bci"},"content":{"rendered":"<p>[et_pb_section fb_built=&#8221;1&#8243; _builder_version=&#8221;4.5.7&#8243; background_color=&#8221;#f2eeea&#8221;][et_pb_row column_structure=&#8221;2_3,1_3&#8243; _builder_version=&#8221;3.25&#8243; background_size=&#8221;initial&#8221; background_position=&#8221;top_left&#8221; background_repeat=&#8221;repeat&#8221; hover_enabled=&#8221;0&#8243;][et_pb_column type=&#8221;2_3&#8243; _builder_version=&#8221;3.25&#8243; custom_padding=&#8221;|||&#8221; custom_padding__hover=&#8221;|||&#8221;][et_pb_text _builder_version=&#8221;3.29.3&#8243; hover_enabled=&#8221;0&#8243;]<\/p>\n<h2 class=\"entry-title main_title\"><strong>Polityka prywatno\u015bci\u00a0<\/strong><\/h2>\n<p class=\"entry-title main_title\">Us\u0142ugi oferowane przez MS Design Studio s\u0105 w pe\u0142ni komercyjne. Kwestie zwi\u0105zane z Twoj\u0105 prywatno\u015bci\u0105 i bezpiecze\u0144stwem s\u0105 dla nas istotnym elementem prowadzonej dzia\u0142alno\u015bci.<\/p>\n<div class=\"entry-content\">\n<p>Procedury dotycz\u0105ce zapewnienia jako\u015bci i ochrony danych, spe\u0142niaj\u0105 najwy\u017csze standardy, a tak\u017ce zapewniaj\u0105 zdolno\u015b\u0107 do dostarczania us\u0142ug zgodnych z przepisami prawa i wymaganiami Klienta.<\/p>\n<p>Wszelkie procesy przetwarzania danych osobowych przeprowadzane s\u0105 zgodnie z obowi\u0105zuj\u0105cymi przepisami, jak i wymaganiami klienta.<\/p>\n<p>Nasz\u0105 polityk\u0119 w tym zakresie okre\u015blaj\u0105 trzy filary:<\/p>\n<ol>\n<li>Przetwarzanie danych osobowych Klienta.<\/li>\n<li>Zabezpieczenie us\u0142ugi has\u0142em.<\/li>\n<li>Polityka plik\u00f3w \u201ecookies\u201d.<\/li>\n<\/ol>\n<p>&nbsp;<\/p>\n<p><strong>PRZETWARZANIE DANYCH OSOBOWYCH KLIENTA<\/strong><\/p>\n<p>Zgodnie z art. 13 ust. 1 Rozporz\u0105dzenia Parlamentu Europejskiego i Rady (UE) 2016\/679 z dnia 27 kwietnia 2016 roku w sprawie ochrony os\u00f3b fizycznych w zwi\u0105zku z przetwarzaniem danych\u00a0 osobowych i w sprawie swobodnego przep\u0142ywu takich danych oraz uchylenia dyrektywy 95\/46\/WE (zwane dalej: RODO) informujemy, i\u017c:<\/p>\n<p>1)\u00a0Administratorem Twoich danych osobowych b\u0119dzie MS Design Studio Magdalena \u015amielewska Ul Sienkiewicza 4\/3a, \u0141\u00f3d\u017a. zwanej dalej MS Aktualne dane kontaktowe znajduj\u0105 sie w zak\u0142adce kontakt niniejszej strony\u00a0 www.<\/p>\n<p>2) MS powo\u0142a\u0142o Inspektora ochrony danych. Dane do kontaktu: adres e-mail: info@msdesignstudio.eu<\/p>\n<p>3) MS przetwarza dane osobowe podane przez Ciebie w trakcie zawierania umowy o \u015bwiadczenie us\u0142ug lub przy wystawianiu faktur\u00a0 Zakres tych danych warunkuje rodzaj us\u0142ugi, kt\u00f3r\u0105 zamawiasz lub z kt\u00f3rej korzystasz.<\/p>\n<p>Podstawowy zakres tych danych to: imi\u0119 i nazwisko lub firma, NIP, adres zamieszkania lub adres siedziby, adresy kontaktowe (adres korespondencyjny do korespondencji papierowej, adres email, telefon), imi\u0119 i nazwisko lub firma osoby wskazanej przez Ciebie jako osoba uprawniona do reprezentacji Ciebie w sprawach dotycz\u0105cych Twoich us\u0142ug a tak\u017ce jej adresy kontaktowe (adres korespondencyjny do korespondencji papierowej, adres email, telefon).<\/p>\n<p>4) W zakresie niezb\u0119dnym do wykonania zawartej przez Ciebie z MS umowy o \u015bwiadczenie us\u0142ug oferowanych przez MS, a tak\u017ce w zakresie niezb\u0119dnym do podj\u0119cia przez MS dzia\u0142a\u0144 na Twoje \u017c\u0105danie, a tak\u017ce w zakresie niezb\u0119dnym do wype\u0142nienia przez MS ci\u0105\u017c\u0105cego na MS obowi\u0105zku prawnego oraz do cel\u00f3w wynikaj\u0105cych z prawnie uzasadnionych interes\u00f3w realizowanych przez MS (wykrywania nadu\u017cy\u0107 i zapobiegania im, ustalenia i obrony oraz dochodzenia roszcze\u0144, tworzenia zestawie\u0144, analiz i statystyk, weryfikacji wiarygodno\u015bci p\u0142atniczej, obs\u0142ugi reklamacji i zg\u0142osze\u0144, wsparcia technicznego, rozlicze\u0144 finansowych, w tym wystawienia dokument\u00f3w ksi\u0119gowych) \u2013 przetwarzanie Twoich danych osobowych nast\u0119puje na podstawie przepisu prawa tj. art. 6 ust. 1 lit. b) oraz lit. c) oraz lit. f) RODO, bez konieczno\u015bci wyra\u017cenia przez Ciebie zgody na przetwarzanie Twoich danych osobowych.<\/p>\n<p>W pozosta\u0142ym zakresie Twoje dane osobowe przetwarzane b\u0119d\u0105 na podstawie wyra\u017conej przez Ciebie zgody.<\/p>\n<p>5) MS jest uprawniona do przekazywania Twoich danych osobowych podmiotom trzecim (zwanym dalej: Podwykonawcami MS) w celu i w zakresie koniecznym do prawid\u0142owego i nale\u017cytego wykonania zawartej przez Ciebie z MS umowy.<\/p>\n<p>W zwi\u0105zku z tym Twoje dane osobowe mog\u0105 by\u0107 przekazane Podwykonawcom MS na podstawie umowy o powierzeniu przetwarzania danych osobowych zawartej pomi\u0119dzy MS a Podwykonawcami MS.<\/p>\n<p>Ponadto MS jest zobowi\u0105zany do przekazywania Twoich danych osobowych na podstawie bezwzgl\u0119dnie obowi\u0105zuj\u0105cych przepis\u00f3w prawa, w tym na \u017c\u0105danie uprawnionych s\u0105d\u00f3w, organ\u00f3w i instytucji.<\/p>\n<p>6) Twoje dane osobowe, co do zasady nie s\u0105 przekazywane poza obszar EOG. Przekazanie Twoich danych osobowych poza obszar EOG mo\u017ce jednak nast\u0105pi\u0107, gdy b\u0119dzie to konieczne w celu zrealizowania Twojej us\u0142ugi, w tym sytuacji, gdy realizacja us\u0142ugi b\u0119dzie wymaga\u0142a udzia\u0142u Podwykonawc\u00f3w WB posiadaj\u0105cych siedziby poza obszarem EOG. (Np. Google, Facebook)<\/p>\n<p>7) Twoje dane osobowe b\u0119d\u0105 przechowywane przez okres trwania zawartej przez Ciebie z MS\u00a0 umowy o \u015bwiadczenie us\u0142ug oferowanych przez MS, w zwi\u0105zku z kt\u00f3r\u0105 Twoje dane osobowe s\u0105 przetwarzane, a po tym okresie do dnia up\u0142ywu terminu przedawnienia roszcze\u0144 z tytu\u0142u zawartej przez Ciebie z MS umowy o \u015bwiadczenie us\u0142ug oferowanych przez MS.\u00a0 Natomiast Twoje dane osobowe utrwalone w dokumentacji ksi\u0119gowej b\u0119d\u0105 przechowywane przez okres wskazany w obowi\u0105zuj\u0105cych przepisach prawa, w tym przepisach podatkowych.<\/p>\n<p>8) Z zastrze\u017ceniem ogranicze\u0144 wynikaj\u0105cych z RODO i innych przepis\u00f3w prawa, posiadasz prawo dost\u0119pu do tre\u015bci Swoich danych osobowych oraz prawo ich sprostowania, usuni\u0119cia, ograniczenia przetwarzania, prawo do przenoszenia danych osobowych, prawo wniesienia sprzeciwu, a tak\u017ce prawo do cofni\u0119cia zgody w dowolnym momencie je\u017celi przetwarzanie odbywa si\u0119 na podstawie wyra\u017conej przez Ciebie zgody.<\/p>\n<p>9) Masz prawo wniesienia skargi do organu nadzoru w rozumieniu RODO, gdy Uznasz, i\u017c przetwarzanie Twoich danych osobowych narusza przepisy RODO.<\/p>\n<p>10) W zakresie, w jakim Twoje dane osobowe s\u0105 zbierane na podstawie przepisu prawa tj. art. 6 ust. 1 lit. b) oraz lit. c) oraz li. f) RODO brak podania przez Ciebie wszystkich wymaganych danych osobowych w zale\u017cno\u015bci od okoliczno\u015bci, mo\u017ce spowodowa\u0107 odmow\u0119 zawarcia z Tob\u0105 umowy o \u015bwiadczenie us\u0142ug oferowanych przez MS lub stanowi\u0107 przeszkod\u0119 lub utrudnienie w zawarciu lub wykonaniu umowy o \u015bwiadczenie us\u0142ug oferowanych przez MS. W zakresie, w jakim Twoje dane osobowe s\u0105 zbierane na podstawie zgody, podanie danych osobowych jest dobrowolne. Jednak\u017ce odmowa wyra\u017cenia przez Ciebie zgody w celach marketingowych lub cofni\u0119cie tej zgody uniemo\u017cliwi MS informowanie Ciebie o nowych ofertach i promocjach.<\/p>\n<p>11) Mo\u017cesz podlega\u0107 decyzji opartej wy\u0142\u0105cznie na zautomatyzowanym przetwarzaniu danych osobowych, w tym profilowaniu, je\u015bli uprawnia Nas do tego obowi\u0105zuj\u0105cy przepis prawa lub uprzednio Wyrazisz na to zgod\u0119.<\/p>\n<p><strong>ZABEZPIECZENIE US\u0141UGI HAS\u0141EM<\/strong><\/p>\n<p>Ka\u017cda us\u0142uga uruchamiana na serwerach MS zabezpieczana jest has\u0142em dost\u0119pu. Has\u0142o to musi spe\u0142nia\u0107 wymagania co do ilo\u015bci znak\u00f3w w tym liter, liczb, znak\u00f3w specjalnych, zapewniaj\u0105cych adekwatny stopie\u0144 bezpiecze\u0144stwa odpowiadaj\u0105cy ryzyku zwi\u0105zanemu z przetwarzaniem danych osobowych. W ten spos\u00f3b dost\u0119p do konta mo\u017cliwy jest wy\u0142\u0105cznie po prawid\u0142owej autoryzacji.<\/p>\n<p>Za po\u015brednictwem udost\u0119pnionych w Panelu Administracyjnym mechanizm\u00f3w mo\u017cesz w dowolnym momencie dokona\u0107 zmiany has\u0142a. Je\u015bli zapomnia\u0142e\u015b has\u0142a, dost\u0119pna jest sformalizowana procedura nadania nowego has\u0142a.<\/p>\n<p><strong>POLITYKA PLIK\u00d3W \u201eCOOKIES\u201d<\/strong><\/p>\n<p>\u201eCookies\u201d to pliki tekstowe, dane informatyczne przechowywane w urz\u0105dzeniach u\u017cytkownik\u00f3w, przeznaczone do korzystania ze stron internetowych. Pozwalaj\u0105 m.in. zidentyfikowa\u0107 rodzaj \u00a0urz\u0105dzenia u\u017cytkownika i wy\u015bwietla\u0107 strony internetowe dostosowane do indywidualnych preferencji. Pliki \u201eCookies\u201d zawieraj\u0105 najcz\u0119\u015bciej adres strony internetowej, czas przechowywania na urz\u0105dzeniu u\u017cytkownika oraz w\u0142asny unikatowy identyfikator.<\/p>\n<p>\u201eCookies\u201d u\u017cywamy w celu optymalizacji korzystania ze stron internetowych. U\u017cywane s\u0105 r\u00f3wnie\u017c w celu gromadzenia danych statystycznych, kt\u00f3re pozwalaj\u0105 identyfikowa\u0107 spos\u00f3b korzystania u\u017cytkownik\u00f3w ze stron internetowych. Daje to mo\u017cliwo\u015b\u0107 p\u00f3\u017aniejszego ulepszania struktury i zawarto\u015bci Witryny, z wy\u0142\u0105czeniem personalnej identyfikacji u\u017cytkownika. Dane osobowe \u00a0gromadzone przy u\u017cyciu plik\u00f3w \u201ecookies\u201d mog\u0105 by\u0107 zbierane wy\u0142\u0105cznie w celu wykonywania okre\u015blonych funkcji i aktywno\u015bci na rzecz u\u017cytkownika. Takie dane s\u0105 zaszyfrowane w spos\u00f3b uniemo\u017cliwiaj\u0105cy dost\u0119p do nich osobom nieuprawnionym.<\/p>\n<p>Stosujemy \u201ecookies\u201d sesyjne (tymczasowe) oraz sta\u0142e. \u201eCookies\u201d sesyjne przechowywane s\u0105 na urz\u0105dzeniu u\u017cytkownika do wylogowania ze strony internetowej lub wy\u0142\u0105czenia przegl\u0105darki \u00a0internetowej. \u201eCookies\u201d sta\u0142e przechowywane s\u0105 przez zdefiniowany czas, kt\u00f3ry okre\u015blany jest parametr zawarty w pliku \u201ecookies\u201d \u2013 u\u017cytkownik dysponuje mo\u017cliwo\u015bci\u0105 ich r\u0119cznego usuni\u0119cia. \u201eCookies\u201d stosowane przez partner\u00f3w operatora strony internetowej podlegaj\u0105 ich w\u0142asnej polityce prywatno\u015bci.<\/p>\n<p>Oprogramowanie wykorzystywane do przegl\u0105dania stron WWW domy\u015blnie dopuszcza umieszczanie plik\u00f3w \u201ecookies\u201d na urz\u0105dzeniu ko\u0144cowym. U\u017cytkownik mo\u017ce dokona\u0107 w\u0142a\u015bciwej konfiguracji przegl\u0105darki, aby zablokowa\u0107 automatyczne akceptowanie plik\u00f3w \u201ecookies\u201d lub uzyska\u0107 ka\u017cdorazow\u0105 informacj\u0119 o przes\u0142aniu pliku na urz\u0105dzenie u\u017cytkownika. W\u0142a\u015bciwe informacje o obs\u0142udze plik\u00f3w \u201ecookies\u201d oraz mo\u017cliwych konfiguracjach dost\u0119pne s\u0105 w ustawieniach przegl\u0105darki. Poziom ogranicze\u0144 dotycz\u0105cy stosowania plik\u00f3w \u201ecookies\u201d mo\u017ce wp\u0142yn\u0105\u0107 na dost\u0119pno\u015b\u0107 i funkcjonalno\u015bci oferowane na stronie internetowej, a\u017c do zablokowania mo\u017cliwo\u015bci jej prawid\u0142owego u\u017cytkowania.<\/p>\n<\/div>\n<p>[\/et_pb_text][\/et_pb_column][et_pb_column type=&#8221;1_3&#8243; _builder_version=&#8221;3.25&#8243; custom_padding=&#8221;|||&#8221; custom_padding__hover=&#8221;|||&#8221;][\/et_pb_column][\/et_pb_row][\/et_pb_section]<\/p>\n","protected":false},"excerpt":{"rendered":"<p>Polityka prywatno\u015bci\u00a0 Us\u0142ugi oferowane przez MS Design Studio s\u0105 w pe\u0142ni komercyjne. Kwestie zwi\u0105zane z Twoj\u0105 prywatno\u015bci\u0105 i bezpiecze\u0144stwem s\u0105 dla nas istotnym elementem prowadzonej dzia\u0142alno\u015bci. Procedury dotycz\u0105ce zapewnienia jako\u015bci i ochrony danych, spe\u0142niaj\u0105 najwy\u017csze standardy, a tak\u017ce zapewniaj\u0105 zdolno\u015b\u0107 do dostarczania us\u0142ug zgodnych z przepisami prawa i wymaganiami Klienta. Wszelkie procesy przetwarzania danych osobowych [&hellip;]<\/p>\n","protected":false},"author":7,"featured_media":0,"parent":0,"menu_order":0,"comment_status":"closed","ping_status":"closed","template":"","meta":{"_et_pb_use_builder":"on","_et_pb_old_content":"","_et_gb_content_width":"","jetpack_post_was_ever_published":false,"footnotes":""},"class_list":["post-50713","page","type-page","status-publish","hentry"],"yoast_head":"<!-- This site is optimized with the Yoast SEO plugin v27.3 - https:\/\/yoast.com\/product\/yoast-seo-wordpress\/ -->\n<title>Polityka prywatno\u015bci - Tapety na p\u0142\u00f3tnie - Unikatowe wzory tapet - MS Design Studio<\/title>\n<meta name=\"robots\" content=\"index, follow, max-snippet:-1, max-image-preview:large, max-video-preview:-1\" \/>\n<link rel=\"canonical\" href=\"https:\/\/msdesignstudio.eu\/en_gb\/polityka-prywatnosci\/\" \/>\n<meta property=\"og:locale\" content=\"en_GB\" \/>\n<meta property=\"og:type\" content=\"article\" \/>\n<meta property=\"og:title\" content=\"Polityka prywatno\u015bci - Tapety na p\u0142\u00f3tnie - Unikatowe wzory tapet - MS Design Studio\" \/>\n<meta property=\"og:description\" content=\"Polityka prywatno\u015bci\u00a0 Us\u0142ugi oferowane przez MS Design Studio s\u0105 w pe\u0142ni komercyjne. Kwestie zwi\u0105zane z Twoj\u0105 prywatno\u015bci\u0105 i bezpiecze\u0144stwem s\u0105 dla nas istotnym elementem prowadzonej dzia\u0142alno\u015bci. Procedury dotycz\u0105ce zapewnienia jako\u015bci i ochrony danych, spe\u0142niaj\u0105 najwy\u017csze standardy, a tak\u017ce zapewniaj\u0105 zdolno\u015b\u0107 do dostarczania us\u0142ug zgodnych z przepisami prawa i wymaganiami Klienta. Wszelkie procesy przetwarzania danych osobowych [&hellip;]\" \/>\n<meta property=\"og:url\" content=\"https:\/\/msdesignstudio.eu\/en_gb\/polityka-prywatnosci\/\" \/>\n<meta property=\"og:site_name\" content=\"Tapety na p\u0142\u00f3tnie - Unikatowe wzory tapet - MS Design Studio\" \/>\n<meta property=\"article:publisher\" content=\"https:\/\/www.facebook.com\/MagdalenaSmielewskiDesign\/\" \/>\n<meta property=\"article:modified_time\" content=\"2020-08-25T17:36:58+00:00\" \/>\n<meta property=\"og:image\" content=\"https:\/\/msdesignstudio.eu\/wp-content\/uploads\/2019\/10\/ms-design-studio-tapety-na-plotnie-kwiaty-holenderskie.jpg\" \/>\n\t<meta property=\"og:image:width\" content=\"1920\" \/>\n\t<meta property=\"og:image:height\" content=\"1440\" \/>\n\t<meta property=\"og:image:type\" content=\"image\/jpeg\" \/>\n<meta name=\"twitter:card\" content=\"summary_large_image\" \/>\n<meta name=\"twitter:label1\" content=\"Estimated reading time\" \/>\n\t<meta name=\"twitter:data1\" content=\"7 minutes\" \/>\n<script type=\"application\/ld+json\" class=\"yoast-schema-graph\">{\"@context\":\"https:\\\/\\\/schema.org\",\"@graph\":[{\"@type\":\"WebPage\",\"@id\":\"https:\\\/\\\/msdesignstudio.eu\\\/polityka-prywatnosci\\\/\",\"url\":\"https:\\\/\\\/msdesignstudio.eu\\\/polityka-prywatnosci\\\/\",\"name\":\"Polityka prywatno\u015bci - Tapety na p\u0142\u00f3tnie - Unikatowe wzory tapet - MS Design Studio\",\"isPartOf\":{\"@id\":\"https:\\\/\\\/msdesignstudio.eu\\\/#website\"},\"datePublished\":\"2018-01-29T14:17:49+00:00\",\"dateModified\":\"2020-08-25T17:36:58+00:00\",\"breadcrumb\":{\"@id\":\"https:\\\/\\\/msdesignstudio.eu\\\/polityka-prywatnosci\\\/#breadcrumb\"},\"inLanguage\":\"en-GB\",\"potentialAction\":[{\"@type\":\"ReadAction\",\"target\":[\"https:\\\/\\\/msdesignstudio.eu\\\/polityka-prywatnosci\\\/\"]}]},{\"@type\":\"BreadcrumbList\",\"@id\":\"https:\\\/\\\/msdesignstudio.eu\\\/polityka-prywatnosci\\\/#breadcrumb\",\"itemListElement\":[{\"@type\":\"ListItem\",\"position\":1,\"name\":\"Strona g\u0142\u00f3wna\",\"item\":\"https:\\\/\\\/msdesignstudio.eu\\\/\"},{\"@type\":\"ListItem\",\"position\":2,\"name\":\"Polityka prywatno\u015bci\"}]},{\"@type\":\"WebSite\",\"@id\":\"https:\\\/\\\/msdesignstudio.eu\\\/#website\",\"url\":\"https:\\\/\\\/msdesignstudio.eu\\\/\",\"name\":\"Tapety na p\u0142\u00f3tnie - Unikatowe wzory tapet - MS Design Studio\",\"description\":\"Sklep z tapetami na p\u0142\u00f3tnie Online. Znajdziecie u nas tylko autorskie tapety na najwy\u017cszej jako\u015bci p\u0142\u00f3tnie. Porady z zakresu dekoracji wn\u0119trz. Nasze tapety wysy\u0142amy kurierem do wi\u0119kszo\u015bci kraj\u00f3w.\",\"publisher\":{\"@id\":\"https:\\\/\\\/msdesignstudio.eu\\\/#organization\"},\"potentialAction\":[{\"@type\":\"SearchAction\",\"target\":{\"@type\":\"EntryPoint\",\"urlTemplate\":\"https:\\\/\\\/msdesignstudio.eu\\\/?s={search_term_string}\"},\"query-input\":{\"@type\":\"PropertyValueSpecification\",\"valueRequired\":true,\"valueName\":\"search_term_string\"}}],\"inLanguage\":\"en-GB\"},{\"@type\":\"Organization\",\"@id\":\"https:\\\/\\\/msdesignstudio.eu\\\/#organization\",\"name\":\"MS DESIGN STUDIO\",\"url\":\"https:\\\/\\\/msdesignstudio.eu\\\/\",\"logo\":{\"@type\":\"ImageObject\",\"inLanguage\":\"en-GB\",\"@id\":\"https:\\\/\\\/msdesignstudio.eu\\\/#\\\/schema\\\/logo\\\/image\\\/\",\"url\":\"https:\\\/\\\/msdesignstudio.eu\\\/wp-content\\\/uploads\\\/2018\\\/05\\\/Salon-2-kwiaty2-FB.jpg\",\"contentUrl\":\"https:\\\/\\\/msdesignstudio.eu\\\/wp-content\\\/uploads\\\/2018\\\/05\\\/Salon-2-kwiaty2-FB.jpg\",\"width\":1200,\"height\":630,\"caption\":\"MS DESIGN STUDIO\"},\"image\":{\"@id\":\"https:\\\/\\\/msdesignstudio.eu\\\/#\\\/schema\\\/logo\\\/image\\\/\"},\"sameAs\":[\"https:\\\/\\\/www.facebook.com\\\/MagdalenaSmielewskiDesign\\\/\",\"https:\\\/\\\/www.instagram.com\\\/ms_design_studio\\\/\"]}]}<\/script>\n<!-- \/ Yoast SEO plugin. -->","yoast_head_json":{"title":"Polityka prywatno\u015bci - Tapety na p\u0142\u00f3tnie - Unikatowe wzory tapet - MS Design Studio","robots":{"index":"index","follow":"follow","max-snippet":"max-snippet:-1","max-image-preview":"max-image-preview:large","max-video-preview":"max-video-preview:-1"},"canonical":"https:\/\/msdesignstudio.eu\/en_gb\/polityka-prywatnosci\/","og_locale":"en_GB","og_type":"article","og_title":"Polityka prywatno\u015bci - Tapety na p\u0142\u00f3tnie - Unikatowe wzory tapet - MS Design Studio","og_description":"Polityka prywatno\u015bci\u00a0 Us\u0142ugi oferowane przez MS Design Studio s\u0105 w pe\u0142ni komercyjne. Kwestie zwi\u0105zane z Twoj\u0105 prywatno\u015bci\u0105 i bezpiecze\u0144stwem s\u0105 dla nas istotnym elementem prowadzonej dzia\u0142alno\u015bci. Procedury dotycz\u0105ce zapewnienia jako\u015bci i ochrony danych, spe\u0142niaj\u0105 najwy\u017csze standardy, a tak\u017ce zapewniaj\u0105 zdolno\u015b\u0107 do dostarczania us\u0142ug zgodnych z przepisami prawa i wymaganiami Klienta. Wszelkie procesy przetwarzania danych osobowych [&hellip;]","og_url":"https:\/\/msdesignstudio.eu\/en_gb\/polityka-prywatnosci\/","og_site_name":"Tapety na p\u0142\u00f3tnie - Unikatowe wzory tapet - MS Design Studio","article_publisher":"https:\/\/www.facebook.com\/MagdalenaSmielewskiDesign\/","article_modified_time":"2020-08-25T17:36:58+00:00","og_image":[{"width":1920,"height":1440,"url":"https:\/\/msdesignstudio.eu\/wp-content\/uploads\/2019\/10\/ms-design-studio-tapety-na-plotnie-kwiaty-holenderskie.jpg","type":"image\/jpeg"}],"twitter_card":"summary_large_image","twitter_misc":{"Estimated reading time":"7 minutes"},"schema":{"@context":"https:\/\/schema.org","@graph":[{"@type":"WebPage","@id":"https:\/\/msdesignstudio.eu\/polityka-prywatnosci\/","url":"https:\/\/msdesignstudio.eu\/polityka-prywatnosci\/","name":"Polityka prywatno\u015bci - Tapety na p\u0142\u00f3tnie - Unikatowe wzory tapet - MS Design Studio","isPartOf":{"@id":"https:\/\/msdesignstudio.eu\/#website"},"datePublished":"2018-01-29T14:17:49+00:00","dateModified":"2020-08-25T17:36:58+00:00","breadcrumb":{"@id":"https:\/\/msdesignstudio.eu\/polityka-prywatnosci\/#breadcrumb"},"inLanguage":"en-GB","potentialAction":[{"@type":"ReadAction","target":["https:\/\/msdesignstudio.eu\/polityka-prywatnosci\/"]}]},{"@type":"BreadcrumbList","@id":"https:\/\/msdesignstudio.eu\/polityka-prywatnosci\/#breadcrumb","itemListElement":[{"@type":"ListItem","position":1,"name":"Strona g\u0142\u00f3wna","item":"https:\/\/msdesignstudio.eu\/"},{"@type":"ListItem","position":2,"name":"Polityka prywatno\u015bci"}]},{"@type":"WebSite","@id":"https:\/\/msdesignstudio.eu\/#website","url":"https:\/\/msdesignstudio.eu\/","name":"Tapety na p\u0142\u00f3tnie - Unikatowe wzory tapet - MS Design Studio","description":"Sklep z tapetami na p\u0142\u00f3tnie Online. Znajdziecie u nas tylko autorskie tapety na najwy\u017cszej jako\u015bci p\u0142\u00f3tnie. Porady z zakresu dekoracji wn\u0119trz. Nasze tapety wysy\u0142amy kurierem do wi\u0119kszo\u015bci kraj\u00f3w.","publisher":{"@id":"https:\/\/msdesignstudio.eu\/#organization"},"potentialAction":[{"@type":"SearchAction","target":{"@type":"EntryPoint","urlTemplate":"https:\/\/msdesignstudio.eu\/?s={search_term_string}"},"query-input":{"@type":"PropertyValueSpecification","valueRequired":true,"valueName":"search_term_string"}}],"inLanguage":"en-GB"},{"@type":"Organization","@id":"https:\/\/msdesignstudio.eu\/#organization","name":"MS DESIGN STUDIO","url":"https:\/\/msdesignstudio.eu\/","logo":{"@type":"ImageObject","inLanguage":"en-GB","@id":"https:\/\/msdesignstudio.eu\/#\/schema\/logo\/image\/","url":"https:\/\/msdesignstudio.eu\/wp-content\/uploads\/2018\/05\/Salon-2-kwiaty2-FB.jpg","contentUrl":"https:\/\/msdesignstudio.eu\/wp-content\/uploads\/2018\/05\/Salon-2-kwiaty2-FB.jpg","width":1200,"height":630,"caption":"MS DESIGN STUDIO"},"image":{"@id":"https:\/\/msdesignstudio.eu\/#\/schema\/logo\/image\/"},"sameAs":["https:\/\/www.facebook.com\/MagdalenaSmielewskiDesign\/","https:\/\/www.instagram.com\/ms_design_studio\/"]}]}},"jetpack_sharing_enabled":true,"jetpack_shortlink":"https:\/\/wp.me\/P9tNiq-dbX","_links":{"self":[{"href":"https:\/\/msdesignstudio.eu\/en_gb\/wp-json\/wp\/v2\/pages\/50713","targetHints":{"allow":["GET"]}}],"collection":[{"href":"https:\/\/msdesignstudio.eu\/en_gb\/wp-json\/wp\/v2\/pages"}],"about":[{"href":"https:\/\/msdesignstudio.eu\/en_gb\/wp-json\/wp\/v2\/types\/page"}],"author":[{"embeddable":true,"href":"https:\/\/msdesignstudio.eu\/en_gb\/wp-json\/wp\/v2\/users\/7"}],"replies":[{"embeddable":true,"href":"https:\/\/msdesignstudio.eu\/en_gb\/wp-json\/wp\/v2\/comments?post=50713"}],"version-history":[{"count":5,"href":"https:\/\/msdesignstudio.eu\/en_gb\/wp-json\/wp\/v2\/pages\/50713\/revisions"}],"predecessor-version":[{"id":51785,"href":"https:\/\/msdesignstudio.eu\/en_gb\/wp-json\/wp\/v2\/pages\/50713\/revisions\/51785"}],"wp:attachment":[{"href":"https:\/\/msdesignstudio.eu\/en_gb\/wp-json\/wp\/v2\/media?parent=50713"}],"curies":[{"name":"wp","href":"https:\/\/api.w.org\/{rel}","templated":true}]}}