{"id":51093,"date":"2018-05-04T10:44:18","date_gmt":"2018-05-04T08:44:18","guid":{"rendered":"http:\/\/msdesignstudio.eu\/?page_id=51093"},"modified":"2025-05-12T22:13:23","modified_gmt":"2025-05-12T20:13:23","slug":"info","status":"publish","type":"page","link":"https:\/\/msdesignstudio.eu\/en_gb\/info\/","title":{"rendered":"Info"},"content":{"rendered":"<p>[et_pb_section fb_built=&#8221;1&#8243; admin_label=&#8221;Feactured Collection&#8221; _builder_version=&#8221;4.16&#8243; background_enable_color=&#8221;off&#8221; custom_margin=&#8221;-30px||||false|false&#8221; locked=&#8221;off&#8221; global_colors_info=&#8221;{}&#8221;][et_pb_row column_structure=&#8221;1_2,1_2&#8243; use_custom_gutter=&#8221;on&#8221; gutter_width=&#8221;1&#8243; make_equal=&#8221;on&#8221; admin_label=&#8221;Collection CTA&#8221; _builder_version=&#8221;4.16&#8243; background_image=&#8221;https:\/\/msdesignstudio.eu\/wp-content\/uploads\/2023\/02\/New-wallpaper-geoametry-3-scaled.jpg&#8221; background_position=&#8221;center_right&#8221; background_repeat=&#8221;repeat&#8221; max_width=&#8221;1280px&#8221; custom_margin=&#8221;|||&#8221; custom_padding=&#8221;0px||0px|&#8221; animation_style=&#8221;slide&#8221; border_color_all=&#8221;#d0bbaa&#8221; use_custom_width=&#8221;on&#8221; custom_width_px=&#8221;1280px&#8221; locked=&#8221;off&#8221; global_colors_info=&#8221;{}&#8221;][et_pb_column type=&#8221;1_2&#8243; _builder_version=&#8221;4.16&#8243; use_background_color_gradient=&#8221;on&#8221; background_color_gradient_direction=&#8221;90deg&#8221; background_color_gradient_stops=&#8221;#000000 0%|rgba(41,196,169,0) 100%&#8221; background_color_gradient_start=&#8221;#000000&#8243; background_color_gradient_end=&#8221;rgba(41,196,169,0)&#8221; custom_padding=&#8221;100px||100px|5%&#8221; global_colors_info=&#8221;{}&#8221; custom_padding__hover=&#8221;|||&#8221;][et_pb_text _builder_version=&#8221;4.16&#8243; text_font=&#8221;Lora||||||||&#8221; text_font_size=&#8221;18px&#8221; text_line_height=&#8221;1.8em&#8221; header_font=&#8221;Playfair Display|700|||||||&#8221; header_font_size=&#8221;56px&#8221; header_line_height=&#8221;1.3em&#8221; header_2_font=&#8221;Playfair Display|700|||||||&#8221; header_2_font_size=&#8221;48px&#8221; header_3_font=&#8221;Oswald|||on|||||&#8221; background_layout=&#8221;dark&#8221; custom_margin=&#8221;||30px|&#8221; global_colors_info=&#8221;{}&#8221;][\/et_pb_text][et_pb_text _builder_version=&#8221;4.16&#8243; text_font=&#8221;Lora||||||||&#8221; text_font_size=&#8221;18px&#8221; text_line_height=&#8221;1.8em&#8221; header_font=&#8221;Playfair Display|700|||||||&#8221; header_text_color=&#8221;#46281e&#8221; header_font_size=&#8221;56px&#8221; header_2_font=&#8221;Playfair Display|700|||||||&#8221; header_2_text_color=&#8221;#46281e&#8221; header_2_font_size=&#8221;48px&#8221; custom_margin=&#8221;|||&#8221; global_colors_info=&#8221;{}&#8221;]<\/p>\n<h1>Info<\/h1>\n<p>[\/et_pb_text][\/et_pb_column][et_pb_column type=&#8221;1_2&#8243; _builder_version=&#8221;4.16&#8243; background_size=&#8221;contain&#8221; background_position=&#8221;center_left&#8221; custom_padding=&#8221;100px||100px|&#8221; global_colors_info=&#8221;{}&#8221; custom_padding__hover=&#8221;|||&#8221;][et_pb_divider show_divider=&#8221;off&#8221; _builder_version=&#8221;4.16&#8243; height=&#8221;100px&#8221; locked=&#8221;off&#8221; global_colors_info=&#8221;{}&#8221;][\/et_pb_divider][\/et_pb_column][\/et_pb_row][\/et_pb_section][et_pb_section fb_built=&#8221;1&#8243; _builder_version=&#8221;4.16&#8243; global_colors_info=&#8221;{}&#8221;][et_pb_row column_structure=&#8221;1_2,1_2&#8243; _builder_version=&#8221;4.24.1&#8243; hover_enabled=&#8221;0&#8243; global_colors_info=&#8221;{}&#8221; sticky_enabled=&#8221;0&#8243;][et_pb_column type=&#8221;1_2&#8243; _builder_version=&#8221;4.24.1&#8243; custom_padding=&#8221;|||&#8221; hover_enabled=&#8221;0&#8243; global_colors_info=&#8221;{}&#8221; custom_padding__hover=&#8221;|||&#8221; sticky_enabled=&#8221;0&#8243;][et_pb_text _builder_version=&#8221;4.24.1&#8243; max_width=&#8221;97.4%&#8221; hover_enabled=&#8221;0&#8243; global_colors_info=&#8221;{}&#8221; text_font=&#8221;Lora||||||||&#8221; text_font_size=&#8221;18px&#8221; sticky_enabled=&#8221;0&#8243;]<\/p>\n<h1 style=\"text-align: justify;\"><strong>TAPETY<\/strong><\/h1>\n<p style=\"text-align: justify;\">Wszystkie nasze murale drukowane s\u0105 na p\u0142\u00f3tnie. Tapety, na kt\u00f3rych drukujemy nasze wzory to najwy\u017cszej jako\u015bci certyfikowane materia\u0142y, bezpieczne dla zdrowia klienta, ekologiczne oraz odporne na zabrudzenia i zarysowania.<\/p>\n<p style=\"text-align: justify;\">Nasze murale s\u0105 przyjazne dla \u015brodowiska &#8211; pozwalaj\u0105 &#8220;oddycha\u0107&#8221; \u015bcianie zapobiegaj\u0105c powstawaniu ple\u015bni i grzyba. S\u0105 bezwonne, przyjazne dla dzieci, nie blakn\u0105 pod wp\u0142ywem promieni s\u0142onecznych oraz wykazuj\u0105 cechy izolacyjne i ocieplaj\u0105ce wn\u0119trza. Idealnie sprawdzaj\u0105 si\u0119 r\u00f3wnie\u017c w pomieszczeniach o nat\u0119\u017conym ruchu czy nara\u017conych na wilgo\u0107.<\/p>\n<p style=\"text-align: justify;\">Wszystkie wzory mog\u0105 by\u0107 przygotowane na wymiar wed\u0142ug indywidualnych potrzeb klienta.<\/p>\n<p style=\"text-align: justify;\">Wybierz tapet\u0119, kt\u00f3ra Ci\u0119 zainteresowa\u0142a, napisz do nas wiadomo\u015b\u0107 i podaj detale dotycz\u0105ce wn\u0119trza oraz wymiary swojej \u015bciany, a my prze\u015blemy Ci indywidualn\u0105 wycen\u0119 oraz ch\u0119tnie pomo\u017cemy w aran\u017cacji wn\u0119trza.<\/p>\n<p style=\"text-align: justify;\">Grafik\u0119 tapety zawsze dzielimy przed drukiem na w\u0119\u017csze bryty dostosowane do szeroko\u015bci projektu. Wszystkie nasze tapety drukowane s\u0105 w brytach o maksymalnej szeroko\u015bci 140cm.<\/p>\n<p style=\"text-align: justify;\">W cenie ka\u017cdego projektu klient otrzymuje trzy graficzne propozycje indywidualnie dostosowane kolorystycznie i kompozycyjnie. Za ka\u017cdy nast\u0119pny projekt naliczane b\u0119d\u0105 op\u0142aty.<\/p>\n<p>[\/et_pb_text][\/et_pb_column][et_pb_column type=&#8221;1_2&#8243; _builder_version=&#8221;4.24.1&#8243; custom_padding=&#8221;|||&#8221; hover_enabled=&#8221;0&#8243; global_colors_info=&#8221;{}&#8221; custom_padding__hover=&#8221;|||&#8221; sticky_enabled=&#8221;0&#8243;][et_pb_image src=&#8221;https:\/\/msdesignstudio.eu\/wp-content\/uploads\/2023\/02\/Avant-Garde-2-green-kwadrat-web.jpg&#8221; title_text=&#8221;Avant Garde 2 green kwadrat web&#8221; align_tablet=&#8221;center&#8221; align_phone=&#8221;&#8221; align_last_edited=&#8221;on|desktop&#8221; _builder_version=&#8221;4.24.1&#8243; hover_enabled=&#8221;0&#8243; global_colors_info=&#8221;{}&#8221; sticky_enabled=&#8221;0&#8243;][\/et_pb_image][\/et_pb_column][\/et_pb_row][et_pb_row column_structure=&#8221;1_2,1_2&#8243; _builder_version=&#8221;4.24.1&#8243; _module_preset=&#8221;default&#8221; custom_margin=&#8221;60px|auto||auto||&#8221; animation_style=&#8221;fold&#8221; animation_duration=&#8221;1600ms&#8221; global_colors_info=&#8221;{}&#8221;][et_pb_column type=&#8221;1_2&#8243; _builder_version=&#8221;4.24.1&#8243; _module_preset=&#8221;default&#8221; global_colors_info=&#8221;{}&#8221;][et_pb_image src=&#8221;https:\/\/msdesignstudio.eu\/wp-content\/uploads\/2025\/05\/omnie.jpg&#8221; title_text=&#8221;omnie&#8221; _builder_version=&#8221;4.24.1&#8243; _module_preset=&#8221;default&#8221; global_colors_info=&#8221;{}&#8221;][\/et_pb_image][\/et_pb_column][et_pb_column type=&#8221;1_2&#8243; _builder_version=&#8221;4.24.1&#8243; _module_preset=&#8221;default&#8221; global_colors_info=&#8221;{}&#8221;][et_pb_image src=&#8221;https:\/\/msdesignstudio.eu\/wp-content\/uploads\/2025\/05\/work-in-progress-Magazin.jpg&#8221; title_text=&#8221;work in progress Magazin&#8221; _builder_version=&#8221;4.24.1&#8243; _module_preset=&#8221;default&#8221; max_height=&#8221;586px&#8221; global_colors_info=&#8221;{}&#8221;][\/et_pb_image][\/et_pb_column][\/et_pb_row][et_pb_row _builder_version=&#8221;4.16&#8243; _module_preset=&#8221;default&#8221; global_colors_info=&#8221;{}&#8221;][et_pb_column type=&#8221;4_4&#8243; _builder_version=&#8221;4.16&#8243; _module_preset=&#8221;default&#8221; global_colors_info=&#8221;{}&#8221;][et_pb_text _builder_version=&#8221;4.16&#8243; _module_preset=&#8221;default&#8221; min_height=&#8221;14.8px&#8221; custom_margin=&#8221;78px|||||&#8221; global_colors_info=&#8221;{}&#8221;]<\/p>\n<h3 style=\"text-align: center;\">Galeria<\/h3>\n<p>[\/et_pb_text][et_pb_gallery gallery_ids=&#8221;52503,52504,52510,52528,52558,52502,52560&#8243; _builder_version=&#8221;4.16&#8243; _module_preset=&#8221;default&#8221; pagination_text_align=&#8221;center&#8221; width=&#8221;100%&#8221; max_width=&#8221;100%&#8221; module_alignment=&#8221;center&#8221; global_colors_info=&#8221;{}&#8221;][\/et_pb_gallery][\/et_pb_column][\/et_pb_row][\/et_pb_section]<\/p>\n","protected":false},"excerpt":{"rendered":"<p>InfoTAPETY Wszystkie nasze murale drukowane s\u0105 na p\u0142\u00f3tnie. Tapety, na kt\u00f3rych drukujemy nasze wzory to najwy\u017cszej jako\u015bci certyfikowane materia\u0142y, bezpieczne dla zdrowia klienta, ekologiczne oraz odporne na zabrudzenia i zarysowania. Nasze murale s\u0105 przyjazne dla \u015brodowiska &#8211; pozwalaj\u0105 &#8220;oddycha\u0107&#8221; \u015bcianie zapobiegaj\u0105c powstawaniu ple\u015bni i grzyba. S\u0105 bezwonne, przyjazne dla dzieci, nie blakn\u0105 pod wp\u0142ywem promieni [&hellip;]<\/p>\n","protected":false},"author":7,"featured_media":0,"parent":0,"menu_order":0,"comment_status":"closed","ping_status":"closed","template":"","meta":{"_et_pb_use_builder":"on","_et_pb_old_content":"","_et_gb_content_width":"","jetpack_post_was_ever_published":false,"footnotes":""},"class_list":["post-51093","page","type-page","status-publish","hentry"],"yoast_head":"<!-- This site is optimized with the Yoast SEO plugin v27.3 - https:\/\/yoast.com\/product\/yoast-seo-wordpress\/ -->\n<title>Info - Tapety na p\u0142\u00f3tnie - Unikatowe wzory tapet - MS Design Studio<\/title>\n<meta name=\"robots\" content=\"index, follow, max-snippet:-1, max-image-preview:large, max-video-preview:-1\" \/>\n<link rel=\"canonical\" href=\"https:\/\/msdesignstudio.eu\/en_gb\/info\/\" \/>\n<meta property=\"og:locale\" content=\"en_GB\" \/>\n<meta property=\"og:type\" content=\"article\" \/>\n<meta property=\"og:title\" content=\"Info - Tapety na p\u0142\u00f3tnie - Unikatowe wzory tapet - MS Design Studio\" \/>\n<meta property=\"og:description\" content=\"InfoTAPETY Wszystkie nasze murale drukowane s\u0105 na p\u0142\u00f3tnie. Tapety, na kt\u00f3rych drukujemy nasze wzory to najwy\u017cszej jako\u015bci certyfikowane materia\u0142y, bezpieczne dla zdrowia klienta, ekologiczne oraz odporne na zabrudzenia i zarysowania. Nasze murale s\u0105 przyjazne dla \u015brodowiska - pozwalaj\u0105 &quot;oddycha\u0107&quot; \u015bcianie zapobiegaj\u0105c powstawaniu ple\u015bni i grzyba. S\u0105 bezwonne, przyjazne dla dzieci, nie blakn\u0105 pod wp\u0142ywem promieni [&hellip;]\" \/>\n<meta property=\"og:url\" content=\"https:\/\/msdesignstudio.eu\/en_gb\/info\/\" \/>\n<meta property=\"og:site_name\" content=\"Tapety na p\u0142\u00f3tnie - Unikatowe wzory tapet - MS Design Studio\" \/>\n<meta property=\"article:publisher\" content=\"https:\/\/www.facebook.com\/MagdalenaSmielewskiDesign\/\" \/>\n<meta property=\"article:modified_time\" content=\"2025-05-12T20:13:23+00:00\" \/>\n<meta property=\"og:image\" content=\"https:\/\/msdesignstudio.eu\/wp-content\/uploads\/2019\/10\/ms-design-studio-tapety-na-plotnie-kwiaty-holenderskie.jpg\" \/>\n\t<meta property=\"og:image:width\" content=\"1920\" \/>\n\t<meta property=\"og:image:height\" content=\"1440\" \/>\n\t<meta property=\"og:image:type\" content=\"image\/jpeg\" \/>\n<meta name=\"twitter:card\" content=\"summary_large_image\" \/>\n<meta name=\"twitter:label1\" content=\"Estimated reading time\" \/>\n\t<meta name=\"twitter:data1\" content=\"3 minutes\" \/>\n<script type=\"application\/ld+json\" class=\"yoast-schema-graph\">{\"@context\":\"https:\\\/\\\/schema.org\",\"@graph\":[{\"@type\":\"WebPage\",\"@id\":\"https:\\\/\\\/msdesignstudio.eu\\\/info\\\/\",\"url\":\"https:\\\/\\\/msdesignstudio.eu\\\/info\\\/\",\"name\":\"Info - Tapety na p\u0142\u00f3tnie - Unikatowe wzory tapet - MS Design Studio\",\"isPartOf\":{\"@id\":\"https:\\\/\\\/msdesignstudio.eu\\\/#website\"},\"datePublished\":\"2018-05-04T08:44:18+00:00\",\"dateModified\":\"2025-05-12T20:13:23+00:00\",\"breadcrumb\":{\"@id\":\"https:\\\/\\\/msdesignstudio.eu\\\/info\\\/#breadcrumb\"},\"inLanguage\":\"en-GB\",\"potentialAction\":[{\"@type\":\"ReadAction\",\"target\":[\"https:\\\/\\\/msdesignstudio.eu\\\/info\\\/\"]}]},{\"@type\":\"BreadcrumbList\",\"@id\":\"https:\\\/\\\/msdesignstudio.eu\\\/info\\\/#breadcrumb\",\"itemListElement\":[{\"@type\":\"ListItem\",\"position\":1,\"name\":\"Strona g\u0142\u00f3wna\",\"item\":\"https:\\\/\\\/msdesignstudio.eu\\\/\"},{\"@type\":\"ListItem\",\"position\":2,\"name\":\"Info\"}]},{\"@type\":\"WebSite\",\"@id\":\"https:\\\/\\\/msdesignstudio.eu\\\/#website\",\"url\":\"https:\\\/\\\/msdesignstudio.eu\\\/\",\"name\":\"Tapety na p\u0142\u00f3tnie - Unikatowe wzory tapet - MS Design Studio\",\"description\":\"Sklep z tapetami na p\u0142\u00f3tnie Online. Znajdziecie u nas tylko autorskie tapety na najwy\u017cszej jako\u015bci p\u0142\u00f3tnie. Porady z zakresu dekoracji wn\u0119trz. Nasze tapety wysy\u0142amy kurierem do wi\u0119kszo\u015bci kraj\u00f3w.\",\"publisher\":{\"@id\":\"https:\\\/\\\/msdesignstudio.eu\\\/#organization\"},\"potentialAction\":[{\"@type\":\"SearchAction\",\"target\":{\"@type\":\"EntryPoint\",\"urlTemplate\":\"https:\\\/\\\/msdesignstudio.eu\\\/?s={search_term_string}\"},\"query-input\":{\"@type\":\"PropertyValueSpecification\",\"valueRequired\":true,\"valueName\":\"search_term_string\"}}],\"inLanguage\":\"en-GB\"},{\"@type\":\"Organization\",\"@id\":\"https:\\\/\\\/msdesignstudio.eu\\\/#organization\",\"name\":\"MS DESIGN STUDIO\",\"url\":\"https:\\\/\\\/msdesignstudio.eu\\\/\",\"logo\":{\"@type\":\"ImageObject\",\"inLanguage\":\"en-GB\",\"@id\":\"https:\\\/\\\/msdesignstudio.eu\\\/#\\\/schema\\\/logo\\\/image\\\/\",\"url\":\"https:\\\/\\\/msdesignstudio.eu\\\/wp-content\\\/uploads\\\/2018\\\/05\\\/Salon-2-kwiaty2-FB.jpg\",\"contentUrl\":\"https:\\\/\\\/msdesignstudio.eu\\\/wp-content\\\/uploads\\\/2018\\\/05\\\/Salon-2-kwiaty2-FB.jpg\",\"width\":1200,\"height\":630,\"caption\":\"MS DESIGN STUDIO\"},\"image\":{\"@id\":\"https:\\\/\\\/msdesignstudio.eu\\\/#\\\/schema\\\/logo\\\/image\\\/\"},\"sameAs\":[\"https:\\\/\\\/www.facebook.com\\\/MagdalenaSmielewskiDesign\\\/\",\"https:\\\/\\\/www.instagram.com\\\/ms_design_studio\\\/\"]}]}<\/script>\n<!-- \/ Yoast SEO plugin. -->","yoast_head_json":{"title":"Info - Tapety na p\u0142\u00f3tnie - Unikatowe wzory tapet - MS Design Studio","robots":{"index":"index","follow":"follow","max-snippet":"max-snippet:-1","max-image-preview":"max-image-preview:large","max-video-preview":"max-video-preview:-1"},"canonical":"https:\/\/msdesignstudio.eu\/en_gb\/info\/","og_locale":"en_GB","og_type":"article","og_title":"Info - Tapety na p\u0142\u00f3tnie - Unikatowe wzory tapet - MS Design Studio","og_description":"InfoTAPETY Wszystkie nasze murale drukowane s\u0105 na p\u0142\u00f3tnie. Tapety, na kt\u00f3rych drukujemy nasze wzory to najwy\u017cszej jako\u015bci certyfikowane materia\u0142y, bezpieczne dla zdrowia klienta, ekologiczne oraz odporne na zabrudzenia i zarysowania. Nasze murale s\u0105 przyjazne dla \u015brodowiska - pozwalaj\u0105 \"oddycha\u0107\" \u015bcianie zapobiegaj\u0105c powstawaniu ple\u015bni i grzyba. S\u0105 bezwonne, przyjazne dla dzieci, nie blakn\u0105 pod wp\u0142ywem promieni [&hellip;]","og_url":"https:\/\/msdesignstudio.eu\/en_gb\/info\/","og_site_name":"Tapety na p\u0142\u00f3tnie - Unikatowe wzory tapet - MS Design Studio","article_publisher":"https:\/\/www.facebook.com\/MagdalenaSmielewskiDesign\/","article_modified_time":"2025-05-12T20:13:23+00:00","og_image":[{"width":1920,"height":1440,"url":"https:\/\/msdesignstudio.eu\/wp-content\/uploads\/2019\/10\/ms-design-studio-tapety-na-plotnie-kwiaty-holenderskie.jpg","type":"image\/jpeg"}],"twitter_card":"summary_large_image","twitter_misc":{"Estimated reading time":"3 minutes"},"schema":{"@context":"https:\/\/schema.org","@graph":[{"@type":"WebPage","@id":"https:\/\/msdesignstudio.eu\/info\/","url":"https:\/\/msdesignstudio.eu\/info\/","name":"Info - Tapety na p\u0142\u00f3tnie - Unikatowe wzory tapet - MS Design Studio","isPartOf":{"@id":"https:\/\/msdesignstudio.eu\/#website"},"datePublished":"2018-05-04T08:44:18+00:00","dateModified":"2025-05-12T20:13:23+00:00","breadcrumb":{"@id":"https:\/\/msdesignstudio.eu\/info\/#breadcrumb"},"inLanguage":"en-GB","potentialAction":[{"@type":"ReadAction","target":["https:\/\/msdesignstudio.eu\/info\/"]}]},{"@type":"BreadcrumbList","@id":"https:\/\/msdesignstudio.eu\/info\/#breadcrumb","itemListElement":[{"@type":"ListItem","position":1,"name":"Strona g\u0142\u00f3wna","item":"https:\/\/msdesignstudio.eu\/"},{"@type":"ListItem","position":2,"name":"Info"}]},{"@type":"WebSite","@id":"https:\/\/msdesignstudio.eu\/#website","url":"https:\/\/msdesignstudio.eu\/","name":"Tapety na p\u0142\u00f3tnie - Unikatowe wzory tapet - MS Design Studio","description":"Sklep z tapetami na p\u0142\u00f3tnie Online. Znajdziecie u nas tylko autorskie tapety na najwy\u017cszej jako\u015bci p\u0142\u00f3tnie. Porady z zakresu dekoracji wn\u0119trz. Nasze tapety wysy\u0142amy kurierem do wi\u0119kszo\u015bci kraj\u00f3w.","publisher":{"@id":"https:\/\/msdesignstudio.eu\/#organization"},"potentialAction":[{"@type":"SearchAction","target":{"@type":"EntryPoint","urlTemplate":"https:\/\/msdesignstudio.eu\/?s={search_term_string}"},"query-input":{"@type":"PropertyValueSpecification","valueRequired":true,"valueName":"search_term_string"}}],"inLanguage":"en-GB"},{"@type":"Organization","@id":"https:\/\/msdesignstudio.eu\/#organization","name":"MS DESIGN STUDIO","url":"https:\/\/msdesignstudio.eu\/","logo":{"@type":"ImageObject","inLanguage":"en-GB","@id":"https:\/\/msdesignstudio.eu\/#\/schema\/logo\/image\/","url":"https:\/\/msdesignstudio.eu\/wp-content\/uploads\/2018\/05\/Salon-2-kwiaty2-FB.jpg","contentUrl":"https:\/\/msdesignstudio.eu\/wp-content\/uploads\/2018\/05\/Salon-2-kwiaty2-FB.jpg","width":1200,"height":630,"caption":"MS DESIGN STUDIO"},"image":{"@id":"https:\/\/msdesignstudio.eu\/#\/schema\/logo\/image\/"},"sameAs":["https:\/\/www.facebook.com\/MagdalenaSmielewskiDesign\/","https:\/\/www.instagram.com\/ms_design_studio\/"]}]}},"jetpack_sharing_enabled":true,"jetpack_shortlink":"https:\/\/wp.me\/P9tNiq-di5","_links":{"self":[{"href":"https:\/\/msdesignstudio.eu\/en_gb\/wp-json\/wp\/v2\/pages\/51093","targetHints":{"allow":["GET"]}}],"collection":[{"href":"https:\/\/msdesignstudio.eu\/en_gb\/wp-json\/wp\/v2\/pages"}],"about":[{"href":"https:\/\/msdesignstudio.eu\/en_gb\/wp-json\/wp\/v2\/types\/page"}],"author":[{"embeddable":true,"href":"https:\/\/msdesignstudio.eu\/en_gb\/wp-json\/wp\/v2\/users\/7"}],"replies":[{"embeddable":true,"href":"https:\/\/msdesignstudio.eu\/en_gb\/wp-json\/wp\/v2\/comments?post=51093"}],"version-history":[{"count":56,"href":"https:\/\/msdesignstudio.eu\/en_gb\/wp-json\/wp\/v2\/pages\/51093\/revisions"}],"predecessor-version":[{"id":53362,"href":"https:\/\/msdesignstudio.eu\/en_gb\/wp-json\/wp\/v2\/pages\/51093\/revisions\/53362"}],"wp:attachment":[{"href":"https:\/\/msdesignstudio.eu\/en_gb\/wp-json\/wp\/v2\/media?parent=51093"}],"curies":[{"name":"wp","href":"https:\/\/api.w.org\/{rel}","templated":true}]}}