{"id":50328,"date":"2020-12-17T19:15:02","date_gmt":"2020-12-17T18:15:02","guid":{"rendered":"http:\/\/msdesignstudio.eu\/?post_type=product&#038;p=50328"},"modified":"2025-04-13T15:52:30","modified_gmt":"2025-04-13T13:52:30","slug":"tulipany","status":"publish","type":"product","link":"https:\/\/msdesignstudio.eu\/en_gb\/product\/tulipany\/","title":{"rendered":"Irysy"},"content":{"rendered":"<p>The history of paintings goes far back to the times when only the richest people could afford them. Canvases by famous painters have decorated interiors for centuries. The technique of creating images has become much simpler and nowadays they are printed on canvas, and therefore they can also be used as wallpapers or, as they say today, murals.<\/p>\n<p>The canvas paintings we present can completely change the character of the entire interior.  Your home will become an inspiration and will gain a new style.<\/p>\n<p>Be the creator of your own space.<\/p>\n<p>Paintings on canvas are a great solution for every connoisseur of good style who wants to stay in a unique interior that reflects his personality.<\/p>","protected":false},"excerpt":{"rendered":"<p>&nbsp;<\/p>\n<p>Wallpaper on canvas \"Canvas\" on a non-woven base.<\/p>\n<p>Our studio prepares the design of each wallpaper individually.<\/p>\n<p>Cena za 1 m2 &#8211; 280 z\u0142<\/p>","protected":false},"featured_media":50519,"comment_status":"open","ping_status":"closed","template":"","meta":{"_et_pb_use_builder":"","_et_pb_old_content":"","_et_gb_content_width":"","jetpack_post_was_ever_published":false},"product_brand":[],"product_cat":[26,27],"product_tag":[55],"class_list":{"0":"post-50328","1":"product","2":"type-product","3":"status-publish","4":"has-post-thumbnail","6":"product_cat-tapety","7":"product_cat-murale","8":"product_tag-interiordesign-walldesign-wallcovering-homedeco","10":"first","11":"instock","12":"shipping-taxable","13":"purchasable","14":"product-type-simple"},"yoast_head":"<!-- This site is optimized with the Yoast SEO plugin v27.4 - https:\/\/yoast.com\/product\/yoast-seo-wordpress\/ -->\n<title>Irysy - Tapety na p\u0142\u00f3tnie - Unikatowe wzory tapet - MS Design Studio<\/title>\n<meta name=\"robots\" content=\"index, follow, max-snippet:-1, max-image-preview:large, max-video-preview:-1\" \/>\n<link rel=\"canonical\" href=\"https:\/\/msdesignstudio.eu\/en_gb\/product\/tulipany\/\" \/>\n<meta property=\"og:locale\" content=\"en_GB\" \/>\n<meta property=\"og:type\" content=\"article\" \/>\n<meta property=\"og:title\" content=\"Irysy - Tapety na p\u0142\u00f3tnie - Unikatowe wzory tapet - MS Design Studio\" \/>\n<meta property=\"og:description\" content=\"&nbsp;  Tapeta na p\u0142\u00f3tnie &quot;Canvas&quot; na podk\u0142adzie flizelinowym.  Projekt ka\u017cdej tapety nasze studio przygotowuje indywidualnie.  Cena za 1 m2 - 280 z\u0142\" \/>\n<meta property=\"og:url\" content=\"https:\/\/msdesignstudio.eu\/en_gb\/product\/tulipany\/\" \/>\n<meta property=\"og:site_name\" content=\"Tapety na p\u0142\u00f3tnie - Unikatowe wzory tapet - MS Design Studio\" \/>\n<meta property=\"article:publisher\" content=\"https:\/\/www.facebook.com\/MagdalenaSmielewskiDesign\/\" \/>\n<meta property=\"article:modified_time\" content=\"2025-04-13T13:52:30+00:00\" \/>\n<meta property=\"og:image\" content=\"https:\/\/msdesignstudio.eu\/wp-content\/uploads\/2018\/01\/Irysy-ikona.jpg\" \/>\n\t<meta property=\"og:image:width\" content=\"800\" \/>\n\t<meta property=\"og:image:height\" content=\"800\" \/>\n\t<meta property=\"og:image:type\" content=\"image\/jpeg\" \/>\n<meta name=\"twitter:card\" content=\"summary_large_image\" \/>\n<meta name=\"twitter:label1\" content=\"Estimated reading time\" \/>\n\t<meta name=\"twitter:data1\" content=\"1 minute\" \/>\n<script type=\"application\/ld+json\" class=\"yoast-schema-graph\">{\"@context\":\"https:\\\/\\\/schema.org\",\"@graph\":[{\"@type\":\"WebPage\",\"@id\":\"https:\\\/\\\/msdesignstudio.eu\\\/produkt\\\/tulipany\\\/\",\"url\":\"https:\\\/\\\/msdesignstudio.eu\\\/produkt\\\/tulipany\\\/\",\"name\":\"Irysy - Tapety na p\u0142\u00f3tnie - Unikatowe wzory tapet - MS Design Studio\",\"isPartOf\":{\"@id\":\"https:\\\/\\\/msdesignstudio.eu\\\/#website\"},\"primaryImageOfPage\":{\"@id\":\"https:\\\/\\\/msdesignstudio.eu\\\/produkt\\\/tulipany\\\/#primaryimage\"},\"image\":{\"@id\":\"https:\\\/\\\/msdesignstudio.eu\\\/produkt\\\/tulipany\\\/#primaryimage\"},\"thumbnailUrl\":\"https:\\\/\\\/msdesignstudio.eu\\\/wp-content\\\/uploads\\\/2018\\\/01\\\/Irysy-ikona.jpg\",\"datePublished\":\"2020-12-17T18:15:02+00:00\",\"dateModified\":\"2025-04-13T13:52:30+00:00\",\"breadcrumb\":{\"@id\":\"https:\\\/\\\/msdesignstudio.eu\\\/produkt\\\/tulipany\\\/#breadcrumb\"},\"inLanguage\":\"en-GB\",\"potentialAction\":[{\"@type\":\"ReadAction\",\"target\":[\"https:\\\/\\\/msdesignstudio.eu\\\/produkt\\\/tulipany\\\/\"]}]},{\"@type\":\"ImageObject\",\"inLanguage\":\"en-GB\",\"@id\":\"https:\\\/\\\/msdesignstudio.eu\\\/produkt\\\/tulipany\\\/#primaryimage\",\"url\":\"https:\\\/\\\/msdesignstudio.eu\\\/wp-content\\\/uploads\\\/2018\\\/01\\\/Irysy-ikona.jpg\",\"contentUrl\":\"https:\\\/\\\/msdesignstudio.eu\\\/wp-content\\\/uploads\\\/2018\\\/01\\\/Irysy-ikona.jpg\",\"width\":800,\"height\":800},{\"@type\":\"BreadcrumbList\",\"@id\":\"https:\\\/\\\/msdesignstudio.eu\\\/produkt\\\/tulipany\\\/#breadcrumb\",\"itemListElement\":[{\"@type\":\"ListItem\",\"position\":1,\"name\":\"Strona g\u0142\u00f3wna\",\"item\":\"https:\\\/\\\/msdesignstudio.eu\\\/\"},{\"@type\":\"ListItem\",\"position\":2,\"name\":\"Sklep\",\"item\":\"https:\\\/\\\/msdesignstudio.eu\\\/sklep\\\/\"},{\"@type\":\"ListItem\",\"position\":3,\"name\":\"Irysy\"}]},{\"@type\":\"WebSite\",\"@id\":\"https:\\\/\\\/msdesignstudio.eu\\\/#website\",\"url\":\"https:\\\/\\\/msdesignstudio.eu\\\/\",\"name\":\"Tapety na p\u0142\u00f3tnie - Unikatowe wzory tapet - MS Design Studio\",\"description\":\"Sklep z tapetami na p\u0142\u00f3tnie Online. Znajdziecie u nas tylko autorskie tapety na najwy\u017cszej jako\u015bci p\u0142\u00f3tnie. Porady z zakresu dekoracji wn\u0119trz. Nasze tapety wysy\u0142amy kurierem do wi\u0119kszo\u015bci kraj\u00f3w.\",\"publisher\":{\"@id\":\"https:\\\/\\\/msdesignstudio.eu\\\/#organization\"},\"potentialAction\":[{\"@type\":\"SearchAction\",\"target\":{\"@type\":\"EntryPoint\",\"urlTemplate\":\"https:\\\/\\\/msdesignstudio.eu\\\/?s={search_term_string}\"},\"query-input\":{\"@type\":\"PropertyValueSpecification\",\"valueRequired\":true,\"valueName\":\"search_term_string\"}}],\"inLanguage\":\"en-GB\"},{\"@type\":\"Organization\",\"@id\":\"https:\\\/\\\/msdesignstudio.eu\\\/#organization\",\"name\":\"MS DESIGN STUDIO\",\"url\":\"https:\\\/\\\/msdesignstudio.eu\\\/\",\"logo\":{\"@type\":\"ImageObject\",\"inLanguage\":\"en-GB\",\"@id\":\"https:\\\/\\\/msdesignstudio.eu\\\/#\\\/schema\\\/logo\\\/image\\\/\",\"url\":\"https:\\\/\\\/msdesignstudio.eu\\\/wp-content\\\/uploads\\\/2018\\\/05\\\/Salon-2-kwiaty2-FB.jpg\",\"contentUrl\":\"https:\\\/\\\/msdesignstudio.eu\\\/wp-content\\\/uploads\\\/2018\\\/05\\\/Salon-2-kwiaty2-FB.jpg\",\"width\":1200,\"height\":630,\"caption\":\"MS DESIGN STUDIO\"},\"image\":{\"@id\":\"https:\\\/\\\/msdesignstudio.eu\\\/#\\\/schema\\\/logo\\\/image\\\/\"},\"sameAs\":[\"https:\\\/\\\/www.facebook.com\\\/MagdalenaSmielewskiDesign\\\/\",\"https:\\\/\\\/www.instagram.com\\\/ms_design_studio\\\/\"]}]}<\/script>\n<!-- \/ Yoast SEO plugin. -->","yoast_head_json":{"title":"Irysy - Tapety na p\u0142\u00f3tnie - Unikatowe wzory tapet - MS Design Studio","robots":{"index":"index","follow":"follow","max-snippet":"max-snippet:-1","max-image-preview":"max-image-preview:large","max-video-preview":"max-video-preview:-1"},"canonical":"https:\/\/msdesignstudio.eu\/en_gb\/product\/tulipany\/","og_locale":"en_GB","og_type":"article","og_title":"Irysy - Tapety na p\u0142\u00f3tnie - Unikatowe wzory tapet - MS Design Studio","og_description":"&nbsp;  Tapeta na p\u0142\u00f3tnie \"Canvas\" na podk\u0142adzie flizelinowym.  Projekt ka\u017cdej tapety nasze studio przygotowuje indywidualnie.  Cena za 1 m2 - 280 z\u0142","og_url":"https:\/\/msdesignstudio.eu\/en_gb\/product\/tulipany\/","og_site_name":"Tapety na p\u0142\u00f3tnie - Unikatowe wzory tapet - MS Design Studio","article_publisher":"https:\/\/www.facebook.com\/MagdalenaSmielewskiDesign\/","article_modified_time":"2025-04-13T13:52:30+00:00","og_image":[{"width":800,"height":800,"url":"https:\/\/msdesignstudio.eu\/wp-content\/uploads\/2018\/01\/Irysy-ikona.jpg","type":"image\/jpeg"}],"twitter_card":"summary_large_image","twitter_misc":{"Estimated reading time":"1 minute"},"schema":{"@context":"https:\/\/schema.org","@graph":[{"@type":"WebPage","@id":"https:\/\/msdesignstudio.eu\/produkt\/tulipany\/","url":"https:\/\/msdesignstudio.eu\/produkt\/tulipany\/","name":"Irysy - Tapety na p\u0142\u00f3tnie - Unikatowe wzory tapet - MS Design Studio","isPartOf":{"@id":"https:\/\/msdesignstudio.eu\/#website"},"primaryImageOfPage":{"@id":"https:\/\/msdesignstudio.eu\/produkt\/tulipany\/#primaryimage"},"image":{"@id":"https:\/\/msdesignstudio.eu\/produkt\/tulipany\/#primaryimage"},"thumbnailUrl":"https:\/\/msdesignstudio.eu\/wp-content\/uploads\/2018\/01\/Irysy-ikona.jpg","datePublished":"2020-12-17T18:15:02+00:00","dateModified":"2025-04-13T13:52:30+00:00","breadcrumb":{"@id":"https:\/\/msdesignstudio.eu\/produkt\/tulipany\/#breadcrumb"},"inLanguage":"en-GB","potentialAction":[{"@type":"ReadAction","target":["https:\/\/msdesignstudio.eu\/produkt\/tulipany\/"]}]},{"@type":"ImageObject","inLanguage":"en-GB","@id":"https:\/\/msdesignstudio.eu\/produkt\/tulipany\/#primaryimage","url":"https:\/\/msdesignstudio.eu\/wp-content\/uploads\/2018\/01\/Irysy-ikona.jpg","contentUrl":"https:\/\/msdesignstudio.eu\/wp-content\/uploads\/2018\/01\/Irysy-ikona.jpg","width":800,"height":800},{"@type":"BreadcrumbList","@id":"https:\/\/msdesignstudio.eu\/produkt\/tulipany\/#breadcrumb","itemListElement":[{"@type":"ListItem","position":1,"name":"Strona g\u0142\u00f3wna","item":"https:\/\/msdesignstudio.eu\/"},{"@type":"ListItem","position":2,"name":"Sklep","item":"https:\/\/msdesignstudio.eu\/sklep\/"},{"@type":"ListItem","position":3,"name":"Irysy"}]},{"@type":"WebSite","@id":"https:\/\/msdesignstudio.eu\/#website","url":"https:\/\/msdesignstudio.eu\/","name":"Tapety na p\u0142\u00f3tnie - Unikatowe wzory tapet - MS Design Studio","description":"Sklep z tapetami na p\u0142\u00f3tnie Online. Znajdziecie u nas tylko autorskie tapety na najwy\u017cszej jako\u015bci p\u0142\u00f3tnie. Porady z zakresu dekoracji wn\u0119trz. Nasze tapety wysy\u0142amy kurierem do wi\u0119kszo\u015bci kraj\u00f3w.","publisher":{"@id":"https:\/\/msdesignstudio.eu\/#organization"},"potentialAction":[{"@type":"SearchAction","target":{"@type":"EntryPoint","urlTemplate":"https:\/\/msdesignstudio.eu\/?s={search_term_string}"},"query-input":{"@type":"PropertyValueSpecification","valueRequired":true,"valueName":"search_term_string"}}],"inLanguage":"en-GB"},{"@type":"Organization","@id":"https:\/\/msdesignstudio.eu\/#organization","name":"MS DESIGN STUDIO","url":"https:\/\/msdesignstudio.eu\/","logo":{"@type":"ImageObject","inLanguage":"en-GB","@id":"https:\/\/msdesignstudio.eu\/#\/schema\/logo\/image\/","url":"https:\/\/msdesignstudio.eu\/wp-content\/uploads\/2018\/05\/Salon-2-kwiaty2-FB.jpg","contentUrl":"https:\/\/msdesignstudio.eu\/wp-content\/uploads\/2018\/05\/Salon-2-kwiaty2-FB.jpg","width":1200,"height":630,"caption":"MS DESIGN STUDIO"},"image":{"@id":"https:\/\/msdesignstudio.eu\/#\/schema\/logo\/image\/"},"sameAs":["https:\/\/www.facebook.com\/MagdalenaSmielewskiDesign\/","https:\/\/www.instagram.com\/ms_design_studio\/"]}]}},"jetpack_sharing_enabled":true,"_links":{"self":[{"href":"https:\/\/msdesignstudio.eu\/en_gb\/wp-json\/wp\/v2\/product\/50328","targetHints":{"allow":["GET"]}}],"collection":[{"href":"https:\/\/msdesignstudio.eu\/en_gb\/wp-json\/wp\/v2\/product"}],"about":[{"href":"https:\/\/msdesignstudio.eu\/en_gb\/wp-json\/wp\/v2\/types\/product"}],"replies":[{"embeddable":true,"href":"https:\/\/msdesignstudio.eu\/en_gb\/wp-json\/wp\/v2\/comments?post=50328"}],"wp:featuredmedia":[{"embeddable":true,"href":"https:\/\/msdesignstudio.eu\/en_gb\/wp-json\/wp\/v2\/media\/50519"}],"wp:attachment":[{"href":"https:\/\/msdesignstudio.eu\/en_gb\/wp-json\/wp\/v2\/media?parent=50328"}],"wp:term":[{"taxonomy":"product_brand","embeddable":true,"href":"https:\/\/msdesignstudio.eu\/en_gb\/wp-json\/wp\/v2\/product_brand?post=50328"},{"taxonomy":"product_cat","embeddable":true,"href":"https:\/\/msdesignstudio.eu\/en_gb\/wp-json\/wp\/v2\/product_cat?post=50328"},{"taxonomy":"product_tag","embeddable":true,"href":"https:\/\/msdesignstudio.eu\/en_gb\/wp-json\/wp\/v2\/product_tag?post=50328"}],"curies":[{"name":"wp","href":"https:\/\/api.w.org\/{rel}","templated":true}]}}