{"id":50693,"date":"2018-01-29T14:37:26","date_gmt":"2018-01-29T13:37:26","guid":{"rendered":"http:\/\/msdesignstudio.eu\/?post_type=product&#038;p=50693"},"modified":"2025-06-22T15:51:33","modified_gmt":"2025-06-22T13:51:33","slug":"kwiaty-3","status":"publish","type":"product","link":"https:\/\/msdesignstudio.eu\/en_gb\/product\/kwiaty-3\/","title":{"rendered":"Dutch Flowers 5"},"content":{"rendered":"<p>Dutch Flowers 5 it is an extremely elegant wallpaper designed on the basis of Dutch paintings of the 17th century. It will become beautiful decoration of any interior and will certainly become the central decorative element of any space.<br \/>\nThese stylish wallpapers will transform any wall into a work of art and surely<br \/>\nthey will add an individual, artistic style to any space.<\/p>\n<p>They are perfect for the living room, bedroom and even bathroom. They look beautiful in hotel spaces, Spa salons and company interiors.<br \/>\nDutch floral wallpaper knows no limits. It fits beautifully in apartments with a minimalist, eclectic and even Scandinavian style.<\/p>\n<p>Wallpaper printed on high-quality canvas is available in any size upon individual customer's request.<br \/>\nPaintings on canvas are a great solution for any connoisseur of good style who wants to stay in a unique interior that reflects his personality.<\/p>","protected":false},"excerpt":{"rendered":"<p>&nbsp;<\/p>\n<p>Wallpaper on canvas on a non-woven base.<\/p>\n<p>Our studio prepares the design of each wallpaper individually.<\/p>\n<p>Cena za 1 m2 \u2013 280 z\u0142<\/p>","protected":false},"featured_media":52146,"comment_status":"open","ping_status":"closed","template":"","meta":{"_et_pb_use_builder":"","_et_pb_old_content":"","_et_gb_content_width":"","jetpack_post_was_ever_published":false},"product_brand":[],"product_cat":[39,26,27],"product_tag":[65],"class_list":{"0":"post-50693","1":"product","2":"type-product","3":"status-publish","4":"has-post-thumbnail","6":"product_cat-klasyczne","7":"product_cat-tapety","8":"product_cat-murale","9":"product_tag-wallpaper-on-canvas-tapety-na-plotnie-murale-murals-tapetynaplotnie-wallpaperoncanvas-sciana","11":"first","12":"instock","13":"shipping-taxable","14":"purchasable","15":"product-type-simple"},"yoast_head":"<!-- This site is optimized with the Yoast SEO plugin v27.3 - https:\/\/yoast.com\/product\/yoast-seo-wordpress\/ -->\n<title>Kwiaty holenderskie 5 - Tapety na p\u0142\u00f3tnie - Unikatowe wzory tapet - MS Design Studio<\/title>\n<meta name=\"robots\" content=\"index, follow, max-snippet:-1, max-image-preview:large, max-video-preview:-1\" \/>\n<link rel=\"canonical\" href=\"https:\/\/msdesignstudio.eu\/en_gb\/product\/kwiaty-3\/\" \/>\n<meta property=\"og:locale\" content=\"en_GB\" \/>\n<meta property=\"og:type\" content=\"article\" \/>\n<meta property=\"og:title\" content=\"Kwiaty holenderskie 5 - Tapety na p\u0142\u00f3tnie - Unikatowe wzory tapet - MS Design Studio\" \/>\n<meta property=\"og:description\" content=\"&nbsp;  Tapeta na p\u0142\u00f3tnie \u201eCanvas\u201d na podk\u0142adzie flizelinowym.  Projekt ka\u017cdej tapety nasze studio przygotowuje indywidualnie.  Cena za 1 m2 \u2013 280 z\u0142\" \/>\n<meta property=\"og:url\" content=\"https:\/\/msdesignstudio.eu\/en_gb\/product\/kwiaty-3\/\" \/>\n<meta property=\"og:site_name\" content=\"Tapety na p\u0142\u00f3tnie - Unikatowe wzory tapet - MS Design Studio\" \/>\n<meta property=\"article:publisher\" content=\"https:\/\/www.facebook.com\/MagdalenaSmielewskiDesign\/\" \/>\n<meta property=\"article:modified_time\" content=\"2025-06-22T13:51:33+00:00\" \/>\n<meta property=\"og:image\" content=\"https:\/\/msdesignstudio.eu\/wp-content\/uploads\/2018\/01\/mock-up-kwity-holendry-II-na-strone.jpg\" \/>\n\t<meta property=\"og:image:width\" content=\"1181\" \/>\n\t<meta property=\"og:image:height\" content=\"1403\" \/>\n\t<meta property=\"og:image:type\" content=\"image\/jpeg\" \/>\n<meta name=\"twitter:card\" content=\"summary_large_image\" \/>\n<meta name=\"twitter:label1\" content=\"Estimated reading time\" \/>\n\t<meta name=\"twitter:data1\" content=\"1 minute\" \/>\n<script type=\"application\/ld+json\" class=\"yoast-schema-graph\">{\"@context\":\"https:\\\/\\\/schema.org\",\"@graph\":[{\"@type\":\"WebPage\",\"@id\":\"https:\\\/\\\/msdesignstudio.eu\\\/produkt\\\/kwiaty-3\\\/\",\"url\":\"https:\\\/\\\/msdesignstudio.eu\\\/produkt\\\/kwiaty-3\\\/\",\"name\":\"Kwiaty holenderskie 5 - Tapety na p\u0142\u00f3tnie - Unikatowe wzory tapet - MS Design Studio\",\"isPartOf\":{\"@id\":\"https:\\\/\\\/msdesignstudio.eu\\\/#website\"},\"primaryImageOfPage\":{\"@id\":\"https:\\\/\\\/msdesignstudio.eu\\\/produkt\\\/kwiaty-3\\\/#primaryimage\"},\"image\":{\"@id\":\"https:\\\/\\\/msdesignstudio.eu\\\/produkt\\\/kwiaty-3\\\/#primaryimage\"},\"thumbnailUrl\":\"https:\\\/\\\/msdesignstudio.eu\\\/wp-content\\\/uploads\\\/2018\\\/01\\\/mock-up-kwity-holendry-II-na-strone.jpg\",\"datePublished\":\"2018-01-29T13:37:26+00:00\",\"dateModified\":\"2025-06-22T13:51:33+00:00\",\"breadcrumb\":{\"@id\":\"https:\\\/\\\/msdesignstudio.eu\\\/produkt\\\/kwiaty-3\\\/#breadcrumb\"},\"inLanguage\":\"en-GB\",\"potentialAction\":[{\"@type\":\"ReadAction\",\"target\":[\"https:\\\/\\\/msdesignstudio.eu\\\/produkt\\\/kwiaty-3\\\/\"]}]},{\"@type\":\"ImageObject\",\"inLanguage\":\"en-GB\",\"@id\":\"https:\\\/\\\/msdesignstudio.eu\\\/produkt\\\/kwiaty-3\\\/#primaryimage\",\"url\":\"https:\\\/\\\/msdesignstudio.eu\\\/wp-content\\\/uploads\\\/2018\\\/01\\\/mock-up-kwity-holendry-II-na-strone.jpg\",\"contentUrl\":\"https:\\\/\\\/msdesignstudio.eu\\\/wp-content\\\/uploads\\\/2018\\\/01\\\/mock-up-kwity-holendry-II-na-strone.jpg\",\"width\":1181,\"height\":1403},{\"@type\":\"BreadcrumbList\",\"@id\":\"https:\\\/\\\/msdesignstudio.eu\\\/produkt\\\/kwiaty-3\\\/#breadcrumb\",\"itemListElement\":[{\"@type\":\"ListItem\",\"position\":1,\"name\":\"Strona g\u0142\u00f3wna\",\"item\":\"https:\\\/\\\/msdesignstudio.eu\\\/\"},{\"@type\":\"ListItem\",\"position\":2,\"name\":\"Sklep\",\"item\":\"https:\\\/\\\/msdesignstudio.eu\\\/sklep\\\/\"},{\"@type\":\"ListItem\",\"position\":3,\"name\":\"Kwiaty holenderskie 5\"}]},{\"@type\":\"WebSite\",\"@id\":\"https:\\\/\\\/msdesignstudio.eu\\\/#website\",\"url\":\"https:\\\/\\\/msdesignstudio.eu\\\/\",\"name\":\"Tapety na p\u0142\u00f3tnie - Unikatowe wzory tapet - MS Design Studio\",\"description\":\"Sklep z tapetami na p\u0142\u00f3tnie Online. Znajdziecie u nas tylko autorskie tapety na najwy\u017cszej jako\u015bci p\u0142\u00f3tnie. Porady z zakresu dekoracji wn\u0119trz. Nasze tapety wysy\u0142amy kurierem do wi\u0119kszo\u015bci kraj\u00f3w.\",\"publisher\":{\"@id\":\"https:\\\/\\\/msdesignstudio.eu\\\/#organization\"},\"potentialAction\":[{\"@type\":\"SearchAction\",\"target\":{\"@type\":\"EntryPoint\",\"urlTemplate\":\"https:\\\/\\\/msdesignstudio.eu\\\/?s={search_term_string}\"},\"query-input\":{\"@type\":\"PropertyValueSpecification\",\"valueRequired\":true,\"valueName\":\"search_term_string\"}}],\"inLanguage\":\"en-GB\"},{\"@type\":\"Organization\",\"@id\":\"https:\\\/\\\/msdesignstudio.eu\\\/#organization\",\"name\":\"MS DESIGN STUDIO\",\"url\":\"https:\\\/\\\/msdesignstudio.eu\\\/\",\"logo\":{\"@type\":\"ImageObject\",\"inLanguage\":\"en-GB\",\"@id\":\"https:\\\/\\\/msdesignstudio.eu\\\/#\\\/schema\\\/logo\\\/image\\\/\",\"url\":\"https:\\\/\\\/msdesignstudio.eu\\\/wp-content\\\/uploads\\\/2018\\\/05\\\/Salon-2-kwiaty2-FB.jpg\",\"contentUrl\":\"https:\\\/\\\/msdesignstudio.eu\\\/wp-content\\\/uploads\\\/2018\\\/05\\\/Salon-2-kwiaty2-FB.jpg\",\"width\":1200,\"height\":630,\"caption\":\"MS DESIGN STUDIO\"},\"image\":{\"@id\":\"https:\\\/\\\/msdesignstudio.eu\\\/#\\\/schema\\\/logo\\\/image\\\/\"},\"sameAs\":[\"https:\\\/\\\/www.facebook.com\\\/MagdalenaSmielewskiDesign\\\/\",\"https:\\\/\\\/www.instagram.com\\\/ms_design_studio\\\/\"]}]}<\/script>\n<!-- \/ Yoast SEO plugin. -->","yoast_head_json":{"title":"Kwiaty holenderskie 5 - Tapety na p\u0142\u00f3tnie - Unikatowe wzory tapet - MS Design Studio","robots":{"index":"index","follow":"follow","max-snippet":"max-snippet:-1","max-image-preview":"max-image-preview:large","max-video-preview":"max-video-preview:-1"},"canonical":"https:\/\/msdesignstudio.eu\/en_gb\/product\/kwiaty-3\/","og_locale":"en_GB","og_type":"article","og_title":"Kwiaty holenderskie 5 - Tapety na p\u0142\u00f3tnie - Unikatowe wzory tapet - MS Design Studio","og_description":"&nbsp;  Tapeta na p\u0142\u00f3tnie \u201eCanvas\u201d na podk\u0142adzie flizelinowym.  Projekt ka\u017cdej tapety nasze studio przygotowuje indywidualnie.  Cena za 1 m2 \u2013 280 z\u0142","og_url":"https:\/\/msdesignstudio.eu\/en_gb\/product\/kwiaty-3\/","og_site_name":"Tapety na p\u0142\u00f3tnie - Unikatowe wzory tapet - MS Design Studio","article_publisher":"https:\/\/www.facebook.com\/MagdalenaSmielewskiDesign\/","article_modified_time":"2025-06-22T13:51:33+00:00","og_image":[{"width":1181,"height":1403,"url":"https:\/\/msdesignstudio.eu\/wp-content\/uploads\/2018\/01\/mock-up-kwity-holendry-II-na-strone.jpg","type":"image\/jpeg"}],"twitter_card":"summary_large_image","twitter_misc":{"Estimated reading time":"1 minute"},"schema":{"@context":"https:\/\/schema.org","@graph":[{"@type":"WebPage","@id":"https:\/\/msdesignstudio.eu\/produkt\/kwiaty-3\/","url":"https:\/\/msdesignstudio.eu\/produkt\/kwiaty-3\/","name":"Kwiaty holenderskie 5 - Tapety na p\u0142\u00f3tnie - Unikatowe wzory tapet - MS Design Studio","isPartOf":{"@id":"https:\/\/msdesignstudio.eu\/#website"},"primaryImageOfPage":{"@id":"https:\/\/msdesignstudio.eu\/produkt\/kwiaty-3\/#primaryimage"},"image":{"@id":"https:\/\/msdesignstudio.eu\/produkt\/kwiaty-3\/#primaryimage"},"thumbnailUrl":"https:\/\/msdesignstudio.eu\/wp-content\/uploads\/2018\/01\/mock-up-kwity-holendry-II-na-strone.jpg","datePublished":"2018-01-29T13:37:26+00:00","dateModified":"2025-06-22T13:51:33+00:00","breadcrumb":{"@id":"https:\/\/msdesignstudio.eu\/produkt\/kwiaty-3\/#breadcrumb"},"inLanguage":"en-GB","potentialAction":[{"@type":"ReadAction","target":["https:\/\/msdesignstudio.eu\/produkt\/kwiaty-3\/"]}]},{"@type":"ImageObject","inLanguage":"en-GB","@id":"https:\/\/msdesignstudio.eu\/produkt\/kwiaty-3\/#primaryimage","url":"https:\/\/msdesignstudio.eu\/wp-content\/uploads\/2018\/01\/mock-up-kwity-holendry-II-na-strone.jpg","contentUrl":"https:\/\/msdesignstudio.eu\/wp-content\/uploads\/2018\/01\/mock-up-kwity-holendry-II-na-strone.jpg","width":1181,"height":1403},{"@type":"BreadcrumbList","@id":"https:\/\/msdesignstudio.eu\/produkt\/kwiaty-3\/#breadcrumb","itemListElement":[{"@type":"ListItem","position":1,"name":"Strona g\u0142\u00f3wna","item":"https:\/\/msdesignstudio.eu\/"},{"@type":"ListItem","position":2,"name":"Sklep","item":"https:\/\/msdesignstudio.eu\/sklep\/"},{"@type":"ListItem","position":3,"name":"Kwiaty holenderskie 5"}]},{"@type":"WebSite","@id":"https:\/\/msdesignstudio.eu\/#website","url":"https:\/\/msdesignstudio.eu\/","name":"Tapety na p\u0142\u00f3tnie - Unikatowe wzory tapet - MS Design Studio","description":"Sklep z tapetami na p\u0142\u00f3tnie Online. Znajdziecie u nas tylko autorskie tapety na najwy\u017cszej jako\u015bci p\u0142\u00f3tnie. Porady z zakresu dekoracji wn\u0119trz. Nasze tapety wysy\u0142amy kurierem do wi\u0119kszo\u015bci kraj\u00f3w.","publisher":{"@id":"https:\/\/msdesignstudio.eu\/#organization"},"potentialAction":[{"@type":"SearchAction","target":{"@type":"EntryPoint","urlTemplate":"https:\/\/msdesignstudio.eu\/?s={search_term_string}"},"query-input":{"@type":"PropertyValueSpecification","valueRequired":true,"valueName":"search_term_string"}}],"inLanguage":"en-GB"},{"@type":"Organization","@id":"https:\/\/msdesignstudio.eu\/#organization","name":"MS DESIGN STUDIO","url":"https:\/\/msdesignstudio.eu\/","logo":{"@type":"ImageObject","inLanguage":"en-GB","@id":"https:\/\/msdesignstudio.eu\/#\/schema\/logo\/image\/","url":"https:\/\/msdesignstudio.eu\/wp-content\/uploads\/2018\/05\/Salon-2-kwiaty2-FB.jpg","contentUrl":"https:\/\/msdesignstudio.eu\/wp-content\/uploads\/2018\/05\/Salon-2-kwiaty2-FB.jpg","width":1200,"height":630,"caption":"MS DESIGN STUDIO"},"image":{"@id":"https:\/\/msdesignstudio.eu\/#\/schema\/logo\/image\/"},"sameAs":["https:\/\/www.facebook.com\/MagdalenaSmielewskiDesign\/","https:\/\/www.instagram.com\/ms_design_studio\/"]}]}},"jetpack_sharing_enabled":true,"_links":{"self":[{"href":"https:\/\/msdesignstudio.eu\/en_gb\/wp-json\/wp\/v2\/product\/50693","targetHints":{"allow":["GET"]}}],"collection":[{"href":"https:\/\/msdesignstudio.eu\/en_gb\/wp-json\/wp\/v2\/product"}],"about":[{"href":"https:\/\/msdesignstudio.eu\/en_gb\/wp-json\/wp\/v2\/types\/product"}],"replies":[{"embeddable":true,"href":"https:\/\/msdesignstudio.eu\/en_gb\/wp-json\/wp\/v2\/comments?post=50693"}],"wp:featuredmedia":[{"embeddable":true,"href":"https:\/\/msdesignstudio.eu\/en_gb\/wp-json\/wp\/v2\/media\/52146"}],"wp:attachment":[{"href":"https:\/\/msdesignstudio.eu\/en_gb\/wp-json\/wp\/v2\/media?parent=50693"}],"wp:term":[{"taxonomy":"product_brand","embeddable":true,"href":"https:\/\/msdesignstudio.eu\/en_gb\/wp-json\/wp\/v2\/product_brand?post=50693"},{"taxonomy":"product_cat","embeddable":true,"href":"https:\/\/msdesignstudio.eu\/en_gb\/wp-json\/wp\/v2\/product_cat?post=50693"},{"taxonomy":"product_tag","embeddable":true,"href":"https:\/\/msdesignstudio.eu\/en_gb\/wp-json\/wp\/v2\/product_tag?post=50693"}],"curies":[{"name":"wp","href":"https:\/\/api.w.org\/{rel}","templated":true}]}}