{"id":51982,"date":"2020-10-23T19:43:03","date_gmt":"2020-10-23T17:43:03","guid":{"rendered":"https:\/\/msdesignstudio.eu\/?post_type=product&#038;p=51982"},"modified":"2023-10-28T23:00:23","modified_gmt":"2023-10-28T21:00:23","slug":"tapeta-w-zlote-i-czerwone-kwiaty","status":"publish","type":"product","link":"https:\/\/msdesignstudio.eu\/en_gb\/product\/tapeta-w-zlote-i-czerwone-kwiaty\/","title":{"rendered":"Wallpaper with Golden and Red Flowers"},"content":{"rendered":"<p>Dark elegance\nthis is the main theme of our collection. The leitmotif of the wallpaper with golden and red flowers are leaves on a black background, combined in a beautiful composition with roses. Thanks to this interesting pattern and canvas print, the wall mural visually resembles a velvet structure. It looks very stylish in any room. The red and gold of the leaves are combined with the white of the roses, which subtly contrasts with the strong colors. This motif, thanks to its color versatility and, at the same time, exclusivity of workmanship, will decorate any space. It is a proposal that provides a luxurious look while maintaining a multifunctional color scheme. It will appeal to lovers of classic, dark interiors.<\/p>","protected":false},"excerpt":{"rendered":"<p>Wallpaper on canvas on a non-woven base.<\/p>\n<p>Our studio prepares the design of each wallpaper individually.<\/p>\n<p>Cena za 1 m2 \u2013 280 z\u0142<\/p>","protected":false},"featured_media":52211,"comment_status":"open","ping_status":"closed","template":"","meta":{"_et_pb_use_builder":"","_et_pb_old_content":"","_et_gb_content_width":"","jetpack_post_was_ever_published":false},"product_brand":[],"product_cat":[87,51,26],"product_tag":[],"class_list":{"0":"post-51982","1":"product","2":"type-product","3":"status-publish","4":"has-post-thumbnail","6":"product_cat-tapety-tapety","7":"product_cat-nowe-produkty","8":"product_cat-tapety","10":"first","11":"instock","12":"shipping-taxable","13":"purchasable","14":"product-type-simple"},"yoast_head":"<!-- This site is optimized with the Yoast SEO plugin v27.4 - https:\/\/yoast.com\/product\/yoast-seo-wordpress\/ -->\n<title>Tapeta w z\u0142ote i czerwone kwiaty - Tapety na p\u0142\u00f3tnie - Unikatowe wzory tapet - MS Design Studio<\/title>\n<meta name=\"robots\" content=\"index, follow, max-snippet:-1, max-image-preview:large, max-video-preview:-1\" \/>\n<link rel=\"canonical\" href=\"https:\/\/msdesignstudio.eu\/en_gb\/product\/tapeta-w-zlote-i-czerwone-kwiaty\/\" \/>\n<meta property=\"og:locale\" content=\"en_GB\" \/>\n<meta property=\"og:type\" content=\"article\" \/>\n<meta property=\"og:title\" content=\"Tapeta w z\u0142ote i czerwone kwiaty - Tapety na p\u0142\u00f3tnie - Unikatowe wzory tapet - MS Design Studio\" \/>\n<meta property=\"og:description\" content=\"Tapeta na p\u0142\u00f3tnie \u201eCanvas\u201d na podk\u0142adzie flizelinowym.  Projekt ka\u017cdej tapety nasze studio przygotowuje indywidualnie.  Cena za 1 m2 \u2013 280 z\u0142\" \/>\n<meta property=\"og:url\" content=\"https:\/\/msdesignstudio.eu\/en_gb\/product\/tapeta-w-zlote-i-czerwone-kwiaty\/\" \/>\n<meta property=\"og:site_name\" content=\"Tapety na p\u0142\u00f3tnie - Unikatowe wzory tapet - MS Design Studio\" \/>\n<meta property=\"article:publisher\" content=\"https:\/\/www.facebook.com\/MagdalenaSmielewskiDesign\/\" \/>\n<meta property=\"article:modified_time\" content=\"2023-10-28T21:00:23+00:00\" \/>\n<meta property=\"og:image\" content=\"https:\/\/msdesignstudio.eu\/wp-content\/uploads\/2020\/10\/zlote-i-czerwone-roze-mock-up-1024x769.jpg\" \/>\n\t<meta property=\"og:image:width\" content=\"1024\" \/>\n\t<meta property=\"og:image:height\" content=\"769\" \/>\n\t<meta property=\"og:image:type\" content=\"image\/jpeg\" \/>\n<meta name=\"twitter:card\" content=\"summary_large_image\" \/>\n<meta name=\"twitter:label1\" content=\"Estimated reading time\" \/>\n\t<meta name=\"twitter:data1\" content=\"1 minute\" \/>\n<script type=\"application\/ld+json\" class=\"yoast-schema-graph\">{\"@context\":\"https:\\\/\\\/schema.org\",\"@graph\":[{\"@type\":\"WebPage\",\"@id\":\"https:\\\/\\\/msdesignstudio.eu\\\/produkt\\\/tapeta-w-zlote-i-czerwone-kwiaty\\\/\",\"url\":\"https:\\\/\\\/msdesignstudio.eu\\\/produkt\\\/tapeta-w-zlote-i-czerwone-kwiaty\\\/\",\"name\":\"Tapeta w z\u0142ote i czerwone kwiaty - Tapety na p\u0142\u00f3tnie - Unikatowe wzory tapet - MS Design Studio\",\"isPartOf\":{\"@id\":\"https:\\\/\\\/msdesignstudio.eu\\\/#website\"},\"primaryImageOfPage\":{\"@id\":\"https:\\\/\\\/msdesignstudio.eu\\\/produkt\\\/tapeta-w-zlote-i-czerwone-kwiaty\\\/#primaryimage\"},\"image\":{\"@id\":\"https:\\\/\\\/msdesignstudio.eu\\\/produkt\\\/tapeta-w-zlote-i-czerwone-kwiaty\\\/#primaryimage\"},\"thumbnailUrl\":\"https:\\\/\\\/msdesignstudio.eu\\\/wp-content\\\/uploads\\\/2020\\\/10\\\/zlote-i-czerwone-roze-mock-up.jpg\",\"datePublished\":\"2020-10-23T17:43:03+00:00\",\"dateModified\":\"2023-10-28T21:00:23+00:00\",\"breadcrumb\":{\"@id\":\"https:\\\/\\\/msdesignstudio.eu\\\/produkt\\\/tapeta-w-zlote-i-czerwone-kwiaty\\\/#breadcrumb\"},\"inLanguage\":\"en-GB\",\"potentialAction\":[{\"@type\":\"ReadAction\",\"target\":[\"https:\\\/\\\/msdesignstudio.eu\\\/produkt\\\/tapeta-w-zlote-i-czerwone-kwiaty\\\/\"]}]},{\"@type\":\"ImageObject\",\"inLanguage\":\"en-GB\",\"@id\":\"https:\\\/\\\/msdesignstudio.eu\\\/produkt\\\/tapeta-w-zlote-i-czerwone-kwiaty\\\/#primaryimage\",\"url\":\"https:\\\/\\\/msdesignstudio.eu\\\/wp-content\\\/uploads\\\/2020\\\/10\\\/zlote-i-czerwone-roze-mock-up.jpg\",\"contentUrl\":\"https:\\\/\\\/msdesignstudio.eu\\\/wp-content\\\/uploads\\\/2020\\\/10\\\/zlote-i-czerwone-roze-mock-up.jpg\",\"width\":1984,\"height\":1489},{\"@type\":\"BreadcrumbList\",\"@id\":\"https:\\\/\\\/msdesignstudio.eu\\\/produkt\\\/tapeta-w-zlote-i-czerwone-kwiaty\\\/#breadcrumb\",\"itemListElement\":[{\"@type\":\"ListItem\",\"position\":1,\"name\":\"Strona g\u0142\u00f3wna\",\"item\":\"https:\\\/\\\/msdesignstudio.eu\\\/\"},{\"@type\":\"ListItem\",\"position\":2,\"name\":\"Sklep\",\"item\":\"https:\\\/\\\/msdesignstudio.eu\\\/sklep\\\/\"},{\"@type\":\"ListItem\",\"position\":3,\"name\":\"Tapeta w z\u0142ote i czerwone kwiaty\"}]},{\"@type\":\"WebSite\",\"@id\":\"https:\\\/\\\/msdesignstudio.eu\\\/#website\",\"url\":\"https:\\\/\\\/msdesignstudio.eu\\\/\",\"name\":\"Tapety na p\u0142\u00f3tnie - Unikatowe wzory tapet - MS Design Studio\",\"description\":\"Sklep z tapetami na p\u0142\u00f3tnie Online. Znajdziecie u nas tylko autorskie tapety na najwy\u017cszej jako\u015bci p\u0142\u00f3tnie. Porady z zakresu dekoracji wn\u0119trz. Nasze tapety wysy\u0142amy kurierem do wi\u0119kszo\u015bci kraj\u00f3w.\",\"publisher\":{\"@id\":\"https:\\\/\\\/msdesignstudio.eu\\\/#organization\"},\"potentialAction\":[{\"@type\":\"SearchAction\",\"target\":{\"@type\":\"EntryPoint\",\"urlTemplate\":\"https:\\\/\\\/msdesignstudio.eu\\\/?s={search_term_string}\"},\"query-input\":{\"@type\":\"PropertyValueSpecification\",\"valueRequired\":true,\"valueName\":\"search_term_string\"}}],\"inLanguage\":\"en-GB\"},{\"@type\":\"Organization\",\"@id\":\"https:\\\/\\\/msdesignstudio.eu\\\/#organization\",\"name\":\"MS DESIGN STUDIO\",\"url\":\"https:\\\/\\\/msdesignstudio.eu\\\/\",\"logo\":{\"@type\":\"ImageObject\",\"inLanguage\":\"en-GB\",\"@id\":\"https:\\\/\\\/msdesignstudio.eu\\\/#\\\/schema\\\/logo\\\/image\\\/\",\"url\":\"https:\\\/\\\/msdesignstudio.eu\\\/wp-content\\\/uploads\\\/2018\\\/05\\\/Salon-2-kwiaty2-FB.jpg\",\"contentUrl\":\"https:\\\/\\\/msdesignstudio.eu\\\/wp-content\\\/uploads\\\/2018\\\/05\\\/Salon-2-kwiaty2-FB.jpg\",\"width\":1200,\"height\":630,\"caption\":\"MS DESIGN STUDIO\"},\"image\":{\"@id\":\"https:\\\/\\\/msdesignstudio.eu\\\/#\\\/schema\\\/logo\\\/image\\\/\"},\"sameAs\":[\"https:\\\/\\\/www.facebook.com\\\/MagdalenaSmielewskiDesign\\\/\",\"https:\\\/\\\/www.instagram.com\\\/ms_design_studio\\\/\"]}]}<\/script>\n<!-- \/ Yoast SEO plugin. -->","yoast_head_json":{"title":"Tapeta w z\u0142ote i czerwone kwiaty - Tapety na p\u0142\u00f3tnie - Unikatowe wzory tapet - MS Design Studio","robots":{"index":"index","follow":"follow","max-snippet":"max-snippet:-1","max-image-preview":"max-image-preview:large","max-video-preview":"max-video-preview:-1"},"canonical":"https:\/\/msdesignstudio.eu\/en_gb\/product\/tapeta-w-zlote-i-czerwone-kwiaty\/","og_locale":"en_GB","og_type":"article","og_title":"Tapeta w z\u0142ote i czerwone kwiaty - Tapety na p\u0142\u00f3tnie - Unikatowe wzory tapet - MS Design Studio","og_description":"Tapeta na p\u0142\u00f3tnie \u201eCanvas\u201d na podk\u0142adzie flizelinowym.  Projekt ka\u017cdej tapety nasze studio przygotowuje indywidualnie.  Cena za 1 m2 \u2013 280 z\u0142","og_url":"https:\/\/msdesignstudio.eu\/en_gb\/product\/tapeta-w-zlote-i-czerwone-kwiaty\/","og_site_name":"Tapety na p\u0142\u00f3tnie - Unikatowe wzory tapet - MS Design Studio","article_publisher":"https:\/\/www.facebook.com\/MagdalenaSmielewskiDesign\/","article_modified_time":"2023-10-28T21:00:23+00:00","og_image":[{"width":1024,"height":769,"url":"https:\/\/msdesignstudio.eu\/wp-content\/uploads\/2020\/10\/zlote-i-czerwone-roze-mock-up-1024x769.jpg","type":"image\/jpeg"}],"twitter_card":"summary_large_image","twitter_misc":{"Estimated reading time":"1 minute"},"schema":{"@context":"https:\/\/schema.org","@graph":[{"@type":"WebPage","@id":"https:\/\/msdesignstudio.eu\/produkt\/tapeta-w-zlote-i-czerwone-kwiaty\/","url":"https:\/\/msdesignstudio.eu\/produkt\/tapeta-w-zlote-i-czerwone-kwiaty\/","name":"Tapeta w z\u0142ote i czerwone kwiaty - Tapety na p\u0142\u00f3tnie - Unikatowe wzory tapet - MS Design Studio","isPartOf":{"@id":"https:\/\/msdesignstudio.eu\/#website"},"primaryImageOfPage":{"@id":"https:\/\/msdesignstudio.eu\/produkt\/tapeta-w-zlote-i-czerwone-kwiaty\/#primaryimage"},"image":{"@id":"https:\/\/msdesignstudio.eu\/produkt\/tapeta-w-zlote-i-czerwone-kwiaty\/#primaryimage"},"thumbnailUrl":"https:\/\/msdesignstudio.eu\/wp-content\/uploads\/2020\/10\/zlote-i-czerwone-roze-mock-up.jpg","datePublished":"2020-10-23T17:43:03+00:00","dateModified":"2023-10-28T21:00:23+00:00","breadcrumb":{"@id":"https:\/\/msdesignstudio.eu\/produkt\/tapeta-w-zlote-i-czerwone-kwiaty\/#breadcrumb"},"inLanguage":"en-GB","potentialAction":[{"@type":"ReadAction","target":["https:\/\/msdesignstudio.eu\/produkt\/tapeta-w-zlote-i-czerwone-kwiaty\/"]}]},{"@type":"ImageObject","inLanguage":"en-GB","@id":"https:\/\/msdesignstudio.eu\/produkt\/tapeta-w-zlote-i-czerwone-kwiaty\/#primaryimage","url":"https:\/\/msdesignstudio.eu\/wp-content\/uploads\/2020\/10\/zlote-i-czerwone-roze-mock-up.jpg","contentUrl":"https:\/\/msdesignstudio.eu\/wp-content\/uploads\/2020\/10\/zlote-i-czerwone-roze-mock-up.jpg","width":1984,"height":1489},{"@type":"BreadcrumbList","@id":"https:\/\/msdesignstudio.eu\/produkt\/tapeta-w-zlote-i-czerwone-kwiaty\/#breadcrumb","itemListElement":[{"@type":"ListItem","position":1,"name":"Strona g\u0142\u00f3wna","item":"https:\/\/msdesignstudio.eu\/"},{"@type":"ListItem","position":2,"name":"Sklep","item":"https:\/\/msdesignstudio.eu\/sklep\/"},{"@type":"ListItem","position":3,"name":"Tapeta w z\u0142ote i czerwone kwiaty"}]},{"@type":"WebSite","@id":"https:\/\/msdesignstudio.eu\/#website","url":"https:\/\/msdesignstudio.eu\/","name":"Tapety na p\u0142\u00f3tnie - Unikatowe wzory tapet - MS Design Studio","description":"Sklep z tapetami na p\u0142\u00f3tnie Online. Znajdziecie u nas tylko autorskie tapety na najwy\u017cszej jako\u015bci p\u0142\u00f3tnie. Porady z zakresu dekoracji wn\u0119trz. Nasze tapety wysy\u0142amy kurierem do wi\u0119kszo\u015bci kraj\u00f3w.","publisher":{"@id":"https:\/\/msdesignstudio.eu\/#organization"},"potentialAction":[{"@type":"SearchAction","target":{"@type":"EntryPoint","urlTemplate":"https:\/\/msdesignstudio.eu\/?s={search_term_string}"},"query-input":{"@type":"PropertyValueSpecification","valueRequired":true,"valueName":"search_term_string"}}],"inLanguage":"en-GB"},{"@type":"Organization","@id":"https:\/\/msdesignstudio.eu\/#organization","name":"MS DESIGN STUDIO","url":"https:\/\/msdesignstudio.eu\/","logo":{"@type":"ImageObject","inLanguage":"en-GB","@id":"https:\/\/msdesignstudio.eu\/#\/schema\/logo\/image\/","url":"https:\/\/msdesignstudio.eu\/wp-content\/uploads\/2018\/05\/Salon-2-kwiaty2-FB.jpg","contentUrl":"https:\/\/msdesignstudio.eu\/wp-content\/uploads\/2018\/05\/Salon-2-kwiaty2-FB.jpg","width":1200,"height":630,"caption":"MS DESIGN STUDIO"},"image":{"@id":"https:\/\/msdesignstudio.eu\/#\/schema\/logo\/image\/"},"sameAs":["https:\/\/www.facebook.com\/MagdalenaSmielewskiDesign\/","https:\/\/www.instagram.com\/ms_design_studio\/"]}]}},"jetpack_sharing_enabled":true,"_links":{"self":[{"href":"https:\/\/msdesignstudio.eu\/en_gb\/wp-json\/wp\/v2\/product\/51982","targetHints":{"allow":["GET"]}}],"collection":[{"href":"https:\/\/msdesignstudio.eu\/en_gb\/wp-json\/wp\/v2\/product"}],"about":[{"href":"https:\/\/msdesignstudio.eu\/en_gb\/wp-json\/wp\/v2\/types\/product"}],"replies":[{"embeddable":true,"href":"https:\/\/msdesignstudio.eu\/en_gb\/wp-json\/wp\/v2\/comments?post=51982"}],"wp:featuredmedia":[{"embeddable":true,"href":"https:\/\/msdesignstudio.eu\/en_gb\/wp-json\/wp\/v2\/media\/52211"}],"wp:attachment":[{"href":"https:\/\/msdesignstudio.eu\/en_gb\/wp-json\/wp\/v2\/media?parent=51982"}],"wp:term":[{"taxonomy":"product_brand","embeddable":true,"href":"https:\/\/msdesignstudio.eu\/en_gb\/wp-json\/wp\/v2\/product_brand?post=51982"},{"taxonomy":"product_cat","embeddable":true,"href":"https:\/\/msdesignstudio.eu\/en_gb\/wp-json\/wp\/v2\/product_cat?post=51982"},{"taxonomy":"product_tag","embeddable":true,"href":"https:\/\/msdesignstudio.eu\/en_gb\/wp-json\/wp\/v2\/product_tag?post=51982"}],"curies":[{"name":"wp","href":"https:\/\/api.w.org\/{rel}","templated":true}]}}