{"id":52313,"date":"2022-03-13T13:24:10","date_gmt":"2022-03-13T12:24:10","guid":{"rendered":"https:\/\/msdesignstudio.eu\/?post_type=product&#038;p=52313"},"modified":"2026-04-23T19:30:55","modified_gmt":"2026-04-23T17:30:55","slug":"rozowy-flaming","status":"publish","type":"product","link":"https:\/\/msdesignstudio.eu\/en_gb\/product\/rozowy-flaming\/","title":{"rendered":"Pink Flamingo"},"content":{"rendered":"<p>The elegant pink flamingo is the central element of this extremely original canvas wallpaper. Very vivid color adds originality and eccentricity to this beautiful wallpaper, which will give any interior a unique character. Pink is one of the most popular colors this season, and flamingos as a decorative motif are both beautiful color and charming shapes. The wallpaper will be an elegant and colorful addition to a space or design, beautifully complementing both modern and more classic styles of decor.\nThe wallpaper is perfect for the living room, bedroom and can also decorate our bathroom in a beautiful and original way.<\/p>\n<p>Did you know ?\nIn Aztec traditions, flamingos were symbols of love and passion, as well as healing. Their brightly colored feathers evoked passionate emotions and gave them special significance. Flamingos are also ubiquitous symbols of fun and flamboyancy. From Alice in Wonderland to ancient cave paintings, these birds have always had a special relationship with artists and storytellers.<\/p>\n<p>Wallpaper printed on high-quality canvas is available in any size upon individual customer's request.<\/p>","protected":false},"excerpt":{"rendered":"<p>Wallpaper on canvas on a non-woven base.<\/p>\n<p>Our studio prepares the design of each wallpaper individually.<\/p>\n<p>Cena za 1 m2 \u2013 280 z\u0142<\/p>","protected":false},"featured_media":53546,"comment_status":"open","ping_status":"closed","template":"","meta":{"_et_pb_use_builder":"off","_et_pb_old_content":"Elegancki r\u00f3\u017cowy flaming to element centralny zdobi\u0105cy t\u0119 niezwykle oryginaln\u0105 tapete na p\u0142\u00f3tnie. Wyj\u0105tkowo \u017cywy kolor dodaje oryginalno\u015bci i ekscentryczno\u015bci tej przepi\u0119knej tapecie, kt\u00f3ra doda ka\u017cdemu wn\u0119trzu unikatowego charakteru. Kolor r\u00f3\u017cowy jest jedn\u0105 z najpopularniejszych barw w tym sezonie, a flamingi jako motyw dekoracyjny to zar\u00f3wno pi\u0119kny kolor jak i urokliwe kszta\u0142ty. Tapeta b\u0119dzie eleganckim i kolorowym dodatkiem do przestrzeni lub projektu, pi\u0119knie uzupe\u0142niaj\u0105cym zar\u00f3wno nowoczesne, jak i bardziej klasyczne style wystroju.\r\n\r\nTapeta \u015bwietnie nadaje si\u0119 do salonu, sypialni i w przepi\u0119kny i oryginalny spos\u00f3b mo\u017ce udekorowa\u0107 r\u00f3wnie\u017c nasz\u0105 \u0142azienk\u0119.\r\n\r\nFlaming jest symbolem mi\u0142o\u015bci i przynosi j\u0105 do naszego \u017cycia. Uczy nas, aby\u015bmy w \u017cyciu kierowali si\u0119 swoim sercem, nie mieli ogranicze\u0144 i pod\u0105\u017cali za swoimi uczuciami. Mo\u017ce wi\u0119c na dobre powinien zago\u015bci\u0107 w naszych wn\u0119trzach?\r\n\r\n\u00a0","_et_gb_content_width":"","jetpack_post_was_ever_published":false},"product_brand":[],"product_cat":[51,93,26],"product_tag":[],"class_list":{"0":"post-52313","1":"product","2":"type-product","3":"status-publish","4":"has-post-thumbnail","6":"product_cat-nowe-produkty","7":"product_cat-ptaki-xxl","8":"product_cat-tapety","10":"first","11":"instock","12":"shipping-taxable","13":"purchasable","14":"product-type-simple"},"yoast_head":"<!-- This site is optimized with the Yoast SEO plugin v27.4 - https:\/\/yoast.com\/product\/yoast-seo-wordpress\/ -->\n<title>R\u00f3\u017cowy Flaming - Tapety na p\u0142\u00f3tnie - Unikatowe wzory tapet - MS Design Studio<\/title>\n<meta name=\"description\" content=\"%tapeta #tapetanap\u0142\u00f3tnie #r\u00f3\u017cowyflaming #unikatowetapety\" \/>\n<meta name=\"robots\" content=\"index, follow, max-snippet:-1, max-image-preview:large, max-video-preview:-1\" \/>\n<link rel=\"canonical\" href=\"https:\/\/msdesignstudio.eu\/en_gb\/product\/rozowy-flaming\/\" \/>\n<meta property=\"og:locale\" content=\"en_GB\" \/>\n<meta property=\"og:type\" content=\"article\" \/>\n<meta property=\"og:title\" content=\"R\u00f3\u017cowy Flaming - Tapety na p\u0142\u00f3tnie - Unikatowe wzory tapet - MS Design Studio\" \/>\n<meta property=\"og:description\" content=\"%tapeta #tapetanap\u0142\u00f3tnie #r\u00f3\u017cowyflaming #unikatowetapety\" \/>\n<meta property=\"og:url\" content=\"https:\/\/msdesignstudio.eu\/en_gb\/product\/rozowy-flaming\/\" \/>\n<meta property=\"og:site_name\" content=\"Tapety na p\u0142\u00f3tnie - Unikatowe wzory tapet - MS Design Studio\" \/>\n<meta property=\"article:publisher\" content=\"https:\/\/www.facebook.com\/MagdalenaSmielewskiDesign\/\" \/>\n<meta property=\"article:modified_time\" content=\"2026-04-23T17:30:55+00:00\" \/>\n<meta property=\"og:image\" content=\"https:\/\/msdesignstudio.eu\/wp-content\/uploads\/2022\/03\/12a22fd4-1afd-425b-b7cc-1c259dc43d28-1.jpeg\" \/>\n\t<meta property=\"og:image:width\" content=\"999\" \/>\n\t<meta property=\"og:image:height\" content=\"1274\" \/>\n\t<meta property=\"og:image:type\" content=\"image\/jpeg\" \/>\n<meta name=\"twitter:card\" content=\"summary_large_image\" \/>\n<meta name=\"twitter:label1\" content=\"Estimated reading time\" \/>\n\t<meta name=\"twitter:data1\" content=\"2 minutes\" \/>\n<script type=\"application\/ld+json\" class=\"yoast-schema-graph\">{\"@context\":\"https:\\\/\\\/schema.org\",\"@graph\":[{\"@type\":\"WebPage\",\"@id\":\"https:\\\/\\\/msdesignstudio.eu\\\/produkt\\\/rozowy-flaming\\\/\",\"url\":\"https:\\\/\\\/msdesignstudio.eu\\\/produkt\\\/rozowy-flaming\\\/\",\"name\":\"R\u00f3\u017cowy Flaming - Tapety na p\u0142\u00f3tnie - Unikatowe wzory tapet - MS Design Studio\",\"isPartOf\":{\"@id\":\"https:\\\/\\\/msdesignstudio.eu\\\/#website\"},\"primaryImageOfPage\":{\"@id\":\"https:\\\/\\\/msdesignstudio.eu\\\/produkt\\\/rozowy-flaming\\\/#primaryimage\"},\"image\":{\"@id\":\"https:\\\/\\\/msdesignstudio.eu\\\/produkt\\\/rozowy-flaming\\\/#primaryimage\"},\"thumbnailUrl\":\"https:\\\/\\\/msdesignstudio.eu\\\/wp-content\\\/uploads\\\/2022\\\/03\\\/12a22fd4-1afd-425b-b7cc-1c259dc43d28-1.jpeg\",\"datePublished\":\"2022-03-13T12:24:10+00:00\",\"dateModified\":\"2026-04-23T17:30:55+00:00\",\"description\":\"%tapeta #tapetanap\u0142\u00f3tnie #r\u00f3\u017cowyflaming #unikatowetapety\",\"breadcrumb\":{\"@id\":\"https:\\\/\\\/msdesignstudio.eu\\\/produkt\\\/rozowy-flaming\\\/#breadcrumb\"},\"inLanguage\":\"en-GB\",\"potentialAction\":[{\"@type\":\"ReadAction\",\"target\":[\"https:\\\/\\\/msdesignstudio.eu\\\/produkt\\\/rozowy-flaming\\\/\"]}]},{\"@type\":\"ImageObject\",\"inLanguage\":\"en-GB\",\"@id\":\"https:\\\/\\\/msdesignstudio.eu\\\/produkt\\\/rozowy-flaming\\\/#primaryimage\",\"url\":\"https:\\\/\\\/msdesignstudio.eu\\\/wp-content\\\/uploads\\\/2022\\\/03\\\/12a22fd4-1afd-425b-b7cc-1c259dc43d28-1.jpeg\",\"contentUrl\":\"https:\\\/\\\/msdesignstudio.eu\\\/wp-content\\\/uploads\\\/2022\\\/03\\\/12a22fd4-1afd-425b-b7cc-1c259dc43d28-1.jpeg\",\"width\":999,\"height\":1274},{\"@type\":\"BreadcrumbList\",\"@id\":\"https:\\\/\\\/msdesignstudio.eu\\\/produkt\\\/rozowy-flaming\\\/#breadcrumb\",\"itemListElement\":[{\"@type\":\"ListItem\",\"position\":1,\"name\":\"Strona g\u0142\u00f3wna\",\"item\":\"https:\\\/\\\/msdesignstudio.eu\\\/\"},{\"@type\":\"ListItem\",\"position\":2,\"name\":\"Sklep\",\"item\":\"https:\\\/\\\/msdesignstudio.eu\\\/sklep\\\/\"},{\"@type\":\"ListItem\",\"position\":3,\"name\":\"R\u00f3\u017cowy Flaming\"}]},{\"@type\":\"WebSite\",\"@id\":\"https:\\\/\\\/msdesignstudio.eu\\\/#website\",\"url\":\"https:\\\/\\\/msdesignstudio.eu\\\/\",\"name\":\"Tapety na p\u0142\u00f3tnie - Unikatowe wzory tapet - MS Design Studio\",\"description\":\"Sklep z tapetami na p\u0142\u00f3tnie Online. Znajdziecie u nas tylko autorskie tapety na najwy\u017cszej jako\u015bci p\u0142\u00f3tnie. Porady z zakresu dekoracji wn\u0119trz. Nasze tapety wysy\u0142amy kurierem do wi\u0119kszo\u015bci kraj\u00f3w.\",\"publisher\":{\"@id\":\"https:\\\/\\\/msdesignstudio.eu\\\/#organization\"},\"potentialAction\":[{\"@type\":\"SearchAction\",\"target\":{\"@type\":\"EntryPoint\",\"urlTemplate\":\"https:\\\/\\\/msdesignstudio.eu\\\/?s={search_term_string}\"},\"query-input\":{\"@type\":\"PropertyValueSpecification\",\"valueRequired\":true,\"valueName\":\"search_term_string\"}}],\"inLanguage\":\"en-GB\"},{\"@type\":\"Organization\",\"@id\":\"https:\\\/\\\/msdesignstudio.eu\\\/#organization\",\"name\":\"MS DESIGN STUDIO\",\"url\":\"https:\\\/\\\/msdesignstudio.eu\\\/\",\"logo\":{\"@type\":\"ImageObject\",\"inLanguage\":\"en-GB\",\"@id\":\"https:\\\/\\\/msdesignstudio.eu\\\/#\\\/schema\\\/logo\\\/image\\\/\",\"url\":\"https:\\\/\\\/msdesignstudio.eu\\\/wp-content\\\/uploads\\\/2018\\\/05\\\/Salon-2-kwiaty2-FB.jpg\",\"contentUrl\":\"https:\\\/\\\/msdesignstudio.eu\\\/wp-content\\\/uploads\\\/2018\\\/05\\\/Salon-2-kwiaty2-FB.jpg\",\"width\":1200,\"height\":630,\"caption\":\"MS DESIGN STUDIO\"},\"image\":{\"@id\":\"https:\\\/\\\/msdesignstudio.eu\\\/#\\\/schema\\\/logo\\\/image\\\/\"},\"sameAs\":[\"https:\\\/\\\/www.facebook.com\\\/MagdalenaSmielewskiDesign\\\/\",\"https:\\\/\\\/www.instagram.com\\\/ms_design_studio\\\/\"]}]}<\/script>\n<!-- \/ Yoast SEO plugin. -->","yoast_head_json":{"title":"R\u00f3\u017cowy Flaming - Tapety na p\u0142\u00f3tnie - Unikatowe wzory tapet - MS Design Studio","description":"%tapeta #tapetanap\u0142\u00f3tnie #r\u00f3\u017cowyflaming #unikatowetapety","robots":{"index":"index","follow":"follow","max-snippet":"max-snippet:-1","max-image-preview":"max-image-preview:large","max-video-preview":"max-video-preview:-1"},"canonical":"https:\/\/msdesignstudio.eu\/en_gb\/product\/rozowy-flaming\/","og_locale":"en_GB","og_type":"article","og_title":"R\u00f3\u017cowy Flaming - Tapety na p\u0142\u00f3tnie - Unikatowe wzory tapet - MS Design Studio","og_description":"%tapeta #tapetanap\u0142\u00f3tnie #r\u00f3\u017cowyflaming #unikatowetapety","og_url":"https:\/\/msdesignstudio.eu\/en_gb\/product\/rozowy-flaming\/","og_site_name":"Tapety na p\u0142\u00f3tnie - Unikatowe wzory tapet - MS Design Studio","article_publisher":"https:\/\/www.facebook.com\/MagdalenaSmielewskiDesign\/","article_modified_time":"2026-04-23T17:30:55+00:00","og_image":[{"width":999,"height":1274,"url":"https:\/\/msdesignstudio.eu\/wp-content\/uploads\/2022\/03\/12a22fd4-1afd-425b-b7cc-1c259dc43d28-1.jpeg","type":"image\/jpeg"}],"twitter_card":"summary_large_image","twitter_misc":{"Estimated reading time":"2 minutes"},"schema":{"@context":"https:\/\/schema.org","@graph":[{"@type":"WebPage","@id":"https:\/\/msdesignstudio.eu\/produkt\/rozowy-flaming\/","url":"https:\/\/msdesignstudio.eu\/produkt\/rozowy-flaming\/","name":"R\u00f3\u017cowy Flaming - Tapety na p\u0142\u00f3tnie - Unikatowe wzory tapet - MS Design Studio","isPartOf":{"@id":"https:\/\/msdesignstudio.eu\/#website"},"primaryImageOfPage":{"@id":"https:\/\/msdesignstudio.eu\/produkt\/rozowy-flaming\/#primaryimage"},"image":{"@id":"https:\/\/msdesignstudio.eu\/produkt\/rozowy-flaming\/#primaryimage"},"thumbnailUrl":"https:\/\/msdesignstudio.eu\/wp-content\/uploads\/2022\/03\/12a22fd4-1afd-425b-b7cc-1c259dc43d28-1.jpeg","datePublished":"2022-03-13T12:24:10+00:00","dateModified":"2026-04-23T17:30:55+00:00","description":"%tapeta #tapetanap\u0142\u00f3tnie #r\u00f3\u017cowyflaming #unikatowetapety","breadcrumb":{"@id":"https:\/\/msdesignstudio.eu\/produkt\/rozowy-flaming\/#breadcrumb"},"inLanguage":"en-GB","potentialAction":[{"@type":"ReadAction","target":["https:\/\/msdesignstudio.eu\/produkt\/rozowy-flaming\/"]}]},{"@type":"ImageObject","inLanguage":"en-GB","@id":"https:\/\/msdesignstudio.eu\/produkt\/rozowy-flaming\/#primaryimage","url":"https:\/\/msdesignstudio.eu\/wp-content\/uploads\/2022\/03\/12a22fd4-1afd-425b-b7cc-1c259dc43d28-1.jpeg","contentUrl":"https:\/\/msdesignstudio.eu\/wp-content\/uploads\/2022\/03\/12a22fd4-1afd-425b-b7cc-1c259dc43d28-1.jpeg","width":999,"height":1274},{"@type":"BreadcrumbList","@id":"https:\/\/msdesignstudio.eu\/produkt\/rozowy-flaming\/#breadcrumb","itemListElement":[{"@type":"ListItem","position":1,"name":"Strona g\u0142\u00f3wna","item":"https:\/\/msdesignstudio.eu\/"},{"@type":"ListItem","position":2,"name":"Sklep","item":"https:\/\/msdesignstudio.eu\/sklep\/"},{"@type":"ListItem","position":3,"name":"R\u00f3\u017cowy Flaming"}]},{"@type":"WebSite","@id":"https:\/\/msdesignstudio.eu\/#website","url":"https:\/\/msdesignstudio.eu\/","name":"Tapety na p\u0142\u00f3tnie - Unikatowe wzory tapet - MS Design Studio","description":"Sklep z tapetami na p\u0142\u00f3tnie Online. Znajdziecie u nas tylko autorskie tapety na najwy\u017cszej jako\u015bci p\u0142\u00f3tnie. Porady z zakresu dekoracji wn\u0119trz. Nasze tapety wysy\u0142amy kurierem do wi\u0119kszo\u015bci kraj\u00f3w.","publisher":{"@id":"https:\/\/msdesignstudio.eu\/#organization"},"potentialAction":[{"@type":"SearchAction","target":{"@type":"EntryPoint","urlTemplate":"https:\/\/msdesignstudio.eu\/?s={search_term_string}"},"query-input":{"@type":"PropertyValueSpecification","valueRequired":true,"valueName":"search_term_string"}}],"inLanguage":"en-GB"},{"@type":"Organization","@id":"https:\/\/msdesignstudio.eu\/#organization","name":"MS DESIGN STUDIO","url":"https:\/\/msdesignstudio.eu\/","logo":{"@type":"ImageObject","inLanguage":"en-GB","@id":"https:\/\/msdesignstudio.eu\/#\/schema\/logo\/image\/","url":"https:\/\/msdesignstudio.eu\/wp-content\/uploads\/2018\/05\/Salon-2-kwiaty2-FB.jpg","contentUrl":"https:\/\/msdesignstudio.eu\/wp-content\/uploads\/2018\/05\/Salon-2-kwiaty2-FB.jpg","width":1200,"height":630,"caption":"MS DESIGN STUDIO"},"image":{"@id":"https:\/\/msdesignstudio.eu\/#\/schema\/logo\/image\/"},"sameAs":["https:\/\/www.facebook.com\/MagdalenaSmielewskiDesign\/","https:\/\/www.instagram.com\/ms_design_studio\/"]}]}},"jetpack_sharing_enabled":true,"_links":{"self":[{"href":"https:\/\/msdesignstudio.eu\/en_gb\/wp-json\/wp\/v2\/product\/52313","targetHints":{"allow":["GET"]}}],"collection":[{"href":"https:\/\/msdesignstudio.eu\/en_gb\/wp-json\/wp\/v2\/product"}],"about":[{"href":"https:\/\/msdesignstudio.eu\/en_gb\/wp-json\/wp\/v2\/types\/product"}],"replies":[{"embeddable":true,"href":"https:\/\/msdesignstudio.eu\/en_gb\/wp-json\/wp\/v2\/comments?post=52313"}],"wp:featuredmedia":[{"embeddable":true,"href":"https:\/\/msdesignstudio.eu\/en_gb\/wp-json\/wp\/v2\/media\/53546"}],"wp:attachment":[{"href":"https:\/\/msdesignstudio.eu\/en_gb\/wp-json\/wp\/v2\/media?parent=52313"}],"wp:term":[{"taxonomy":"product_brand","embeddable":true,"href":"https:\/\/msdesignstudio.eu\/en_gb\/wp-json\/wp\/v2\/product_brand?post=52313"},{"taxonomy":"product_cat","embeddable":true,"href":"https:\/\/msdesignstudio.eu\/en_gb\/wp-json\/wp\/v2\/product_cat?post=52313"},{"taxonomy":"product_tag","embeddable":true,"href":"https:\/\/msdesignstudio.eu\/en_gb\/wp-json\/wp\/v2\/product_tag?post=52313"}],"curies":[{"name":"wp","href":"https:\/\/api.w.org\/{rel}","templated":true}]}}