{"id":53499,"date":"2025-10-22T13:07:33","date_gmt":"2025-10-22T11:07:33","guid":{"rendered":"https:\/\/msdesignstudio.eu\/?post_type=product&#038;p=53499"},"modified":"2026-04-23T19:40:09","modified_gmt":"2026-04-23T17:40:09","slug":"azja-4","status":"publish","type":"product","link":"https:\/\/msdesignstudio.eu\/en_gb\/product\/azja-4\/","title":{"rendered":"Zen Motion"},"content":{"rendered":"<p>\u201cZen Motion\u201d wallpaper is the essence of calm and modern elegance. Soft, blurred palm leaves in shades of gentle grey create a sense of fluid movement and light and shadow, bringing a unique lightness to the space. It\u2019s an ideal choice for interiors where tranquility, balance, and timeless style matter most.<\/p>\n<p>The minimalist, nature-inspired design fits beautifully within Japandi, modern organic, and contemporary luxury interiors. \u201cZen Motion\u201d wallpaper enhances bedrooms, living rooms, spa areas, or elegant home offices, creating an atmosphere of relaxation and refined sophistication.<\/p>\n<p>Each wallpaper is made to your wall\u2019s exact dimensions, ensuring a perfect fit and a cohesive, high-end visual effect. High-quality printing guarantees long-lasting color and an elegant, matte finish without light reflections.<\/p>\n<p>Why choose \u201cZen Motion\u201d?<br \/>\n\u2013 Subtle leaf pattern with a soft, blurred (soft shadow) effect<br \/>\n\u2013 neutralna, ponadczasowa kolorystyka<br \/>\n\u2013 Visually enlarges and brightens the space<br \/>\n\u2013 Ideal for minimalist and premium interiors<br \/>\n\u2013 Made to measure for your exact wall dimensions<\/p>\n<p>Application:<br \/>\nBedroom wallpaper, living room wallpaper, modern interior wallpaper, Japandi wallpaper, minimalist wallpaper, relaxation zone wallpaper, premium custom-made wallpaper<\/p>","protected":false},"excerpt":{"rendered":"<p>Luxury canvas wallpapers, made to the exact dimensions of your wall<\/p>","protected":false},"featured_media":53485,"comment_status":"open","ping_status":"closed","template":"","meta":{"_et_pb_use_builder":"","_et_pb_old_content":"","_et_gb_content_width":"","jetpack_post_was_ever_published":false},"product_brand":[],"product_cat":[110],"product_tag":[],"class_list":{"0":"post-53499","1":"product","2":"type-product","3":"status-publish","4":"has-post-thumbnail","6":"product_cat-azja","8":"first","9":"instock","10":"shipping-taxable","11":"purchasable","12":"product-type-simple"},"yoast_head":"<!-- This site is optimized with the Yoast SEO plugin v27.4 - https:\/\/yoast.com\/product\/yoast-seo-wordpress\/ -->\n<title>Zen Motion - Tapety na p\u0142\u00f3tnie - Unikatowe wzory tapet - MS Design Studio<\/title>\n<meta name=\"robots\" content=\"index, follow, max-snippet:-1, max-image-preview:large, max-video-preview:-1\" \/>\n<link rel=\"canonical\" href=\"https:\/\/msdesignstudio.eu\/en_gb\/product\/azja-4\/\" \/>\n<meta property=\"og:locale\" content=\"en_GB\" \/>\n<meta property=\"og:type\" content=\"article\" \/>\n<meta property=\"og:title\" content=\"Zen Motion - Tapety na p\u0142\u00f3tnie - Unikatowe wzory tapet - MS Design Studio\" \/>\n<meta property=\"og:description\" content=\"Luksusowe tapety drukowane na p\u0142\u00f3tnie, stworzone na dok\u0142adny wymiar Twojej \u015bciany\" \/>\n<meta property=\"og:url\" content=\"https:\/\/msdesignstudio.eu\/en_gb\/product\/azja-4\/\" \/>\n<meta property=\"og:site_name\" content=\"Tapety na p\u0142\u00f3tnie - Unikatowe wzory tapet - MS Design Studio\" \/>\n<meta property=\"article:publisher\" content=\"https:\/\/www.facebook.com\/MagdalenaSmielewskiDesign\/\" \/>\n<meta property=\"article:modified_time\" content=\"2026-04-23T17:40:09+00:00\" \/>\n<meta property=\"og:image\" content=\"https:\/\/msdesignstudio.eu\/wp-content\/uploads\/2025\/04\/orient-1.jpg\" \/>\n\t<meta property=\"og:image:width\" content=\"1024\" \/>\n\t<meta property=\"og:image:height\" content=\"1536\" \/>\n\t<meta property=\"og:image:type\" content=\"image\/jpeg\" \/>\n<meta name=\"twitter:card\" content=\"summary_large_image\" \/>\n<meta name=\"twitter:label1\" content=\"Estimated reading time\" \/>\n\t<meta name=\"twitter:data1\" content=\"1 minute\" \/>\n<script type=\"application\/ld+json\" class=\"yoast-schema-graph\">{\"@context\":\"https:\\\/\\\/schema.org\",\"@graph\":[{\"@type\":\"WebPage\",\"@id\":\"https:\\\/\\\/msdesignstudio.eu\\\/produkt\\\/azja-4\\\/\",\"url\":\"https:\\\/\\\/msdesignstudio.eu\\\/produkt\\\/azja-4\\\/\",\"name\":\"Zen Motion - Tapety na p\u0142\u00f3tnie - Unikatowe wzory tapet - MS Design Studio\",\"isPartOf\":{\"@id\":\"https:\\\/\\\/msdesignstudio.eu\\\/#website\"},\"primaryImageOfPage\":{\"@id\":\"https:\\\/\\\/msdesignstudio.eu\\\/produkt\\\/azja-4\\\/#primaryimage\"},\"image\":{\"@id\":\"https:\\\/\\\/msdesignstudio.eu\\\/produkt\\\/azja-4\\\/#primaryimage\"},\"thumbnailUrl\":\"https:\\\/\\\/msdesignstudio.eu\\\/wp-content\\\/uploads\\\/2025\\\/04\\\/orient-1.jpg\",\"datePublished\":\"2025-10-22T11:07:33+00:00\",\"dateModified\":\"2026-04-23T17:40:09+00:00\",\"breadcrumb\":{\"@id\":\"https:\\\/\\\/msdesignstudio.eu\\\/produkt\\\/azja-4\\\/#breadcrumb\"},\"inLanguage\":\"en-GB\",\"potentialAction\":[{\"@type\":\"ReadAction\",\"target\":[\"https:\\\/\\\/msdesignstudio.eu\\\/produkt\\\/azja-4\\\/\"]}]},{\"@type\":\"ImageObject\",\"inLanguage\":\"en-GB\",\"@id\":\"https:\\\/\\\/msdesignstudio.eu\\\/produkt\\\/azja-4\\\/#primaryimage\",\"url\":\"https:\\\/\\\/msdesignstudio.eu\\\/wp-content\\\/uploads\\\/2025\\\/04\\\/orient-1.jpg\",\"contentUrl\":\"https:\\\/\\\/msdesignstudio.eu\\\/wp-content\\\/uploads\\\/2025\\\/04\\\/orient-1.jpg\",\"width\":1024,\"height\":1536},{\"@type\":\"BreadcrumbList\",\"@id\":\"https:\\\/\\\/msdesignstudio.eu\\\/produkt\\\/azja-4\\\/#breadcrumb\",\"itemListElement\":[{\"@type\":\"ListItem\",\"position\":1,\"name\":\"Strona g\u0142\u00f3wna\",\"item\":\"https:\\\/\\\/msdesignstudio.eu\\\/\"},{\"@type\":\"ListItem\",\"position\":2,\"name\":\"Sklep\",\"item\":\"https:\\\/\\\/msdesignstudio.eu\\\/sklep\\\/\"},{\"@type\":\"ListItem\",\"position\":3,\"name\":\"Zen Motion\"}]},{\"@type\":\"WebSite\",\"@id\":\"https:\\\/\\\/msdesignstudio.eu\\\/#website\",\"url\":\"https:\\\/\\\/msdesignstudio.eu\\\/\",\"name\":\"Tapety na p\u0142\u00f3tnie - Unikatowe wzory tapet - MS Design Studio\",\"description\":\"Sklep z tapetami na p\u0142\u00f3tnie Online. Znajdziecie u nas tylko autorskie tapety na najwy\u017cszej jako\u015bci p\u0142\u00f3tnie. Porady z zakresu dekoracji wn\u0119trz. Nasze tapety wysy\u0142amy kurierem do wi\u0119kszo\u015bci kraj\u00f3w.\",\"publisher\":{\"@id\":\"https:\\\/\\\/msdesignstudio.eu\\\/#organization\"},\"potentialAction\":[{\"@type\":\"SearchAction\",\"target\":{\"@type\":\"EntryPoint\",\"urlTemplate\":\"https:\\\/\\\/msdesignstudio.eu\\\/?s={search_term_string}\"},\"query-input\":{\"@type\":\"PropertyValueSpecification\",\"valueRequired\":true,\"valueName\":\"search_term_string\"}}],\"inLanguage\":\"en-GB\"},{\"@type\":\"Organization\",\"@id\":\"https:\\\/\\\/msdesignstudio.eu\\\/#organization\",\"name\":\"MS DESIGN STUDIO\",\"url\":\"https:\\\/\\\/msdesignstudio.eu\\\/\",\"logo\":{\"@type\":\"ImageObject\",\"inLanguage\":\"en-GB\",\"@id\":\"https:\\\/\\\/msdesignstudio.eu\\\/#\\\/schema\\\/logo\\\/image\\\/\",\"url\":\"https:\\\/\\\/msdesignstudio.eu\\\/wp-content\\\/uploads\\\/2018\\\/05\\\/Salon-2-kwiaty2-FB.jpg\",\"contentUrl\":\"https:\\\/\\\/msdesignstudio.eu\\\/wp-content\\\/uploads\\\/2018\\\/05\\\/Salon-2-kwiaty2-FB.jpg\",\"width\":1200,\"height\":630,\"caption\":\"MS DESIGN STUDIO\"},\"image\":{\"@id\":\"https:\\\/\\\/msdesignstudio.eu\\\/#\\\/schema\\\/logo\\\/image\\\/\"},\"sameAs\":[\"https:\\\/\\\/www.facebook.com\\\/MagdalenaSmielewskiDesign\\\/\",\"https:\\\/\\\/www.instagram.com\\\/ms_design_studio\\\/\"]}]}<\/script>\n<!-- \/ Yoast SEO plugin. -->","yoast_head_json":{"title":"Zen Motion - Tapety na p\u0142\u00f3tnie - Unikatowe wzory tapet - MS Design Studio","robots":{"index":"index","follow":"follow","max-snippet":"max-snippet:-1","max-image-preview":"max-image-preview:large","max-video-preview":"max-video-preview:-1"},"canonical":"https:\/\/msdesignstudio.eu\/en_gb\/product\/azja-4\/","og_locale":"en_GB","og_type":"article","og_title":"Zen Motion - Tapety na p\u0142\u00f3tnie - Unikatowe wzory tapet - MS Design Studio","og_description":"Luksusowe tapety drukowane na p\u0142\u00f3tnie, stworzone na dok\u0142adny wymiar Twojej \u015bciany","og_url":"https:\/\/msdesignstudio.eu\/en_gb\/product\/azja-4\/","og_site_name":"Tapety na p\u0142\u00f3tnie - Unikatowe wzory tapet - MS Design Studio","article_publisher":"https:\/\/www.facebook.com\/MagdalenaSmielewskiDesign\/","article_modified_time":"2026-04-23T17:40:09+00:00","og_image":[{"width":1024,"height":1536,"url":"https:\/\/msdesignstudio.eu\/wp-content\/uploads\/2025\/04\/orient-1.jpg","type":"image\/jpeg"}],"twitter_card":"summary_large_image","twitter_misc":{"Estimated reading time":"1 minute"},"schema":{"@context":"https:\/\/schema.org","@graph":[{"@type":"WebPage","@id":"https:\/\/msdesignstudio.eu\/produkt\/azja-4\/","url":"https:\/\/msdesignstudio.eu\/produkt\/azja-4\/","name":"Zen Motion - Tapety na p\u0142\u00f3tnie - Unikatowe wzory tapet - MS Design Studio","isPartOf":{"@id":"https:\/\/msdesignstudio.eu\/#website"},"primaryImageOfPage":{"@id":"https:\/\/msdesignstudio.eu\/produkt\/azja-4\/#primaryimage"},"image":{"@id":"https:\/\/msdesignstudio.eu\/produkt\/azja-4\/#primaryimage"},"thumbnailUrl":"https:\/\/msdesignstudio.eu\/wp-content\/uploads\/2025\/04\/orient-1.jpg","datePublished":"2025-10-22T11:07:33+00:00","dateModified":"2026-04-23T17:40:09+00:00","breadcrumb":{"@id":"https:\/\/msdesignstudio.eu\/produkt\/azja-4\/#breadcrumb"},"inLanguage":"en-GB","potentialAction":[{"@type":"ReadAction","target":["https:\/\/msdesignstudio.eu\/produkt\/azja-4\/"]}]},{"@type":"ImageObject","inLanguage":"en-GB","@id":"https:\/\/msdesignstudio.eu\/produkt\/azja-4\/#primaryimage","url":"https:\/\/msdesignstudio.eu\/wp-content\/uploads\/2025\/04\/orient-1.jpg","contentUrl":"https:\/\/msdesignstudio.eu\/wp-content\/uploads\/2025\/04\/orient-1.jpg","width":1024,"height":1536},{"@type":"BreadcrumbList","@id":"https:\/\/msdesignstudio.eu\/produkt\/azja-4\/#breadcrumb","itemListElement":[{"@type":"ListItem","position":1,"name":"Strona g\u0142\u00f3wna","item":"https:\/\/msdesignstudio.eu\/"},{"@type":"ListItem","position":2,"name":"Sklep","item":"https:\/\/msdesignstudio.eu\/sklep\/"},{"@type":"ListItem","position":3,"name":"Zen Motion"}]},{"@type":"WebSite","@id":"https:\/\/msdesignstudio.eu\/#website","url":"https:\/\/msdesignstudio.eu\/","name":"Tapety na p\u0142\u00f3tnie - Unikatowe wzory tapet - MS Design Studio","description":"Sklep z tapetami na p\u0142\u00f3tnie Online. Znajdziecie u nas tylko autorskie tapety na najwy\u017cszej jako\u015bci p\u0142\u00f3tnie. Porady z zakresu dekoracji wn\u0119trz. Nasze tapety wysy\u0142amy kurierem do wi\u0119kszo\u015bci kraj\u00f3w.","publisher":{"@id":"https:\/\/msdesignstudio.eu\/#organization"},"potentialAction":[{"@type":"SearchAction","target":{"@type":"EntryPoint","urlTemplate":"https:\/\/msdesignstudio.eu\/?s={search_term_string}"},"query-input":{"@type":"PropertyValueSpecification","valueRequired":true,"valueName":"search_term_string"}}],"inLanguage":"en-GB"},{"@type":"Organization","@id":"https:\/\/msdesignstudio.eu\/#organization","name":"MS DESIGN STUDIO","url":"https:\/\/msdesignstudio.eu\/","logo":{"@type":"ImageObject","inLanguage":"en-GB","@id":"https:\/\/msdesignstudio.eu\/#\/schema\/logo\/image\/","url":"https:\/\/msdesignstudio.eu\/wp-content\/uploads\/2018\/05\/Salon-2-kwiaty2-FB.jpg","contentUrl":"https:\/\/msdesignstudio.eu\/wp-content\/uploads\/2018\/05\/Salon-2-kwiaty2-FB.jpg","width":1200,"height":630,"caption":"MS DESIGN STUDIO"},"image":{"@id":"https:\/\/msdesignstudio.eu\/#\/schema\/logo\/image\/"},"sameAs":["https:\/\/www.facebook.com\/MagdalenaSmielewskiDesign\/","https:\/\/www.instagram.com\/ms_design_studio\/"]}]}},"jetpack_sharing_enabled":true,"_links":{"self":[{"href":"https:\/\/msdesignstudio.eu\/en_gb\/wp-json\/wp\/v2\/product\/53499","targetHints":{"allow":["GET"]}}],"collection":[{"href":"https:\/\/msdesignstudio.eu\/en_gb\/wp-json\/wp\/v2\/product"}],"about":[{"href":"https:\/\/msdesignstudio.eu\/en_gb\/wp-json\/wp\/v2\/types\/product"}],"replies":[{"embeddable":true,"href":"https:\/\/msdesignstudio.eu\/en_gb\/wp-json\/wp\/v2\/comments?post=53499"}],"wp:featuredmedia":[{"embeddable":true,"href":"https:\/\/msdesignstudio.eu\/en_gb\/wp-json\/wp\/v2\/media\/53485"}],"wp:attachment":[{"href":"https:\/\/msdesignstudio.eu\/en_gb\/wp-json\/wp\/v2\/media?parent=53499"}],"wp:term":[{"taxonomy":"product_brand","embeddable":true,"href":"https:\/\/msdesignstudio.eu\/en_gb\/wp-json\/wp\/v2\/product_brand?post=53499"},{"taxonomy":"product_cat","embeddable":true,"href":"https:\/\/msdesignstudio.eu\/en_gb\/wp-json\/wp\/v2\/product_cat?post=53499"},{"taxonomy":"product_tag","embeddable":true,"href":"https:\/\/msdesignstudio.eu\/en_gb\/wp-json\/wp\/v2\/product_tag?post=53499"}],"curies":[{"name":"wp","href":"https:\/\/api.w.org\/{rel}","templated":true}]}}